{"id":12256,"date":"2025-07-30T09:22:50","date_gmt":"2025-07-30T13:22:50","guid":{"rendered":"https:\/\/pmecdvlangues.ca\/?post_type=product&#038;p=12256"},"modified":"2026-02-09T10:31:02","modified_gmt":"2026-02-09T15:31:02","slug":"cours-despagnol-niveau-debutant-a1-1-pour-agriculteurs-en-ligne-team-23-fevrier-au-15-avril","status":"publish","type":"product","link":"https:\/\/pmecdvlangues.ca\/es\/produit\/cours-despagnol-niveau-debutant-a1-1-pour-agriculteurs-en-ligne-team-23-fevrier-au-15-avril\/","title":{"rendered":"Cours d&#8217;espagnol niveau d\u00e9butant A1.1 pour agriculteurs en ligne sur TEAMS &#8211; Lundi et mercredi 18h30-20h30 &#8211; 23 f\u00e9vrier au 15 avril 2026"},"content":{"rendered":"","protected":false},"excerpt":{"rendered":"<p>Cours d&#8217;espagnol niveau d\u00e9butant A1.1 pour secteur agricole<\/p>\n<p>Objectif: Avoir une conversation de base en espagnol dans un contexte agricole<\/p>\n<p>Horaires: Lundi et mercredi 18h30-20h30<\/p>\n<p>Dates: 23 f\u00e9vrier au 15 avril 2026 (cong\u00e9 lundi 6 avril)<\/p>\n<p>&nbsp;<\/p>\n<p>Endroit: en ligne sur TEAMS<\/p>\n<p>Dur\u00e9e: 30 heures<\/p>\n<p>Co\u00fbt par participant: 225$ + taxes, incluant le livre d&#8217;espagnol<\/p>\n<p>-Minimum de 4 participants agricoles et maximum de 10 personnes<\/p>\n<p>Informations par courriel: felix@pmecdv.com ou t\u00e9l\u00e9phone: 450-465-9539 poste 1226<\/p>\n","protected":false},"featured_media":12017,"template":"","meta":{"_exactmetrics_skip_tracking":false,"_exactmetrics_sitenote_active":false,"_exactmetrics_sitenote_note":"","_exactmetrics_sitenote_category":0},"product_brand":[],"product_cat":[100],"product_tag":[],"class_list":{"0":"post-12256","1":"product","2":"type-product","3":"status-publish","4":"has-post-thumbnail","6":"product_cat-cours-espagnol-pour-agriculteur","8":"first","9":"instock","10":"taxable","11":"shipping-taxable","12":"purchasable","13":"product-type-simple"},"yoast_head":"<!-- This site is optimized with the Yoast SEO plugin v25.6 - https:\/\/yoast.com\/wordpress\/plugins\/seo\/ -->\n<title>Cours d&#039;espagnol niveau d\u00e9butant A1.1 pour agriculteurs en ligne sur TEAMS - Lundi et mercredi 18h30-20h30 - 23 f\u00e9vrier au 15 avril 2026 - PME CDV Langues<\/title>\n<meta name=\"description\" content=\"Cours d&#039;espagnol niveau d\u00e9butant - Objectif: Avoir une conversation de base en espagnol dans un contexte agricole\" \/>\n<meta name=\"robots\" content=\"index, follow, max-snippet:-1, max-image-preview:large, max-video-preview:-1\" \/>\n<link rel=\"canonical\" href=\"https:\/\/pmecdvlangues.ca\/es\/produit\/cours-despagnol-niveau-debutant-a1-1-pour-agriculteurs-en-ligne-team-23-fevrier-au-15-avril\/\" \/>\n<meta property=\"og:locale\" content=\"es_ES\" \/>\n<meta property=\"og:type\" content=\"article\" \/>\n<meta property=\"og:title\" content=\"Cours d&#039;espagnol niveau d\u00e9butant A1.1 pour agriculteurs en ligne sur TEAMS - Lundi et mercredi 18h30-20h30 - 23 f\u00e9vrier au 15 avril 2026 - PME CDV Langues\" \/>\n<meta property=\"og:description\" content=\"Cours d&#039;espagnol niveau d\u00e9butant - Objectif: Avoir une conversation de base en espagnol dans un contexte agricole\" \/>\n<meta property=\"og:url\" content=\"https:\/\/pmecdvlangues.ca\/es\/produit\/cours-despagnol-niveau-debutant-a1-1-pour-agriculteurs-en-ligne-team-23-fevrier-au-15-avril\/\" \/>\n<meta property=\"og:site_name\" content=\"PME CDV Langues\" \/>\n<meta property=\"article:publisher\" content=\"https:\/\/www.facebook.com\/PMECLIC\" \/>\n<meta property=\"article:modified_time\" content=\"2026-02-09T15:31:02+00:00\" \/>\n<meta property=\"og:image\" content=\"https:\/\/pmecdvlangues.ca\/wp-content\/uploads\/2023\/08\/pmcdv-ecole-de-langues.png\" \/>\n\t<meta property=\"og:image:width\" content=\"819\" \/>\n\t<meta property=\"og:image:height\" content=\"210\" \/>\n\t<meta property=\"og:image:type\" content=\"image\/png\" \/>\n<meta name=\"twitter:card\" content=\"summary_large_image\" \/>\n<meta name=\"twitter:label1\" content=\"Tiempo de lectura\" \/>\n\t<meta name=\"twitter:data1\" content=\"1 minuto\" \/>\n<script type=\"application\/ld+json\" class=\"yoast-schema-graph\">{\"@context\":\"https:\/\/schema.org\",\"@graph\":[{\"@type\":\"WebPage\",\"@id\":\"https:\/\/pmecdvlangues.ca\/es\/produit\/cours-despagnol-niveau-debutant-a1-1-pour-agriculteurs-en-ligne-team-23-fevrier-au-15-avril\/\",\"url\":\"https:\/\/pmecdvlangues.ca\/es\/produit\/cours-despagnol-niveau-debutant-a1-1-pour-agriculteurs-en-ligne-team-23-fevrier-au-15-avril\/\",\"name\":\"Cours d'espagnol niveau d\u00e9butant A1.1 pour agriculteurs en ligne sur TEAMS - Lundi et mercredi 18h30-20h30 - 23 f\u00e9vrier au 15 avril 2026 - PME CDV Langues\",\"isPartOf\":{\"@id\":\"https:\/\/pmecdvlangues.ca\/es\/#website\"},\"primaryImageOfPage\":{\"@id\":\"https:\/\/pmecdvlangues.ca\/es\/produit\/cours-despagnol-niveau-debutant-a1-1-pour-agriculteurs-en-ligne-team-23-fevrier-au-15-avril\/#primaryimage\"},\"image\":{\"@id\":\"https:\/\/pmecdvlangues.ca\/es\/produit\/cours-despagnol-niveau-debutant-a1-1-pour-agriculteurs-en-ligne-team-23-fevrier-au-15-avril\/#primaryimage\"},\"thumbnailUrl\":\"https:\/\/pmecdvlangues.ca\/wp-content\/uploads\/2023\/08\/pmcdv-ecole-de-langues.png\",\"datePublished\":\"2025-07-30T13:22:50+00:00\",\"dateModified\":\"2026-02-09T15:31:02+00:00\",\"description\":\"Cours d'espagnol niveau d\u00e9butant - Objectif: Avoir une conversation de base en espagnol dans un contexte agricole\",\"breadcrumb\":{\"@id\":\"https:\/\/pmecdvlangues.ca\/es\/produit\/cours-despagnol-niveau-debutant-a1-1-pour-agriculteurs-en-ligne-team-23-fevrier-au-15-avril\/#breadcrumb\"},\"inLanguage\":\"es\",\"potentialAction\":[{\"@type\":\"ReadAction\",\"target\":[\"https:\/\/pmecdvlangues.ca\/es\/produit\/cours-despagnol-niveau-debutant-a1-1-pour-agriculteurs-en-ligne-team-23-fevrier-au-15-avril\/\"]}]},{\"@type\":\"ImageObject\",\"inLanguage\":\"es\",\"@id\":\"https:\/\/pmecdvlangues.ca\/es\/produit\/cours-despagnol-niveau-debutant-a1-1-pour-agriculteurs-en-ligne-team-23-fevrier-au-15-avril\/#primaryimage\",\"url\":\"https:\/\/pmecdvlangues.ca\/wp-content\/uploads\/2023\/08\/pmcdv-ecole-de-langues.png\",\"contentUrl\":\"https:\/\/pmecdvlangues.ca\/wp-content\/uploads\/2023\/08\/pmcdv-ecole-de-langues.png\",\"width\":819,\"height\":210},{\"@type\":\"BreadcrumbList\",\"@id\":\"https:\/\/pmecdvlangues.ca\/es\/produit\/cours-despagnol-niveau-debutant-a1-1-pour-agriculteurs-en-ligne-team-23-fevrier-au-15-avril\/#breadcrumb\",\"itemListElement\":[{\"@type\":\"ListItem\",\"position\":1,\"name\":\"Home\",\"item\":\"https:\/\/pmecdvlangues.ca\/es\/\"},{\"@type\":\"ListItem\",\"position\":2,\"name\":\"Achat de cours\",\"item\":\"https:\/\/pmecdvlangues.ca\/achat-de-cours\/\"},{\"@type\":\"ListItem\",\"position\":3,\"name\":\"Cours d&#8217;espagnol niveau d\u00e9butant A1.1 pour agriculteurs en ligne sur TEAMS &#8211; Lundi et mercredi 18h30-20h30 &#8211; 23 f\u00e9vrier au 15 avril 2026\"}]},{\"@type\":\"WebSite\",\"@id\":\"https:\/\/pmecdvlangues.ca\/es\/#website\",\"url\":\"https:\/\/pmecdvlangues.ca\/es\/\",\"name\":\"PME CDV Langues\",\"description\":\"\",\"publisher\":{\"@id\":\"https:\/\/pmecdvlangues.ca\/es\/#organization\"},\"potentialAction\":[{\"@type\":\"SearchAction\",\"target\":{\"@type\":\"EntryPoint\",\"urlTemplate\":\"https:\/\/pmecdvlangues.ca\/es\/?s={search_term_string}\"},\"query-input\":{\"@type\":\"PropertyValueSpecification\",\"valueRequired\":true,\"valueName\":\"search_term_string\"}}],\"inLanguage\":\"es\"},{\"@type\":\"Organization\",\"@id\":\"https:\/\/pmecdvlangues.ca\/es\/#organization\",\"name\":\"CLIC Mont\u00e9r\u00e9gie\",\"url\":\"https:\/\/pmecdvlangues.ca\/es\/\",\"logo\":{\"@type\":\"ImageObject\",\"inLanguage\":\"es\",\"@id\":\"https:\/\/pmecdvlangues.ca\/es\/#\/schema\/logo\/image\/\",\"url\":\"https:\/\/pmecdvlangues.ca\/wp-content\/uploads\/2021\/01\/logo-clic.jpg\",\"contentUrl\":\"https:\/\/pmecdvlangues.ca\/wp-content\/uploads\/2021\/01\/logo-clic.jpg\",\"width\":1000,\"height\":1000,\"caption\":\"CLIC Mont\u00e9r\u00e9gie\"},\"image\":{\"@id\":\"https:\/\/pmecdvlangues.ca\/es\/#\/schema\/logo\/image\/\"},\"sameAs\":[\"https:\/\/www.facebook.com\/PMECLIC\"]}]}<\/script>\n<!-- \/ Yoast SEO plugin. -->","yoast_head_json":{"title":"Cours d'espagnol niveau d\u00e9butant A1.1 pour agriculteurs en ligne sur TEAMS - Lundi et mercredi 18h30-20h30 - 23 f\u00e9vrier au 15 avril 2026 - PME CDV Langues","description":"Cours d'espagnol niveau d\u00e9butant - Objectif: Avoir une conversation de base en espagnol dans un contexte agricole","robots":{"index":"index","follow":"follow","max-snippet":"max-snippet:-1","max-image-preview":"max-image-preview:large","max-video-preview":"max-video-preview:-1"},"canonical":"https:\/\/pmecdvlangues.ca\/es\/produit\/cours-despagnol-niveau-debutant-a1-1-pour-agriculteurs-en-ligne-team-23-fevrier-au-15-avril\/","og_locale":"es_ES","og_type":"article","og_title":"Cours d'espagnol niveau d\u00e9butant A1.1 pour agriculteurs en ligne sur TEAMS - Lundi et mercredi 18h30-20h30 - 23 f\u00e9vrier au 15 avril 2026 - PME CDV Langues","og_description":"Cours d'espagnol niveau d\u00e9butant - Objectif: Avoir une conversation de base en espagnol dans un contexte agricole","og_url":"https:\/\/pmecdvlangues.ca\/es\/produit\/cours-despagnol-niveau-debutant-a1-1-pour-agriculteurs-en-ligne-team-23-fevrier-au-15-avril\/","og_site_name":"PME CDV Langues","article_publisher":"https:\/\/www.facebook.com\/PMECLIC","article_modified_time":"2026-02-09T15:31:02+00:00","og_image":[{"width":819,"height":210,"url":"https:\/\/pmecdvlangues.ca\/wp-content\/uploads\/2023\/08\/pmcdv-ecole-de-langues.png","type":"image\/png"}],"twitter_card":"summary_large_image","twitter_misc":{"Tiempo de lectura":"1 minuto"},"schema":{"@context":"https:\/\/schema.org","@graph":[{"@type":"WebPage","@id":"https:\/\/pmecdvlangues.ca\/es\/produit\/cours-despagnol-niveau-debutant-a1-1-pour-agriculteurs-en-ligne-team-23-fevrier-au-15-avril\/","url":"https:\/\/pmecdvlangues.ca\/es\/produit\/cours-despagnol-niveau-debutant-a1-1-pour-agriculteurs-en-ligne-team-23-fevrier-au-15-avril\/","name":"Cours d'espagnol niveau d\u00e9butant A1.1 pour agriculteurs en ligne sur TEAMS - Lundi et mercredi 18h30-20h30 - 23 f\u00e9vrier au 15 avril 2026 - PME CDV Langues","isPartOf":{"@id":"https:\/\/pmecdvlangues.ca\/es\/#website"},"primaryImageOfPage":{"@id":"https:\/\/pmecdvlangues.ca\/es\/produit\/cours-despagnol-niveau-debutant-a1-1-pour-agriculteurs-en-ligne-team-23-fevrier-au-15-avril\/#primaryimage"},"image":{"@id":"https:\/\/pmecdvlangues.ca\/es\/produit\/cours-despagnol-niveau-debutant-a1-1-pour-agriculteurs-en-ligne-team-23-fevrier-au-15-avril\/#primaryimage"},"thumbnailUrl":"https:\/\/pmecdvlangues.ca\/wp-content\/uploads\/2023\/08\/pmcdv-ecole-de-langues.png","datePublished":"2025-07-30T13:22:50+00:00","dateModified":"2026-02-09T15:31:02+00:00","description":"Cours d'espagnol niveau d\u00e9butant - Objectif: Avoir une conversation de base en espagnol dans un contexte agricole","breadcrumb":{"@id":"https:\/\/pmecdvlangues.ca\/es\/produit\/cours-despagnol-niveau-debutant-a1-1-pour-agriculteurs-en-ligne-team-23-fevrier-au-15-avril\/#breadcrumb"},"inLanguage":"es","potentialAction":[{"@type":"ReadAction","target":["https:\/\/pmecdvlangues.ca\/es\/produit\/cours-despagnol-niveau-debutant-a1-1-pour-agriculteurs-en-ligne-team-23-fevrier-au-15-avril\/"]}]},{"@type":"ImageObject","inLanguage":"es","@id":"https:\/\/pmecdvlangues.ca\/es\/produit\/cours-despagnol-niveau-debutant-a1-1-pour-agriculteurs-en-ligne-team-23-fevrier-au-15-avril\/#primaryimage","url":"https:\/\/pmecdvlangues.ca\/wp-content\/uploads\/2023\/08\/pmcdv-ecole-de-langues.png","contentUrl":"https:\/\/pmecdvlangues.ca\/wp-content\/uploads\/2023\/08\/pmcdv-ecole-de-langues.png","width":819,"height":210},{"@type":"BreadcrumbList","@id":"https:\/\/pmecdvlangues.ca\/es\/produit\/cours-despagnol-niveau-debutant-a1-1-pour-agriculteurs-en-ligne-team-23-fevrier-au-15-avril\/#breadcrumb","itemListElement":[{"@type":"ListItem","position":1,"name":"Home","item":"https:\/\/pmecdvlangues.ca\/es\/"},{"@type":"ListItem","position":2,"name":"Achat de cours","item":"https:\/\/pmecdvlangues.ca\/achat-de-cours\/"},{"@type":"ListItem","position":3,"name":"Cours d&#8217;espagnol niveau d\u00e9butant A1.1 pour agriculteurs en ligne sur TEAMS &#8211; Lundi et mercredi 18h30-20h30 &#8211; 23 f\u00e9vrier au 15 avril 2026"}]},{"@type":"WebSite","@id":"https:\/\/pmecdvlangues.ca\/es\/#website","url":"https:\/\/pmecdvlangues.ca\/es\/","name":"PME CDV Langues","description":"","publisher":{"@id":"https:\/\/pmecdvlangues.ca\/es\/#organization"},"potentialAction":[{"@type":"SearchAction","target":{"@type":"EntryPoint","urlTemplate":"https:\/\/pmecdvlangues.ca\/es\/?s={search_term_string}"},"query-input":{"@type":"PropertyValueSpecification","valueRequired":true,"valueName":"search_term_string"}}],"inLanguage":"es"},{"@type":"Organization","@id":"https:\/\/pmecdvlangues.ca\/es\/#organization","name":"CLIC Mont\u00e9r\u00e9gie","url":"https:\/\/pmecdvlangues.ca\/es\/","logo":{"@type":"ImageObject","inLanguage":"es","@id":"https:\/\/pmecdvlangues.ca\/es\/#\/schema\/logo\/image\/","url":"https:\/\/pmecdvlangues.ca\/wp-content\/uploads\/2021\/01\/logo-clic.jpg","contentUrl":"https:\/\/pmecdvlangues.ca\/wp-content\/uploads\/2021\/01\/logo-clic.jpg","width":1000,"height":1000,"caption":"CLIC Mont\u00e9r\u00e9gie"},"image":{"@id":"https:\/\/pmecdvlangues.ca\/es\/#\/schema\/logo\/image\/"},"sameAs":["https:\/\/www.facebook.com\/PMECLIC"]}]}},"_links":{"self":[{"href":"https:\/\/pmecdvlangues.ca\/es\/wp-json\/wp\/v2\/product\/12256","targetHints":{"allow":["GET"]}}],"collection":[{"href":"https:\/\/pmecdvlangues.ca\/es\/wp-json\/wp\/v2\/product"}],"about":[{"href":"https:\/\/pmecdvlangues.ca\/es\/wp-json\/wp\/v2\/types\/product"}],"wp:featuredmedia":[{"embeddable":true,"href":"https:\/\/pmecdvlangues.ca\/es\/wp-json\/wp\/v2\/media\/12017"}],"wp:attachment":[{"href":"https:\/\/pmecdvlangues.ca\/es\/wp-json\/wp\/v2\/media?parent=12256"}],"wp:term":[{"taxonomy":"product_brand","embeddable":true,"href":"https:\/\/pmecdvlangues.ca\/es\/wp-json\/wp\/v2\/product_brand?post=12256"},{"taxonomy":"product_cat","embeddable":true,"href":"https:\/\/pmecdvlangues.ca\/es\/wp-json\/wp\/v2\/product_cat?post=12256"},{"taxonomy":"product_tag","embeddable":true,"href":"https:\/\/pmecdvlangues.ca\/es\/wp-json\/wp\/v2\/product_tag?post=12256"}],"curies":[{"name":"wp","href":"https:\/\/api.w.org\/{rel}","templated":true}]}}