{"id":12528,"date":"2025-11-21T12:56:36","date_gmt":"2025-11-21T17:56:36","guid":{"rendered":"https:\/\/pmecdvlangues.ca\/maritimes\/"},"modified":"2025-12-01T11:56:59","modified_gmt":"2025-12-01T16:56:59","slug":"maritimas","status":"publish","type":"page","link":"https:\/\/pmecdvlangues.ca\/es\/maritimas\/","title":{"rendered":"Mar\u00edtimas"},"content":{"rendered":"\t\t<div data-elementor-type=\"wp-page\" data-elementor-id=\"12528\" class=\"elementor elementor-12528 elementor-12333\" data-elementor-settings=\"[]\">\n\t\t\t\t\t\t<div class=\"elementor-inner\">\n\t\t\t\t\t\t\t<div class=\"elementor-section-wrap\">\n\t\t\t\t\t\t\t<section class=\"elementor-section elementor-top-section elementor-element elementor-element-43633c5 elementor-section-content-middle elementor-section-boxed elementor-section-height-default elementor-section-height-default\" data-id=\"43633c5\" data-element_type=\"section\">\n\t\t\t\t\t\t<div class=\"elementor-container elementor-column-gap-default\">\n\t\t\t\t\t\t\t<div class=\"elementor-row\">\n\t\t\t\t\t<div class=\"elementor-column elementor-col-100 elementor-top-column elementor-element elementor-element-710e116\" data-id=\"710e116\" data-element_type=\"column\">\n\t\t\t<div class=\"elementor-column-wrap elementor-element-populated\">\n\t\t\t\t\t\t\t<div class=\"elementor-widget-wrap\">\n\t\t\t\t\t\t<div class=\"elementor-element elementor-element-ee519a0 elementor-widget elementor-widget-rs-heading\" data-id=\"ee519a0\" data-element_type=\"widget\" data-widget_type=\"rs-heading.default\">\n\t\t\t\t<div class=\"elementor-widget-container\">\n\t\t\t        <div class=\"rs-heading default center\">\r\n        \t<div class=\"title-inner\">\r\n        \t\t      \t\t\r\n\t            <h2 class=\"title\"><span class=\"watermark\"><\/span>Cursos de idiomas en las Provincias Mar\u00edtimas<\/h2>\t        <\/div>\r\n\t                    \t<div class=\"description\">\r\n            \t\t<p><strong>Desde la adopci\u00f3n de la Ley 96 de Quebec en 2022 y de la Ley C-13 en Canad\u00e1 en 2025, el idioma franc\u00e9s ocupa un lugar reforzado en los entornos laborales. El art\u00edculo 46 de la Ley 96 exige ahora que las empresas canadienses garanticen que sus empleados sean capaces de comunicarse en franc\u00e9s con los clientes franc\u00f3fonos de Canad\u00e1.<\/strong><\/p>            \t\t\r\n            \t<\/div>\r\n        \t        <\/div>\r\n        \t\t<\/div>\n\t\t\t\t<\/div>\n\t\t\t\t\t\t<\/div>\n\t\t\t\t\t<\/div>\n\t\t<\/div>\n\t\t\t\t\t\t\t\t<\/div>\n\t\t\t\t\t<\/div>\n\t\t<\/section>\n\t\t\t\t<section class=\"elementor-section elementor-top-section elementor-element elementor-element-16d21b7 elementor-section-content-middle elementor-section-boxed elementor-section-height-default elementor-section-height-default\" data-id=\"16d21b7\" data-element_type=\"section\">\n\t\t\t\t\t\t<div class=\"elementor-container elementor-column-gap-default\">\n\t\t\t\t\t\t\t<div class=\"elementor-row\">\n\t\t\t\t\t<div class=\"elementor-column elementor-col-50 elementor-top-column elementor-element elementor-element-65b17db\" data-id=\"65b17db\" data-element_type=\"column\">\n\t\t\t<div class=\"elementor-column-wrap elementor-element-populated\">\n\t\t\t\t\t\t\t<div class=\"elementor-widget-wrap\">\n\t\t\t\t\t\t<div class=\"elementor-element elementor-element-42aa673 elementor-widget elementor-widget-rs-heading\" data-id=\"42aa673\" data-element_type=\"widget\" data-widget_type=\"rs-heading.default\">\n\t\t\t\t<div class=\"elementor-widget-container\">\n\t\t\t        <div class=\"rs-heading default \">\r\n        \t<div class=\"title-inner\">\r\n        \t\t      \t\t\r\n\t            \t        <\/div>\r\n\t                    \t<div class=\"description\">\r\n            \t\t<strong>Formaci\u00f3n ling\u00fc\u00edstica adaptada a las realidades de las Provincias Mar\u00edtimas<\/strong>\n\nPMECDV Lenguas apoya a las empresas de las provincias atl\u00e1nticas mediante formaciones en franc\u00e9s, ingl\u00e9s y espa\u00f1ol dise\u00f1adas para mejorar la comunicaci\u00f3n en el entorno laboral. Nuestro enfoque tiene en cuenta las necesidades particulares de Nuevo Brunswick, Nueva Escocia, la Isla del Pr\u00edncipe Eduardo y Terranova y Labrador, donde el biling\u00fcismo y la mano de obra internacional ocupan un papel cada vez m\u00e1s importante.            \t\t\r\n            \t<\/div>\r\n        \t        <\/div>\r\n        \t\t<\/div>\n\t\t\t\t<\/div>\n\t\t\t\t\t\t<\/div>\n\t\t\t\t\t<\/div>\n\t\t<\/div>\n\t\t\t\t<div class=\"elementor-column elementor-col-50 elementor-top-column elementor-element elementor-element-7278671\" data-id=\"7278671\" data-element_type=\"column\">\n\t\t\t<div class=\"elementor-column-wrap elementor-element-populated\">\n\t\t\t\t\t\t\t<div class=\"elementor-widget-wrap\">\n\t\t\t\t\t\t<div class=\"elementor-element elementor-element-a1c70b2 elementor-widget elementor-widget-image\" data-id=\"a1c70b2\" data-element_type=\"widget\" data-widget_type=\"image.default\">\n\t\t\t\t<div class=\"elementor-widget-container\">\n\t\t\t\t\t\t\t\t<div class=\"elementor-image\">\n\t\t\t\t\t\t\t\t\t\t\t\t<img loading=\"lazy\" decoding=\"async\" width=\"640\" height=\"478\" src=\"https:\/\/pmecdvlangues.ca\/wp-content\/uploads\/2025\/11\/cours-de-langues-moncto.webp\" class=\"attachment-large size-large\" alt=\"cours de langues moncto\" srcset=\"https:\/\/pmecdvlangues.ca\/wp-content\/uploads\/2025\/11\/cours-de-langues-moncto.webp 800w, https:\/\/pmecdvlangues.ca\/wp-content\/uploads\/2025\/11\/cours-de-langues-moncto-300x224.webp 300w, https:\/\/pmecdvlangues.ca\/wp-content\/uploads\/2025\/11\/cours-de-langues-moncto-768x573.webp 768w, https:\/\/pmecdvlangues.ca\/wp-content\/uploads\/2025\/11\/cours-de-langues-moncto-600x448.webp 600w\" sizes=\"auto, (max-width: 640px) 100vw, 640px\" \/>\t\t\t\t\t\t\t\t\t\t\t\t\t\t<\/div>\n\t\t\t\t\t\t<\/div>\n\t\t\t\t<\/div>\n\t\t\t\t\t\t<\/div>\n\t\t\t\t\t<\/div>\n\t\t<\/div>\n\t\t\t\t\t\t\t\t<\/div>\n\t\t\t\t\t<\/div>\n\t\t<\/section>\n\t\t\t\t<section class=\"elementor-section elementor-top-section elementor-element elementor-element-669b868 elementor-section-content-middle elementor-section-boxed elementor-section-height-default elementor-section-height-default\" data-id=\"669b868\" data-element_type=\"section\">\n\t\t\t\t\t\t<div class=\"elementor-container elementor-column-gap-default\">\n\t\t\t\t\t\t\t<div class=\"elementor-row\">\n\t\t\t\t\t<div class=\"elementor-column elementor-col-50 elementor-top-column elementor-element elementor-element-08b5fb6\" data-id=\"08b5fb6\" data-element_type=\"column\">\n\t\t\t<div class=\"elementor-column-wrap elementor-element-populated\">\n\t\t\t\t\t\t\t<div class=\"elementor-widget-wrap\">\n\t\t\t\t\t\t<div class=\"elementor-element elementor-element-dd797ce elementor-widget elementor-widget-image\" data-id=\"dd797ce\" data-element_type=\"widget\" data-widget_type=\"image.default\">\n\t\t\t\t<div class=\"elementor-widget-container\">\n\t\t\t\t\t\t\t\t<div class=\"elementor-image\">\n\t\t\t\t\t\t\t\t\t\t\t\t<img loading=\"lazy\" decoding=\"async\" width=\"640\" height=\"475\" src=\"https:\/\/pmecdvlangues.ca\/wp-content\/uploads\/2025\/11\/cours-de-langues-ile-du-prince-edouard.webp\" class=\"attachment-large size-large\" alt=\"cours de langues ile du prince edouard\" srcset=\"https:\/\/pmecdvlangues.ca\/wp-content\/uploads\/2025\/11\/cours-de-langues-ile-du-prince-edouard.webp 800w, https:\/\/pmecdvlangues.ca\/wp-content\/uploads\/2025\/11\/cours-de-langues-ile-du-prince-edouard-300x223.webp 300w, https:\/\/pmecdvlangues.ca\/wp-content\/uploads\/2025\/11\/cours-de-langues-ile-du-prince-edouard-768x570.webp 768w, https:\/\/pmecdvlangues.ca\/wp-content\/uploads\/2025\/11\/cours-de-langues-ile-du-prince-edouard-600x446.webp 600w\" sizes=\"auto, (max-width: 640px) 100vw, 640px\" \/>\t\t\t\t\t\t\t\t\t\t\t\t\t\t<\/div>\n\t\t\t\t\t\t<\/div>\n\t\t\t\t<\/div>\n\t\t\t\t\t\t<\/div>\n\t\t\t\t\t<\/div>\n\t\t<\/div>\n\t\t\t\t<div class=\"elementor-column elementor-col-50 elementor-top-column elementor-element elementor-element-1f154cf\" data-id=\"1f154cf\" data-element_type=\"column\">\n\t\t\t<div class=\"elementor-column-wrap elementor-element-populated\">\n\t\t\t\t\t\t\t<div class=\"elementor-widget-wrap\">\n\t\t\t\t\t\t<div class=\"elementor-element elementor-element-a30533b elementor-widget elementor-widget-rs-heading\" data-id=\"a30533b\" data-element_type=\"widget\" data-widget_type=\"rs-heading.default\">\n\t\t\t\t<div class=\"elementor-widget-container\">\n\t\t\t        <div class=\"rs-heading default \">\r\n        \t<div class=\"title-inner\">\r\n        \t\t      \t\t\r\n\t            \t        <\/div>\r\n\t                    \t<div class=\"description\">\r\n            \t\t<p><strong>Una experiencia \u00fanica para una mano de obra diversa<\/strong><\/p><p>Los empleadores de las Provincias Mar\u00edtimas deben gestionar equipos multiculturales, trabajadores internacionales y obligaciones biling\u00fces, especialmente en Nuevo Brunswick. Nuestros programas a medida responden a estos desaf\u00edos: ingl\u00e9s para empleados inmigrantes, franc\u00e9s para empresas angl\u00f3fonas y espa\u00f1ol para supervisores agr\u00edcolas. Todas estas formaciones se centran en la comunicaci\u00f3n intercultural y en las necesidades operativas reales.<\/p>            \t\t\r\n            \t<\/div>\r\n        \t        <\/div>\r\n        \t\t<\/div>\n\t\t\t\t<\/div>\n\t\t\t\t\t\t<\/div>\n\t\t\t\t\t<\/div>\n\t\t<\/div>\n\t\t\t\t\t\t\t\t<\/div>\n\t\t\t\t\t<\/div>\n\t\t<\/section>\n\t\t\t\t<section class=\"elementor-section elementor-top-section elementor-element elementor-element-ef24572 elementor-section-content-middle elementor-section-boxed elementor-section-height-default elementor-section-height-default\" data-id=\"ef24572\" data-element_type=\"section\">\n\t\t\t\t\t\t<div class=\"elementor-container elementor-column-gap-default\">\n\t\t\t\t\t\t\t<div class=\"elementor-row\">\n\t\t\t\t\t<div class=\"elementor-column elementor-col-50 elementor-top-column elementor-element elementor-element-de22996\" data-id=\"de22996\" data-element_type=\"column\">\n\t\t\t<div class=\"elementor-column-wrap elementor-element-populated\">\n\t\t\t\t\t\t\t<div class=\"elementor-widget-wrap\">\n\t\t\t\t\t\t<div class=\"elementor-element elementor-element-9470454 elementor-widget elementor-widget-rs-heading\" data-id=\"9470454\" data-element_type=\"widget\" data-widget_type=\"rs-heading.default\">\n\t\t\t\t<div class=\"elementor-widget-container\">\n\t\t\t        <div class=\"rs-heading default \">\r\n        \t<div class=\"title-inner\">\r\n        \t\t      \t\t\r\n\t            \t        <\/div>\r\n\t                    \t<div class=\"description\">\r\n            \t\t<p><strong>Soluciones flexibles para todos los sectores clave<\/strong><\/p><p>Acompa\u00f1amos a las organizaciones de los sectores prioritarios de la regi\u00f3n: salud, centros de llamadas, agroalimentario, transformaci\u00f3n, log\u00edstica, turismo, educaci\u00f3n y recursos naturales. Nuestras formaciones de 10 a 40 horas, ofrecidas en l\u00ednea o en formato h\u00edbrido, permiten mejorar r\u00e1pidamente la comunicaci\u00f3n interna y apoyar la productividad en un entorno multiling\u00fce.<\/p><p><strong>Nuestra misi\u00f3n:<\/strong> ayudar a su organizaci\u00f3n a comunicarse mejor, integrar m\u00e1s eficazmente a sus equipos y servir mejor a su clientela en todas las Provincias Mar\u00edtimas.<\/p>            \t\t\r\n            \t<\/div>\r\n        \t        <\/div>\r\n        \t\t<\/div>\n\t\t\t\t<\/div>\n\t\t\t\t\t\t<\/div>\n\t\t\t\t\t<\/div>\n\t\t<\/div>\n\t\t\t\t<div class=\"elementor-column elementor-col-50 elementor-top-column elementor-element elementor-element-942eabb\" data-id=\"942eabb\" data-element_type=\"column\">\n\t\t\t<div class=\"elementor-column-wrap elementor-element-populated\">\n\t\t\t\t\t\t\t<div class=\"elementor-widget-wrap\">\n\t\t\t\t\t\t<div class=\"elementor-element elementor-element-d86f85b elementor-widget elementor-widget-image\" data-id=\"d86f85b\" data-element_type=\"widget\" data-widget_type=\"image.default\">\n\t\t\t\t<div class=\"elementor-widget-container\">\n\t\t\t\t\t\t\t\t<div class=\"elementor-image\">\n\t\t\t\t\t\t\t\t\t\t\t\t<img loading=\"lazy\" decoding=\"async\" width=\"640\" height=\"480\" src=\"https:\/\/pmecdvlangues.ca\/wp-content\/uploads\/2025\/11\/cours-de-langues-st-john-Terre-Neuve.jpg\" class=\"attachment-large size-large\" alt=\"cours de langues st-john Terre-Neuve\" srcset=\"https:\/\/pmecdvlangues.ca\/wp-content\/uploads\/2025\/11\/cours-de-langues-st-john-Terre-Neuve.jpg 800w, https:\/\/pmecdvlangues.ca\/wp-content\/uploads\/2025\/11\/cours-de-langues-st-john-Terre-Neuve-300x225.jpg 300w, https:\/\/pmecdvlangues.ca\/wp-content\/uploads\/2025\/11\/cours-de-langues-st-john-Terre-Neuve-768x576.jpg 768w, https:\/\/pmecdvlangues.ca\/wp-content\/uploads\/2025\/11\/cours-de-langues-st-john-Terre-Neuve-600x450.jpg 600w\" sizes=\"auto, (max-width: 640px) 100vw, 640px\" \/>\t\t\t\t\t\t\t\t\t\t\t\t\t\t<\/div>\n\t\t\t\t\t\t<\/div>\n\t\t\t\t<\/div>\n\t\t\t\t\t\t<\/div>\n\t\t\t\t\t<\/div>\n\t\t<\/div>\n\t\t\t\t\t\t\t\t<\/div>\n\t\t\t\t\t<\/div>\n\t\t<\/section>\n\t\t\t\t\t\t<\/div>\n\t\t\t\t\t\t<\/div>\n\t\t\t\t\t<\/div>\n\t\t","protected":false},"excerpt":{"rendered":"<p>Cursos de idiomas en las Provincias Mar\u00edtimas Desde la adopci\u00f3n de la Ley 96 de Quebec en 2022 y de la Ley C-13 en Canad\u00e1 en 2025, el idioma franc\u00e9s ocupa un lugar reforzado en los entornos laborales. El art\u00edculo 46 de la Ley 96 exige ahora que las empresas canadienses garanticen que sus empleados&#8230;<\/p>\n","protected":false},"author":1,"featured_media":0,"parent":0,"menu_order":0,"comment_status":"closed","ping_status":"closed","template":"","meta":{"_exactmetrics_skip_tracking":false,"_exactmetrics_sitenote_active":false,"_exactmetrics_sitenote_note":"","_exactmetrics_sitenote_category":0,"footnotes":""},"class_list":["post-12528","page","type-page","status-publish","hentry"],"yoast_head":"<!-- This site is optimized with the Yoast SEO plugin v25.6 - https:\/\/yoast.com\/wordpress\/plugins\/seo\/ -->\n<title>Mar\u00edtimas - PME CDV Langues | \u00c9cole de langues<\/title>\n<meta name=\"description\" content=\"Depuis l\u2019adoption de la Loi 96 du Qu\u00e9bec en 2022 et la loi C-13 au Canada en 2025, la langue fran\u00e7aise occupe une place renforc\u00e9e dans les milieux de travail\" \/>\n<meta name=\"robots\" content=\"index, follow, max-snippet:-1, max-image-preview:large, max-video-preview:-1\" \/>\n<link rel=\"canonical\" href=\"https:\/\/pmecdvlangues.ca\/es\/maritimas\/\" \/>\n<meta property=\"og:locale\" content=\"es_ES\" \/>\n<meta property=\"og:type\" content=\"article\" \/>\n<meta property=\"og:title\" content=\"Maritimes - PMECDV Langues | \u00c9cole de langues\" \/>\n<meta property=\"og:description\" content=\"Depuis l\u2019adoption de la Loi 96 du Qu\u00e9bec en 2022 et la loi C-13 au Canada en 2025, la langue fran\u00e7aise occupe une place renforc\u00e9e dans les milieux de travail\" \/>\n<meta property=\"og:url\" content=\"https:\/\/pmecdvlangues.ca\/es\/maritimas\/\" \/>\n<meta property=\"og:site_name\" content=\"PME CDV Langues\" \/>\n<meta property=\"article:publisher\" content=\"https:\/\/www.facebook.com\/PMECLIC\" \/>\n<meta property=\"article:modified_time\" content=\"2025-12-01T16:56:59+00:00\" \/>\n<meta property=\"og:image\" content=\"https:\/\/pmecdvlangues.ca\/wp-content\/uploads\/2025\/11\/cours-de-langues-moncto.webp\" \/>\n<meta name=\"twitter:card\" content=\"summary_large_image\" \/>\n<meta name=\"twitter:title\" content=\"Maritimes - PMECDV Langues | \u00c9cole de langues\" \/>\n<meta name=\"twitter:description\" content=\"Depuis l\u2019adoption de la Loi 96 du Qu\u00e9bec en 2022 et la loi C-13 au Canada en 2025, la langue fran\u00e7aise occupe une place renforc\u00e9e dans les milieux de travail\" \/>\n<meta name=\"twitter:label1\" content=\"Tiempo de lectura\" \/>\n\t<meta name=\"twitter:data1\" content=\"2 minutos\" \/>\n<script type=\"application\/ld+json\" class=\"yoast-schema-graph\">{\"@context\":\"https:\/\/schema.org\",\"@graph\":[{\"@type\":\"WebPage\",\"@id\":\"https:\/\/pmecdvlangues.ca\/es\/maritimas\/\",\"url\":\"https:\/\/pmecdvlangues.ca\/es\/maritimas\/\",\"name\":\"Mar\u00edtimas - PME CDV Langues | \u00c9cole de langues\",\"isPartOf\":{\"@id\":\"https:\/\/pmecdvlangues.ca\/es\/#website\"},\"primaryImageOfPage\":{\"@id\":\"https:\/\/pmecdvlangues.ca\/es\/maritimas\/#primaryimage\"},\"image\":{\"@id\":\"https:\/\/pmecdvlangues.ca\/es\/maritimas\/#primaryimage\"},\"thumbnailUrl\":\"https:\/\/pmecdvlangues.ca\/wp-content\/uploads\/2025\/11\/cours-de-langues-moncto.webp\",\"datePublished\":\"2025-11-21T17:56:36+00:00\",\"dateModified\":\"2025-12-01T16:56:59+00:00\",\"description\":\"Depuis l\u2019adoption de la Loi 96 du Qu\u00e9bec en 2022 et la loi C-13 au Canada en 2025, la langue fran\u00e7aise occupe une place renforc\u00e9e dans les milieux de travail\",\"breadcrumb\":{\"@id\":\"https:\/\/pmecdvlangues.ca\/es\/maritimas\/#breadcrumb\"},\"inLanguage\":\"es\",\"potentialAction\":[{\"@type\":\"ReadAction\",\"target\":[\"https:\/\/pmecdvlangues.ca\/es\/maritimas\/\"]}]},{\"@type\":\"ImageObject\",\"inLanguage\":\"es\",\"@id\":\"https:\/\/pmecdvlangues.ca\/es\/maritimas\/#primaryimage\",\"url\":\"https:\/\/pmecdvlangues.ca\/wp-content\/uploads\/2025\/11\/cours-de-langues-moncto.webp\",\"contentUrl\":\"https:\/\/pmecdvlangues.ca\/wp-content\/uploads\/2025\/11\/cours-de-langues-moncto.webp\"},{\"@type\":\"BreadcrumbList\",\"@id\":\"https:\/\/pmecdvlangues.ca\/es\/maritimas\/#breadcrumb\",\"itemListElement\":[{\"@type\":\"ListItem\",\"position\":1,\"name\":\"Home\",\"item\":\"https:\/\/pmecdvlangues.ca\/es\/\"},{\"@type\":\"ListItem\",\"position\":2,\"name\":\"Mar\u00edtimas\"}]},{\"@type\":\"WebSite\",\"@id\":\"https:\/\/pmecdvlangues.ca\/es\/#website\",\"url\":\"https:\/\/pmecdvlangues.ca\/es\/\",\"name\":\"PME CDV Langues\",\"description\":\"\",\"publisher\":{\"@id\":\"https:\/\/pmecdvlangues.ca\/es\/#organization\"},\"potentialAction\":[{\"@type\":\"SearchAction\",\"target\":{\"@type\":\"EntryPoint\",\"urlTemplate\":\"https:\/\/pmecdvlangues.ca\/es\/?s={search_term_string}\"},\"query-input\":{\"@type\":\"PropertyValueSpecification\",\"valueRequired\":true,\"valueName\":\"search_term_string\"}}],\"inLanguage\":\"es\"},{\"@type\":\"Organization\",\"@id\":\"https:\/\/pmecdvlangues.ca\/es\/#organization\",\"name\":\"CLIC Mont\u00e9r\u00e9gie\",\"url\":\"https:\/\/pmecdvlangues.ca\/es\/\",\"logo\":{\"@type\":\"ImageObject\",\"inLanguage\":\"es\",\"@id\":\"https:\/\/pmecdvlangues.ca\/es\/#\/schema\/logo\/image\/\",\"url\":\"https:\/\/pmecdvlangues.ca\/wp-content\/uploads\/2021\/01\/logo-clic.jpg\",\"contentUrl\":\"https:\/\/pmecdvlangues.ca\/wp-content\/uploads\/2021\/01\/logo-clic.jpg\",\"width\":1000,\"height\":1000,\"caption\":\"CLIC Mont\u00e9r\u00e9gie\"},\"image\":{\"@id\":\"https:\/\/pmecdvlangues.ca\/es\/#\/schema\/logo\/image\/\"},\"sameAs\":[\"https:\/\/www.facebook.com\/PMECLIC\"]}]}<\/script>\n<!-- \/ Yoast SEO plugin. -->","yoast_head_json":{"title":"Mar\u00edtimas - PME CDV Langues | \u00c9cole de langues","description":"Depuis l\u2019adoption de la Loi 96 du Qu\u00e9bec en 2022 et la loi C-13 au Canada en 2025, la langue fran\u00e7aise occupe une place renforc\u00e9e dans les milieux de travail","robots":{"index":"index","follow":"follow","max-snippet":"max-snippet:-1","max-image-preview":"max-image-preview:large","max-video-preview":"max-video-preview:-1"},"canonical":"https:\/\/pmecdvlangues.ca\/es\/maritimas\/","og_locale":"es_ES","og_type":"article","og_title":"Maritimes - PMECDV Langues | \u00c9cole de langues","og_description":"Depuis l\u2019adoption de la Loi 96 du Qu\u00e9bec en 2022 et la loi C-13 au Canada en 2025, la langue fran\u00e7aise occupe une place renforc\u00e9e dans les milieux de travail","og_url":"https:\/\/pmecdvlangues.ca\/es\/maritimas\/","og_site_name":"PME CDV Langues","article_publisher":"https:\/\/www.facebook.com\/PMECLIC","article_modified_time":"2025-12-01T16:56:59+00:00","og_image":[{"url":"https:\/\/pmecdvlangues.ca\/wp-content\/uploads\/2025\/11\/cours-de-langues-moncto.webp","type":"","width":"","height":""}],"twitter_card":"summary_large_image","twitter_title":"Maritimes - PMECDV Langues | \u00c9cole de langues","twitter_description":"Depuis l\u2019adoption de la Loi 96 du Qu\u00e9bec en 2022 et la loi C-13 au Canada en 2025, la langue fran\u00e7aise occupe une place renforc\u00e9e dans les milieux de travail","twitter_misc":{"Tiempo de lectura":"2 minutos"},"schema":{"@context":"https:\/\/schema.org","@graph":[{"@type":"WebPage","@id":"https:\/\/pmecdvlangues.ca\/es\/maritimas\/","url":"https:\/\/pmecdvlangues.ca\/es\/maritimas\/","name":"Mar\u00edtimas - PME CDV Langues | \u00c9cole de langues","isPartOf":{"@id":"https:\/\/pmecdvlangues.ca\/es\/#website"},"primaryImageOfPage":{"@id":"https:\/\/pmecdvlangues.ca\/es\/maritimas\/#primaryimage"},"image":{"@id":"https:\/\/pmecdvlangues.ca\/es\/maritimas\/#primaryimage"},"thumbnailUrl":"https:\/\/pmecdvlangues.ca\/wp-content\/uploads\/2025\/11\/cours-de-langues-moncto.webp","datePublished":"2025-11-21T17:56:36+00:00","dateModified":"2025-12-01T16:56:59+00:00","description":"Depuis l\u2019adoption de la Loi 96 du Qu\u00e9bec en 2022 et la loi C-13 au Canada en 2025, la langue fran\u00e7aise occupe une place renforc\u00e9e dans les milieux de travail","breadcrumb":{"@id":"https:\/\/pmecdvlangues.ca\/es\/maritimas\/#breadcrumb"},"inLanguage":"es","potentialAction":[{"@type":"ReadAction","target":["https:\/\/pmecdvlangues.ca\/es\/maritimas\/"]}]},{"@type":"ImageObject","inLanguage":"es","@id":"https:\/\/pmecdvlangues.ca\/es\/maritimas\/#primaryimage","url":"https:\/\/pmecdvlangues.ca\/wp-content\/uploads\/2025\/11\/cours-de-langues-moncto.webp","contentUrl":"https:\/\/pmecdvlangues.ca\/wp-content\/uploads\/2025\/11\/cours-de-langues-moncto.webp"},{"@type":"BreadcrumbList","@id":"https:\/\/pmecdvlangues.ca\/es\/maritimas\/#breadcrumb","itemListElement":[{"@type":"ListItem","position":1,"name":"Home","item":"https:\/\/pmecdvlangues.ca\/es\/"},{"@type":"ListItem","position":2,"name":"Mar\u00edtimas"}]},{"@type":"WebSite","@id":"https:\/\/pmecdvlangues.ca\/es\/#website","url":"https:\/\/pmecdvlangues.ca\/es\/","name":"PME CDV Langues","description":"","publisher":{"@id":"https:\/\/pmecdvlangues.ca\/es\/#organization"},"potentialAction":[{"@type":"SearchAction","target":{"@type":"EntryPoint","urlTemplate":"https:\/\/pmecdvlangues.ca\/es\/?s={search_term_string}"},"query-input":{"@type":"PropertyValueSpecification","valueRequired":true,"valueName":"search_term_string"}}],"inLanguage":"es"},{"@type":"Organization","@id":"https:\/\/pmecdvlangues.ca\/es\/#organization","name":"CLIC Mont\u00e9r\u00e9gie","url":"https:\/\/pmecdvlangues.ca\/es\/","logo":{"@type":"ImageObject","inLanguage":"es","@id":"https:\/\/pmecdvlangues.ca\/es\/#\/schema\/logo\/image\/","url":"https:\/\/pmecdvlangues.ca\/wp-content\/uploads\/2021\/01\/logo-clic.jpg","contentUrl":"https:\/\/pmecdvlangues.ca\/wp-content\/uploads\/2021\/01\/logo-clic.jpg","width":1000,"height":1000,"caption":"CLIC Mont\u00e9r\u00e9gie"},"image":{"@id":"https:\/\/pmecdvlangues.ca\/es\/#\/schema\/logo\/image\/"},"sameAs":["https:\/\/www.facebook.com\/PMECLIC"]}]}},"_links":{"self":[{"href":"https:\/\/pmecdvlangues.ca\/es\/wp-json\/wp\/v2\/pages\/12528","targetHints":{"allow":["GET"]}}],"collection":[{"href":"https:\/\/pmecdvlangues.ca\/es\/wp-json\/wp\/v2\/pages"}],"about":[{"href":"https:\/\/pmecdvlangues.ca\/es\/wp-json\/wp\/v2\/types\/page"}],"author":[{"embeddable":true,"href":"https:\/\/pmecdvlangues.ca\/es\/wp-json\/wp\/v2\/users\/1"}],"replies":[{"embeddable":true,"href":"https:\/\/pmecdvlangues.ca\/es\/wp-json\/wp\/v2\/comments?post=12528"}],"version-history":[{"count":4,"href":"https:\/\/pmecdvlangues.ca\/es\/wp-json\/wp\/v2\/pages\/12528\/revisions"}],"predecessor-version":[{"id":12532,"href":"https:\/\/pmecdvlangues.ca\/es\/wp-json\/wp\/v2\/pages\/12528\/revisions\/12532"}],"wp:attachment":[{"href":"https:\/\/pmecdvlangues.ca\/es\/wp-json\/wp\/v2\/media?parent=12528"}],"curies":[{"name":"wp","href":"https:\/\/api.w.org\/{rel}","templated":true}]}}