{"id":12519,"date":"2025-11-21T11:00:59","date_gmt":"2025-11-21T16:00:59","guid":{"rendered":"https:\/\/pmecdvlangues.ca\/ontario\/"},"modified":"2025-12-01T11:43:33","modified_gmt":"2025-12-01T16:43:33","slug":"ontario","status":"publish","type":"page","link":"https:\/\/pmecdvlangues.ca\/es\/ontario\/","title":{"rendered":"Ontario"},"content":{"rendered":"\t\t<div data-elementor-type=\"wp-page\" data-elementor-id=\"12519\" class=\"elementor elementor-12519 elementor-12309\" data-elementor-settings=\"[]\">\n\t\t\t\t\t\t<div class=\"elementor-inner\">\n\t\t\t\t\t\t\t<div class=\"elementor-section-wrap\">\n\t\t\t\t\t\t\t<section class=\"elementor-section elementor-top-section elementor-element elementor-element-43633c5 elementor-section-content-middle elementor-section-boxed elementor-section-height-default elementor-section-height-default\" data-id=\"43633c5\" data-element_type=\"section\">\n\t\t\t\t\t\t<div class=\"elementor-container elementor-column-gap-default\">\n\t\t\t\t\t\t\t<div class=\"elementor-row\">\n\t\t\t\t\t<div class=\"elementor-column elementor-col-100 elementor-top-column elementor-element elementor-element-710e116\" data-id=\"710e116\" data-element_type=\"column\">\n\t\t\t<div class=\"elementor-column-wrap elementor-element-populated\">\n\t\t\t\t\t\t\t<div class=\"elementor-widget-wrap\">\n\t\t\t\t\t\t<div class=\"elementor-element elementor-element-ee519a0 elementor-widget elementor-widget-rs-heading\" data-id=\"ee519a0\" data-element_type=\"widget\" data-widget_type=\"rs-heading.default\">\n\t\t\t\t<div class=\"elementor-widget-container\">\n\t\t\t        <div class=\"rs-heading default center\">\r\n        \t<div class=\"title-inner\">\r\n        \t\t      \t\t\r\n\t            <h2 class=\"title\"><span class=\"watermark\"><\/span>Cursos de idiomas en Ontario<\/h2>\t        <\/div>\r\n\t                    \t<div class=\"description\">\r\n            \t\t<p>Desde la adopci\u00f3n de la Ley 96 de Quebec en 2022 y la Ley C-13 en Canad\u00e1 en 2025, el idioma franc\u00e9s ocupa un lugar reforzado en los entornos laborales. El art\u00edculo 46 de la Ley 96 ahora exige que las empresas canadiennes garanticen que sus empleados sean capaces de comunicarse en franc\u00e9s con los clientes franc\u00f3fonos de Canad\u00e1.<\/p>            \t\t\r\n            \t<\/div>\r\n        \t        <\/div>\r\n        \t\t<\/div>\n\t\t\t\t<\/div>\n\t\t\t\t\t\t<\/div>\n\t\t\t\t\t<\/div>\n\t\t<\/div>\n\t\t\t\t\t\t\t\t<\/div>\n\t\t\t\t\t<\/div>\n\t\t<\/section>\n\t\t\t\t<section class=\"elementor-section elementor-top-section elementor-element elementor-element-16d21b7 elementor-section-content-middle elementor-section-boxed elementor-section-height-default elementor-section-height-default\" data-id=\"16d21b7\" data-element_type=\"section\">\n\t\t\t\t\t\t<div class=\"elementor-container elementor-column-gap-default\">\n\t\t\t\t\t\t\t<div class=\"elementor-row\">\n\t\t\t\t\t<div class=\"elementor-column elementor-col-50 elementor-top-column elementor-element elementor-element-65b17db\" data-id=\"65b17db\" data-element_type=\"column\">\n\t\t\t<div class=\"elementor-column-wrap elementor-element-populated\">\n\t\t\t\t\t\t\t<div class=\"elementor-widget-wrap\">\n\t\t\t\t\t\t<div class=\"elementor-element elementor-element-42aa673 elementor-widget elementor-widget-rs-heading\" data-id=\"42aa673\" data-element_type=\"widget\" data-widget_type=\"rs-heading.default\">\n\t\t\t\t<div class=\"elementor-widget-container\">\n\t\t\t        <div class=\"rs-heading default \">\r\n        \t<div class=\"title-inner\">\r\n        \t\t      \t\t\r\n\t            \t        <\/div>\r\n\t                    \t<div class=\"description\">\r\n            \t\t<p>Here is the Spanish translation, keeping the professional tone and HTML formatting:<\/p><p><strong>Formaci\u00f3n ling\u00fc\u00edstica adaptada al mercado ontariano<\/strong><\/p><p>PMECDV Escuela de Idiomas acompa\u00f1a a las empresas de Ontario en el desarrollo de competencias ling\u00fc\u00edsticas esenciales para un entorno laboral biling\u00fce y diverso. Nuestras formaciones en franc\u00e9s, ingl\u00e9s y espa\u00f1ol est\u00e1n dise\u00f1adas para mejorar la comunicaci\u00f3n interna, fortalecer la productividad y apoyar la integraci\u00f3n de los empleados, ya sean locales o provenientes de la mano de obra internacional.<\/p>            \t\t\r\n            \t<\/div>\r\n        \t        <\/div>\r\n        \t\t<\/div>\n\t\t\t\t<\/div>\n\t\t\t\t\t\t<\/div>\n\t\t\t\t\t<\/div>\n\t\t<\/div>\n\t\t\t\t<div class=\"elementor-column elementor-col-50 elementor-top-column elementor-element elementor-element-7278671\" data-id=\"7278671\" data-element_type=\"column\">\n\t\t\t<div class=\"elementor-column-wrap elementor-element-populated\">\n\t\t\t\t\t\t\t<div class=\"elementor-widget-wrap\">\n\t\t\t\t\t\t<div class=\"elementor-element elementor-element-a1c70b2 elementor-widget elementor-widget-image\" data-id=\"a1c70b2\" data-element_type=\"widget\" data-widget_type=\"image.default\">\n\t\t\t\t<div class=\"elementor-widget-container\">\n\t\t\t\t\t\t\t\t<div class=\"elementor-image\">\n\t\t\t\t\t\t\t\t\t\t\t\t<img loading=\"lazy\" decoding=\"async\" width=\"640\" height=\"426\" src=\"https:\/\/pmecdvlangues.ca\/wp-content\/uploads\/2025\/11\/cours-de-langues-ottawa-1.webp\" class=\"attachment-large size-large\" alt=\"cours de langues ottawa\" srcset=\"https:\/\/pmecdvlangues.ca\/wp-content\/uploads\/2025\/11\/cours-de-langues-ottawa-1.webp 800w, https:\/\/pmecdvlangues.ca\/wp-content\/uploads\/2025\/11\/cours-de-langues-ottawa-1-300x200.webp 300w, https:\/\/pmecdvlangues.ca\/wp-content\/uploads\/2025\/11\/cours-de-langues-ottawa-1-768x512.webp 768w, https:\/\/pmecdvlangues.ca\/wp-content\/uploads\/2025\/11\/cours-de-langues-ottawa-1-600x400.webp 600w\" sizes=\"auto, (max-width: 640px) 100vw, 640px\" \/>\t\t\t\t\t\t\t\t\t\t\t\t\t\t<\/div>\n\t\t\t\t\t\t<\/div>\n\t\t\t\t<\/div>\n\t\t\t\t\t\t<\/div>\n\t\t\t\t\t<\/div>\n\t\t<\/div>\n\t\t\t\t\t\t\t\t<\/div>\n\t\t\t\t\t<\/div>\n\t\t<\/section>\n\t\t\t\t<section class=\"elementor-section elementor-top-section elementor-element elementor-element-669b868 elementor-section-content-middle elementor-section-boxed elementor-section-height-default elementor-section-height-default\" data-id=\"669b868\" data-element_type=\"section\">\n\t\t\t\t\t\t<div class=\"elementor-container elementor-column-gap-default\">\n\t\t\t\t\t\t\t<div class=\"elementor-row\">\n\t\t\t\t\t<div class=\"elementor-column elementor-col-50 elementor-top-column elementor-element elementor-element-08b5fb6\" data-id=\"08b5fb6\" data-element_type=\"column\">\n\t\t\t<div class=\"elementor-column-wrap elementor-element-populated\">\n\t\t\t\t\t\t\t<div class=\"elementor-widget-wrap\">\n\t\t\t\t\t\t<div class=\"elementor-element elementor-element-dd797ce elementor-widget elementor-widget-image\" data-id=\"dd797ce\" data-element_type=\"widget\" data-widget_type=\"image.default\">\n\t\t\t\t<div class=\"elementor-widget-container\">\n\t\t\t\t\t\t\t\t<div class=\"elementor-image\">\n\t\t\t\t\t\t\t\t\t\t\t\t<img loading=\"lazy\" decoding=\"async\" width=\"640\" height=\"426\" src=\"https:\/\/pmecdvlangues.ca\/wp-content\/uploads\/2025\/11\/campagne-ontario.webp\" class=\"attachment-large size-large\" alt=\"campagne ontario\" srcset=\"https:\/\/pmecdvlangues.ca\/wp-content\/uploads\/2025\/11\/campagne-ontario.webp 800w, https:\/\/pmecdvlangues.ca\/wp-content\/uploads\/2025\/11\/campagne-ontario-300x200.webp 300w, https:\/\/pmecdvlangues.ca\/wp-content\/uploads\/2025\/11\/campagne-ontario-768x512.webp 768w, https:\/\/pmecdvlangues.ca\/wp-content\/uploads\/2025\/11\/campagne-ontario-600x400.webp 600w\" sizes=\"auto, (max-width: 640px) 100vw, 640px\" \/>\t\t\t\t\t\t\t\t\t\t\t\t\t\t<\/div>\n\t\t\t\t\t\t<\/div>\n\t\t\t\t<\/div>\n\t\t\t\t\t\t<\/div>\n\t\t\t\t\t<\/div>\n\t\t<\/div>\n\t\t\t\t<div class=\"elementor-column elementor-col-50 elementor-top-column elementor-element elementor-element-1f154cf\" data-id=\"1f154cf\" data-element_type=\"column\">\n\t\t\t<div class=\"elementor-column-wrap elementor-element-populated\">\n\t\t\t\t\t\t\t<div class=\"elementor-widget-wrap\">\n\t\t\t\t\t\t<div class=\"elementor-element elementor-element-a30533b elementor-widget elementor-widget-rs-heading\" data-id=\"a30533b\" data-element_type=\"widget\" data-widget_type=\"rs-heading.default\">\n\t\t\t\t<div class=\"elementor-widget-container\">\n\t\t\t        <div class=\"rs-heading default \">\r\n        \t<div class=\"title-inner\">\r\n        \t\t      \t\t\r\n\t            \t        <\/div>\r\n\t                    \t<div class=\"description\">\r\n            \t\t<p>Here is the Spanish translation, with formatting preserved and a professional tone:<\/p><p><strong>Programas a medida para sus equipos<\/strong><\/p><p>Nuestro enfoque B2B est\u00e1 completamente adaptado a las realidades de las organizaciones de Ontario. Ya sea que usted sea una PYME, una empresa manufacturera, un servicio municipal o un empleador del sector agr\u00edcola, creamos formaciones personalizadas basadas en sus necesidades operativas. Ofrecemos cursos flexibles, en l\u00ednea o en su empresa, enfocados en competencias directamente aplicables al trabajo cotidiano.<\/p>            \t\t\r\n            \t<\/div>\r\n        \t        <\/div>\r\n        \t\t<\/div>\n\t\t\t\t<\/div>\n\t\t\t\t\t\t<\/div>\n\t\t\t\t\t<\/div>\n\t\t<\/div>\n\t\t\t\t\t\t\t\t<\/div>\n\t\t\t\t\t<\/div>\n\t\t<\/section>\n\t\t\t\t<section class=\"elementor-section elementor-top-section elementor-element elementor-element-ef24572 elementor-section-content-middle elementor-section-boxed elementor-section-height-default elementor-section-height-default\" data-id=\"ef24572\" data-element_type=\"section\">\n\t\t\t\t\t\t<div class=\"elementor-container elementor-column-gap-default\">\n\t\t\t\t\t\t\t<div class=\"elementor-row\">\n\t\t\t\t\t<div class=\"elementor-column elementor-col-50 elementor-top-column elementor-element elementor-element-de22996\" data-id=\"de22996\" data-element_type=\"column\">\n\t\t\t<div class=\"elementor-column-wrap elementor-element-populated\">\n\t\t\t\t\t\t\t<div class=\"elementor-widget-wrap\">\n\t\t\t\t\t\t<div class=\"elementor-element elementor-element-9470454 elementor-widget elementor-widget-rs-heading\" data-id=\"9470454\" data-element_type=\"widget\" data-widget_type=\"rs-heading.default\">\n\t\t\t\t<div class=\"elementor-widget-container\">\n\t\t\t        <div class=\"rs-heading default \">\r\n        \t<div class=\"title-inner\">\r\n        \t\t      \t\t\r\n\t            \t        <\/div>\r\n\t                    \t<div class=\"description\">\r\n            \t\t<p><strong>Responder a los desaf\u00edos ling\u00fc\u00edsticos de Ontario<\/strong><\/p><p>Los empleadores ontarianos se enfrentan a desaf\u00edos \u00fanicos: biling\u00fcismo funcional, comunicaci\u00f3n multicultural, gesti\u00f3n de equipos internacionales y cumplimiento ling\u00fc\u00edstico. Gracias a nuestra experiencia desarrollada en Quebec y perfeccionada para el contexto ontariano, ofrecemos programas eficaces para supervisores, gerentes, trabajadores extranjeros y equipos de primera l\u00ednea, garantizando una comunicaci\u00f3n m\u00e1s fluida en ingl\u00e9s o en franc\u00e9s.<\/p><p>Nuestro objetivo: ayudarle a construir equipos m\u00e1s s\u00f3lidos, m\u00e1s biling\u00fces y m\u00e1s eficientes para respaldar su crecimiento en todo Canad\u00e1.<\/p>            \t\t\r\n            \t<\/div>\r\n        \t        <\/div>\r\n        \t\t<\/div>\n\t\t\t\t<\/div>\n\t\t\t\t\t\t<\/div>\n\t\t\t\t\t<\/div>\n\t\t<\/div>\n\t\t\t\t<div class=\"elementor-column elementor-col-50 elementor-top-column elementor-element elementor-element-942eabb\" data-id=\"942eabb\" data-element_type=\"column\">\n\t\t\t<div class=\"elementor-column-wrap elementor-element-populated\">\n\t\t\t\t\t\t\t<div class=\"elementor-widget-wrap\">\n\t\t\t\t\t\t<div class=\"elementor-element elementor-element-d86f85b elementor-widget elementor-widget-image\" data-id=\"d86f85b\" data-element_type=\"widget\" data-widget_type=\"image.default\">\n\t\t\t\t<div class=\"elementor-widget-container\">\n\t\t\t\t\t\t\t\t<div class=\"elementor-image\">\n\t\t\t\t\t\t\t\t\t\t\t\t<img loading=\"lazy\" decoding=\"async\" width=\"640\" height=\"426\" src=\"https:\/\/pmecdvlangues.ca\/wp-content\/uploads\/2025\/11\/mine-de-sudbury.webp\" class=\"attachment-large size-large\" alt=\"mine de sudbury\" srcset=\"https:\/\/pmecdvlangues.ca\/wp-content\/uploads\/2025\/11\/mine-de-sudbury.webp 800w, https:\/\/pmecdvlangues.ca\/wp-content\/uploads\/2025\/11\/mine-de-sudbury-300x200.webp 300w, https:\/\/pmecdvlangues.ca\/wp-content\/uploads\/2025\/11\/mine-de-sudbury-768x512.webp 768w, https:\/\/pmecdvlangues.ca\/wp-content\/uploads\/2025\/11\/mine-de-sudbury-600x400.webp 600w\" sizes=\"auto, (max-width: 640px) 100vw, 640px\" \/>\t\t\t\t\t\t\t\t\t\t\t\t\t\t<\/div>\n\t\t\t\t\t\t<\/div>\n\t\t\t\t<\/div>\n\t\t\t\t\t\t<\/div>\n\t\t\t\t\t<\/div>\n\t\t<\/div>\n\t\t\t\t\t\t\t\t<\/div>\n\t\t\t\t\t<\/div>\n\t\t<\/section>\n\t\t\t\t\t\t<\/div>\n\t\t\t\t\t\t<\/div>\n\t\t\t\t\t<\/div>\n\t\t","protected":false},"excerpt":{"rendered":"<p>Cursos de idiomas en Ontario Desde la adopci\u00f3n de la Ley 96 de Quebec en 2022 y la Ley C-13 en Canad\u00e1 en 2025, el idioma franc\u00e9s ocupa un lugar reforzado en los entornos laborales. El art\u00edculo 46 de la Ley 96 ahora exige que las empresas canadiennes garanticen que sus empleados sean capaces de&#8230;<\/p>\n","protected":false},"author":1,"featured_media":0,"parent":0,"menu_order":0,"comment_status":"closed","ping_status":"closed","template":"","meta":{"_exactmetrics_skip_tracking":false,"_exactmetrics_sitenote_active":false,"_exactmetrics_sitenote_note":"","_exactmetrics_sitenote_category":0,"footnotes":""},"class_list":["post-12519","page","type-page","status-publish","hentry"],"yoast_head":"<!-- This site is optimized with the Yoast SEO plugin v25.6 - https:\/\/yoast.com\/wordpress\/plugins\/seo\/ -->\n<title>Ontario - PME CDV Langues | \u00c9cole de langues<\/title>\n<meta name=\"description\" content=\"Depuis l\u2019adoption de la Loi 96 du Qu\u00e9bec en 2022 et la loi C-13 au Canada en 2025, la langue fran\u00e7aise occupe une place renforc\u00e9e dans les milieux de travail\" \/>\n<meta name=\"robots\" content=\"index, follow, max-snippet:-1, max-image-preview:large, max-video-preview:-1\" \/>\n<link rel=\"canonical\" href=\"https:\/\/pmecdvlangues.ca\/es\/ontario\/\" \/>\n<meta property=\"og:locale\" content=\"es_ES\" \/>\n<meta property=\"og:type\" content=\"article\" \/>\n<meta property=\"og:title\" content=\"Ontario - PMECDV Langues | \u00c9cole de langues\" \/>\n<meta property=\"og:description\" content=\"Depuis l\u2019adoption de la Loi 96 du Qu\u00e9bec en 2022 et la loi C-13 au Canada en 2025, la langue fran\u00e7aise occupe une place renforc\u00e9e dans les milieux de travail\" \/>\n<meta property=\"og:url\" content=\"https:\/\/pmecdvlangues.ca\/es\/ontario\/\" \/>\n<meta property=\"og:site_name\" content=\"PME CDV Langues\" \/>\n<meta property=\"article:publisher\" content=\"https:\/\/www.facebook.com\/PMECLIC\" \/>\n<meta property=\"article:modified_time\" content=\"2025-12-01T16:43:33+00:00\" \/>\n<meta property=\"og:image\" content=\"https:\/\/pmecdvlangues.ca\/wp-content\/uploads\/2025\/11\/cours-de-langues-ottawa-1.webp\" \/>\n<meta name=\"twitter:card\" content=\"summary_large_image\" \/>\n<meta name=\"twitter:title\" content=\"Ontaio - PMECDV Langues | \u00c9cole de langues\" \/>\n<meta name=\"twitter:description\" content=\"Depuis l\u2019adoption de la Loi 96 du Qu\u00e9bec en 2022 et la loi C-13 au Canada en 2025, la langue fran\u00e7aise occupe une place renforc\u00e9e dans les milieux de travail\" \/>\n<meta name=\"twitter:label1\" content=\"Tiempo de lectura\" \/>\n\t<meta name=\"twitter:data1\" content=\"2 minutos\" \/>\n<script type=\"application\/ld+json\" class=\"yoast-schema-graph\">{\"@context\":\"https:\/\/schema.org\",\"@graph\":[{\"@type\":\"WebPage\",\"@id\":\"https:\/\/pmecdvlangues.ca\/es\/ontario\/\",\"url\":\"https:\/\/pmecdvlangues.ca\/es\/ontario\/\",\"name\":\"Ontario - PME CDV Langues | \u00c9cole de langues\",\"isPartOf\":{\"@id\":\"https:\/\/pmecdvlangues.ca\/es\/#website\"},\"primaryImageOfPage\":{\"@id\":\"https:\/\/pmecdvlangues.ca\/es\/ontario\/#primaryimage\"},\"image\":{\"@id\":\"https:\/\/pmecdvlangues.ca\/es\/ontario\/#primaryimage\"},\"thumbnailUrl\":\"https:\/\/pmecdvlangues.ca\/wp-content\/uploads\/2025\/11\/cours-de-langues-ottawa-1.webp\",\"datePublished\":\"2025-11-21T16:00:59+00:00\",\"dateModified\":\"2025-12-01T16:43:33+00:00\",\"description\":\"Depuis l\u2019adoption de la Loi 96 du Qu\u00e9bec en 2022 et la loi C-13 au Canada en 2025, la langue fran\u00e7aise occupe une place renforc\u00e9e dans les milieux de travail\",\"breadcrumb\":{\"@id\":\"https:\/\/pmecdvlangues.ca\/es\/ontario\/#breadcrumb\"},\"inLanguage\":\"es\",\"potentialAction\":[{\"@type\":\"ReadAction\",\"target\":[\"https:\/\/pmecdvlangues.ca\/es\/ontario\/\"]}]},{\"@type\":\"ImageObject\",\"inLanguage\":\"es\",\"@id\":\"https:\/\/pmecdvlangues.ca\/es\/ontario\/#primaryimage\",\"url\":\"https:\/\/pmecdvlangues.ca\/wp-content\/uploads\/2025\/11\/cours-de-langues-ottawa-1.webp\",\"contentUrl\":\"https:\/\/pmecdvlangues.ca\/wp-content\/uploads\/2025\/11\/cours-de-langues-ottawa-1.webp\"},{\"@type\":\"BreadcrumbList\",\"@id\":\"https:\/\/pmecdvlangues.ca\/es\/ontario\/#breadcrumb\",\"itemListElement\":[{\"@type\":\"ListItem\",\"position\":1,\"name\":\"Home\",\"item\":\"https:\/\/pmecdvlangues.ca\/es\/\"},{\"@type\":\"ListItem\",\"position\":2,\"name\":\"Ontario\"}]},{\"@type\":\"WebSite\",\"@id\":\"https:\/\/pmecdvlangues.ca\/es\/#website\",\"url\":\"https:\/\/pmecdvlangues.ca\/es\/\",\"name\":\"PME CDV Langues\",\"description\":\"\",\"publisher\":{\"@id\":\"https:\/\/pmecdvlangues.ca\/es\/#organization\"},\"potentialAction\":[{\"@type\":\"SearchAction\",\"target\":{\"@type\":\"EntryPoint\",\"urlTemplate\":\"https:\/\/pmecdvlangues.ca\/es\/?s={search_term_string}\"},\"query-input\":{\"@type\":\"PropertyValueSpecification\",\"valueRequired\":true,\"valueName\":\"search_term_string\"}}],\"inLanguage\":\"es\"},{\"@type\":\"Organization\",\"@id\":\"https:\/\/pmecdvlangues.ca\/es\/#organization\",\"name\":\"CLIC Mont\u00e9r\u00e9gie\",\"url\":\"https:\/\/pmecdvlangues.ca\/es\/\",\"logo\":{\"@type\":\"ImageObject\",\"inLanguage\":\"es\",\"@id\":\"https:\/\/pmecdvlangues.ca\/es\/#\/schema\/logo\/image\/\",\"url\":\"https:\/\/pmecdvlangues.ca\/wp-content\/uploads\/2021\/01\/logo-clic.jpg\",\"contentUrl\":\"https:\/\/pmecdvlangues.ca\/wp-content\/uploads\/2021\/01\/logo-clic.jpg\",\"width\":1000,\"height\":1000,\"caption\":\"CLIC Mont\u00e9r\u00e9gie\"},\"image\":{\"@id\":\"https:\/\/pmecdvlangues.ca\/es\/#\/schema\/logo\/image\/\"},\"sameAs\":[\"https:\/\/www.facebook.com\/PMECLIC\"]}]}<\/script>\n<!-- \/ Yoast SEO plugin. -->","yoast_head_json":{"title":"Ontario - PME CDV Langues | \u00c9cole de langues","description":"Depuis l\u2019adoption de la Loi 96 du Qu\u00e9bec en 2022 et la loi C-13 au Canada en 2025, la langue fran\u00e7aise occupe une place renforc\u00e9e dans les milieux de travail","robots":{"index":"index","follow":"follow","max-snippet":"max-snippet:-1","max-image-preview":"max-image-preview:large","max-video-preview":"max-video-preview:-1"},"canonical":"https:\/\/pmecdvlangues.ca\/es\/ontario\/","og_locale":"es_ES","og_type":"article","og_title":"Ontario - PMECDV Langues | \u00c9cole de langues","og_description":"Depuis l\u2019adoption de la Loi 96 du Qu\u00e9bec en 2022 et la loi C-13 au Canada en 2025, la langue fran\u00e7aise occupe une place renforc\u00e9e dans les milieux de travail","og_url":"https:\/\/pmecdvlangues.ca\/es\/ontario\/","og_site_name":"PME CDV Langues","article_publisher":"https:\/\/www.facebook.com\/PMECLIC","article_modified_time":"2025-12-01T16:43:33+00:00","og_image":[{"url":"https:\/\/pmecdvlangues.ca\/wp-content\/uploads\/2025\/11\/cours-de-langues-ottawa-1.webp","type":"","width":"","height":""}],"twitter_card":"summary_large_image","twitter_title":"Ontaio - PMECDV Langues | \u00c9cole de langues","twitter_description":"Depuis l\u2019adoption de la Loi 96 du Qu\u00e9bec en 2022 et la loi C-13 au Canada en 2025, la langue fran\u00e7aise occupe une place renforc\u00e9e dans les milieux de travail","twitter_misc":{"Tiempo de lectura":"2 minutos"},"schema":{"@context":"https:\/\/schema.org","@graph":[{"@type":"WebPage","@id":"https:\/\/pmecdvlangues.ca\/es\/ontario\/","url":"https:\/\/pmecdvlangues.ca\/es\/ontario\/","name":"Ontario - PME CDV Langues | \u00c9cole de langues","isPartOf":{"@id":"https:\/\/pmecdvlangues.ca\/es\/#website"},"primaryImageOfPage":{"@id":"https:\/\/pmecdvlangues.ca\/es\/ontario\/#primaryimage"},"image":{"@id":"https:\/\/pmecdvlangues.ca\/es\/ontario\/#primaryimage"},"thumbnailUrl":"https:\/\/pmecdvlangues.ca\/wp-content\/uploads\/2025\/11\/cours-de-langues-ottawa-1.webp","datePublished":"2025-11-21T16:00:59+00:00","dateModified":"2025-12-01T16:43:33+00:00","description":"Depuis l\u2019adoption de la Loi 96 du Qu\u00e9bec en 2022 et la loi C-13 au Canada en 2025, la langue fran\u00e7aise occupe une place renforc\u00e9e dans les milieux de travail","breadcrumb":{"@id":"https:\/\/pmecdvlangues.ca\/es\/ontario\/#breadcrumb"},"inLanguage":"es","potentialAction":[{"@type":"ReadAction","target":["https:\/\/pmecdvlangues.ca\/es\/ontario\/"]}]},{"@type":"ImageObject","inLanguage":"es","@id":"https:\/\/pmecdvlangues.ca\/es\/ontario\/#primaryimage","url":"https:\/\/pmecdvlangues.ca\/wp-content\/uploads\/2025\/11\/cours-de-langues-ottawa-1.webp","contentUrl":"https:\/\/pmecdvlangues.ca\/wp-content\/uploads\/2025\/11\/cours-de-langues-ottawa-1.webp"},{"@type":"BreadcrumbList","@id":"https:\/\/pmecdvlangues.ca\/es\/ontario\/#breadcrumb","itemListElement":[{"@type":"ListItem","position":1,"name":"Home","item":"https:\/\/pmecdvlangues.ca\/es\/"},{"@type":"ListItem","position":2,"name":"Ontario"}]},{"@type":"WebSite","@id":"https:\/\/pmecdvlangues.ca\/es\/#website","url":"https:\/\/pmecdvlangues.ca\/es\/","name":"PME CDV Langues","description":"","publisher":{"@id":"https:\/\/pmecdvlangues.ca\/es\/#organization"},"potentialAction":[{"@type":"SearchAction","target":{"@type":"EntryPoint","urlTemplate":"https:\/\/pmecdvlangues.ca\/es\/?s={search_term_string}"},"query-input":{"@type":"PropertyValueSpecification","valueRequired":true,"valueName":"search_term_string"}}],"inLanguage":"es"},{"@type":"Organization","@id":"https:\/\/pmecdvlangues.ca\/es\/#organization","name":"CLIC Mont\u00e9r\u00e9gie","url":"https:\/\/pmecdvlangues.ca\/es\/","logo":{"@type":"ImageObject","inLanguage":"es","@id":"https:\/\/pmecdvlangues.ca\/es\/#\/schema\/logo\/image\/","url":"https:\/\/pmecdvlangues.ca\/wp-content\/uploads\/2021\/01\/logo-clic.jpg","contentUrl":"https:\/\/pmecdvlangues.ca\/wp-content\/uploads\/2021\/01\/logo-clic.jpg","width":1000,"height":1000,"caption":"CLIC Mont\u00e9r\u00e9gie"},"image":{"@id":"https:\/\/pmecdvlangues.ca\/es\/#\/schema\/logo\/image\/"},"sameAs":["https:\/\/www.facebook.com\/PMECLIC"]}]}},"_links":{"self":[{"href":"https:\/\/pmecdvlangues.ca\/es\/wp-json\/wp\/v2\/pages\/12519","targetHints":{"allow":["GET"]}}],"collection":[{"href":"https:\/\/pmecdvlangues.ca\/es\/wp-json\/wp\/v2\/pages"}],"about":[{"href":"https:\/\/pmecdvlangues.ca\/es\/wp-json\/wp\/v2\/types\/page"}],"author":[{"embeddable":true,"href":"https:\/\/pmecdvlangues.ca\/es\/wp-json\/wp\/v2\/users\/1"}],"replies":[{"embeddable":true,"href":"https:\/\/pmecdvlangues.ca\/es\/wp-json\/wp\/v2\/comments?post=12519"}],"version-history":[{"count":3,"href":"https:\/\/pmecdvlangues.ca\/es\/wp-json\/wp\/v2\/pages\/12519\/revisions"}],"predecessor-version":[{"id":12522,"href":"https:\/\/pmecdvlangues.ca\/es\/wp-json\/wp\/v2\/pages\/12519\/revisions\/12522"}],"wp:attachment":[{"href":"https:\/\/pmecdvlangues.ca\/es\/wp-json\/wp\/v2\/media?parent=12519"}],"curies":[{"name":"wp","href":"https:\/\/api.w.org\/{rel}","templated":true}]}}