{"id":10425,"date":"2020-12-23T08:47:38","date_gmt":"2020-12-23T13:47:38","guid":{"rendered":"https:\/\/clicmonteregie.com\/clic-translation\/"},"modified":"2022-06-21T16:30:58","modified_gmt":"2022-06-21T20:30:58","slug":"clic-traduccion","status":"publish","type":"page","link":"https:\/\/pmecdvlangues.ca\/es\/clic-traduccion\/","title":{"rendered":"CLIC Tradducion"},"content":{"rendered":"\t\t<div data-elementor-type=\"wp-page\" data-elementor-id=\"10425\" class=\"elementor elementor-10425 elementor-9443\" data-elementor-settings=\"[]\">\n\t\t\t\t\t\t<div class=\"elementor-inner\">\n\t\t\t\t\t\t\t<div class=\"elementor-section-wrap\">\n\t\t\t\t\t\t\t<section class=\"elementor-section elementor-top-section elementor-element elementor-element-43633c5 elementor-section-content-middle elementor-section-boxed elementor-section-height-default elementor-section-height-default\" data-id=\"43633c5\" data-element_type=\"section\">\n\t\t\t\t\t\t<div class=\"elementor-container elementor-column-gap-default\">\n\t\t\t\t\t\t\t<div class=\"elementor-row\">\n\t\t\t\t\t<div class=\"elementor-column elementor-col-50 elementor-top-column elementor-element elementor-element-710e116\" data-id=\"710e116\" data-element_type=\"column\">\n\t\t\t<div class=\"elementor-column-wrap elementor-element-populated\">\n\t\t\t\t\t\t\t<div class=\"elementor-widget-wrap\">\n\t\t\t\t\t\t<div class=\"elementor-element elementor-element-ee519a0 elementor-widget elementor-widget-rs-heading\" data-id=\"ee519a0\" data-element_type=\"widget\" data-widget_type=\"rs-heading.default\">\n\t\t\t\t<div class=\"elementor-widget-container\">\n\t\t\t        <div class=\"rs-heading default \">\r\n        \t<div class=\"title-inner\">\r\n        \t\t      \t\t\r\n\t            <h2 class=\"title\"><span class=\"watermark\"><\/span>Servicio de traducci\u00f3n y de revisi\u00f3n de documentos<\/h2>\t        <\/div>\r\n\t                <\/div>\r\n        \t\t<\/div>\n\t\t\t\t<\/div>\n\t\t\t\t<div class=\"elementor-element elementor-element-026424f elementor-widget elementor-widget-rs-heading\" data-id=\"026424f\" data-element_type=\"widget\" data-widget_type=\"rs-heading.default\">\n\t\t\t\t<div class=\"elementor-widget-container\">\n\t\t\t        <div class=\"rs-heading default \">\r\n        \t<div class=\"title-inner\">\r\n        \t\t      \t\t\r\n\t            \t        <\/div>\r\n\t                    \t<div class=\"description\">\r\n            \t\t<p>Clic Monteregie ofrece la traducci\u00f3n y la revisi\u00f3n de documentos en diferentes lenguas. Todas nuestras traducciones son doblemente verificadas por profesionales con experiencia.<\/p>            \t\t\r\n            \t<\/div>\r\n        \t        <\/div>\r\n        \t\t<\/div>\n\t\t\t\t<\/div>\n\t\t\t\t\t\t<\/div>\n\t\t\t\t\t<\/div>\n\t\t<\/div>\n\t\t\t\t<div class=\"elementor-column elementor-col-50 elementor-top-column elementor-element elementor-element-4f5558f\" data-id=\"4f5558f\" data-element_type=\"column\">\n\t\t\t<div class=\"elementor-column-wrap elementor-element-populated\">\n\t\t\t\t\t\t\t<div class=\"elementor-widget-wrap\">\n\t\t\t\t\t\t<div class=\"elementor-element elementor-element-598d4da elementor-widget elementor-widget-image\" data-id=\"598d4da\" data-element_type=\"widget\" data-widget_type=\"image.default\">\n\t\t\t\t<div class=\"elementor-widget-container\">\n\t\t\t\t\t\t\t\t<div class=\"elementor-image\">\n\t\t\t\t\t\t\t\t\t\t\t\t<img loading=\"lazy\" decoding=\"async\" width=\"640\" height=\"426\" src=\"https:\/\/pmecdvlangues.ca\/wp-content\/uploads\/2020\/12\/service-de-traduction-et-revision-de-documents.jpg\" class=\"attachment-large size-large\" alt=\"\" srcset=\"https:\/\/pmecdvlangues.ca\/wp-content\/uploads\/2020\/12\/service-de-traduction-et-revision-de-documents.jpg 800w, https:\/\/pmecdvlangues.ca\/wp-content\/uploads\/2020\/12\/service-de-traduction-et-revision-de-documents-300x200.jpg 300w, https:\/\/pmecdvlangues.ca\/wp-content\/uploads\/2020\/12\/service-de-traduction-et-revision-de-documents-768x512.jpg 768w, https:\/\/pmecdvlangues.ca\/wp-content\/uploads\/2020\/12\/service-de-traduction-et-revision-de-documents-600x400.jpg 600w\" sizes=\"auto, (max-width: 640px) 100vw, 640px\" \/>\t\t\t\t\t\t\t\t\t\t\t\t\t\t<\/div>\n\t\t\t\t\t\t<\/div>\n\t\t\t\t<\/div>\n\t\t\t\t<div class=\"elementor-element elementor-element-f126436 elementor-widget elementor-widget-menu-anchor\" data-id=\"f126436\" data-element_type=\"widget\" data-widget_type=\"menu-anchor.default\">\n\t\t\t\t<div class=\"elementor-widget-container\">\n\t\t\t\t\t<div id=\"SIMULATIONS-ET-SCENARIOS-PROFESSIONNELS\" class=\"elementor-menu-anchor\"><\/div>\n\t\t\t\t<\/div>\n\t\t\t\t<\/div>\n\t\t\t\t\t\t<\/div>\n\t\t\t\t\t<\/div>\n\t\t<\/div>\n\t\t\t\t\t\t\t\t<\/div>\n\t\t\t\t\t<\/div>\n\t\t<\/section>\n\t\t\t\t<section class=\"elementor-section elementor-top-section elementor-element elementor-element-2903f9f elementor-section-stretched elementor-section-content-top elementor-section-boxed elementor-section-height-default elementor-section-height-default\" data-id=\"2903f9f\" data-element_type=\"section\" data-settings=\"{&quot;stretch_section&quot;:&quot;section-stretched&quot;,&quot;background_background&quot;:&quot;classic&quot;}\">\n\t\t\t\t\t\t<div class=\"elementor-container elementor-column-gap-default\">\n\t\t\t\t\t\t\t<div class=\"elementor-row\">\n\t\t\t\t\t<div class=\"elementor-column elementor-col-100 elementor-top-column elementor-element elementor-element-7495030\" data-id=\"7495030\" data-element_type=\"column\" data-settings=\"{&quot;background_background&quot;:&quot;classic&quot;}\">\n\t\t\t<div class=\"elementor-column-wrap elementor-element-populated\">\n\t\t\t\t\t\t\t<div class=\"elementor-widget-wrap\">\n\t\t\t\t\t\t<div class=\"elementor-element elementor-element-67fa50f elementor-widget elementor-widget-rs-heading\" data-id=\"67fa50f\" data-element_type=\"widget\" data-widget_type=\"rs-heading.default\">\n\t\t\t\t<div class=\"elementor-widget-container\">\n\t\t\t        <div class=\"rs-heading default \">\r\n        \t<div class=\"title-inner\">\r\n        \t\t      \t\t\r\n\t            <h2 class=\"title\"><span class=\"watermark\"><\/span>Las tarifas de una traducci\u00f3n son determinadas en funci\u00f3n:<\/h2>\t        <\/div>\r\n\t                <\/div>\r\n        \t\t<\/div>\n\t\t\t\t<\/div>\n\t\t\t\t<div class=\"elementor-element elementor-element-c29ff04 elementor-widget elementor-widget-rs-heading\" data-id=\"c29ff04\" data-element_type=\"widget\" data-widget_type=\"rs-heading.default\">\n\t\t\t\t<div class=\"elementor-widget-container\">\n\t\t\t        <div class=\"rs-heading default \">\r\n        \t<div class=\"title-inner\">\r\n        \t\t      \t\t\r\n\t            \t        <\/div>\r\n\t                    \t<div class=\"description\">\r\n            \t\t<ul><li><p>De la lengua traducida y de la lengua a traducir del documento<\/p><\/li><li><p>Del n\u00famero de palabras a traducir<\/p><\/li><li><p>De la complejidad del texto a traducir<\/p><\/li><li><p>Del plazo de entrega solicitado<\/p><\/li><\/ul><p>A partir de 0.25 $ la palabra<\/p>            \t\t\r\n            \t<\/div>\r\n        \t        <\/div>\r\n        \t\t<\/div>\n\t\t\t\t<\/div>\n\t\t\t\t\t\t<\/div>\n\t\t\t\t\t<\/div>\n\t\t<\/div>\n\t\t\t\t\t\t\t\t<\/div>\n\t\t\t\t\t<\/div>\n\t\t<\/section>\n\t\t\t\t\t\t<\/div>\n\t\t\t\t\t\t<\/div>\n\t\t\t\t\t<\/div>\n\t\t","protected":false},"excerpt":{"rendered":"<p>Servicio de traducci\u00f3n y de revisi\u00f3n de documentos Clic Monteregie ofrece la traducci\u00f3n y la revisi\u00f3n de documentos en diferentes lenguas. Todas nuestras traducciones son doblemente verificadas por profesionales con experiencia. Las tarifas de una traducci\u00f3n son determinadas en funci\u00f3n: De la lengua traducida y de la lengua a traducir del documento Del n\u00famero de&#8230;<\/p>\n","protected":false},"author":1,"featured_media":11425,"parent":0,"menu_order":0,"comment_status":"closed","ping_status":"closed","template":"","meta":{"_exactmetrics_skip_tracking":false,"_exactmetrics_sitenote_active":false,"_exactmetrics_sitenote_note":"","_exactmetrics_sitenote_category":0,"footnotes":""},"class_list":["post-10425","page","type-page","status-publish","has-post-thumbnail","hentry"],"yoast_head":"<!-- This site is optimized with the Yoast SEO plugin v25.6 - https:\/\/yoast.com\/wordpress\/plugins\/seo\/ -->\n<title>CLIC Tradducion - PME CDV Langues<\/title>\n<meta name=\"description\" content=\"Traducci\u00f3n de documentos | CLIC Mont\u00e9r\u00e9gie ofrece servicios de traducci\u00f3n y revisi\u00f3n de documentos en diferentes idiomas\" \/>\n<meta name=\"robots\" content=\"index, follow, max-snippet:-1, max-image-preview:large, max-video-preview:-1\" \/>\n<link rel=\"canonical\" href=\"https:\/\/pmecdvlangues.ca\/es\/clic-traduccion\/\" \/>\n<meta property=\"og:locale\" content=\"es_ES\" \/>\n<meta property=\"og:type\" content=\"article\" \/>\n<meta property=\"og:title\" content=\"CLIC Tradducion | CLIC Mont\u00e9r\u00e9gie\" \/>\n<meta property=\"og:description\" content=\"Traducci\u00f3n de documentos | CLIC Mont\u00e9r\u00e9gie ofrece servicios de traducci\u00f3n y revisi\u00f3n de documentos en diferentes idiomas\" \/>\n<meta property=\"og:url\" content=\"https:\/\/pmecdvlangues.ca\/es\/clic-traduccion\/\" \/>\n<meta property=\"og:site_name\" content=\"PME CDV Langues\" \/>\n<meta property=\"article:publisher\" content=\"https:\/\/www.facebook.com\/PMECLIC\" \/>\n<meta property=\"article:modified_time\" content=\"2022-06-21T20:30:58+00:00\" \/>\n<meta property=\"og:image\" content=\"https:\/\/pmecdvlangues.ca\/wp-content\/uploads\/2022\/03\/pmecdvlangues.png\" \/>\n\t<meta property=\"og:image:width\" content=\"243\" \/>\n\t<meta property=\"og:image:height\" content=\"54\" \/>\n\t<meta property=\"og:image:type\" content=\"image\/png\" \/>\n<meta name=\"twitter:card\" content=\"summary_large_image\" \/>\n<meta name=\"twitter:title\" content=\"CLIC Tradducion | CLIC Mont\u00e9r\u00e9gie\" \/>\n<meta name=\"twitter:description\" content=\"Traducci\u00f3n de documentos | CLIC Mont\u00e9r\u00e9gie ofrece servicios de traducci\u00f3n y revisi\u00f3n de documentos en diferentes idiomas\" \/>\n<meta name=\"twitter:image\" content=\"https:\/\/pmecdvlangues.ca\/wp-content\/uploads\/2022\/03\/pmecdvlangues.png\" \/>\n<meta name=\"twitter:label1\" content=\"Tiempo de lectura\" \/>\n\t<meta name=\"twitter:data1\" content=\"1 minuto\" \/>\n<script type=\"application\/ld+json\" class=\"yoast-schema-graph\">{\"@context\":\"https:\/\/schema.org\",\"@graph\":[{\"@type\":\"WebPage\",\"@id\":\"https:\/\/pmecdvlangues.ca\/es\/clic-traduccion\/\",\"url\":\"https:\/\/pmecdvlangues.ca\/es\/clic-traduccion\/\",\"name\":\"CLIC Tradducion - PME CDV Langues\",\"isPartOf\":{\"@id\":\"https:\/\/pmecdvlangues.ca\/es\/#website\"},\"primaryImageOfPage\":{\"@id\":\"https:\/\/pmecdvlangues.ca\/es\/clic-traduccion\/#primaryimage\"},\"image\":{\"@id\":\"https:\/\/pmecdvlangues.ca\/es\/clic-traduccion\/#primaryimage\"},\"thumbnailUrl\":\"https:\/\/pmecdvlangues.ca\/wp-content\/uploads\/2022\/03\/pmecdvlangues.png\",\"datePublished\":\"2020-12-23T13:47:38+00:00\",\"dateModified\":\"2022-06-21T20:30:58+00:00\",\"description\":\"Traducci\u00f3n de documentos | CLIC Mont\u00e9r\u00e9gie ofrece servicios de traducci\u00f3n y revisi\u00f3n de documentos en diferentes idiomas\",\"breadcrumb\":{\"@id\":\"https:\/\/pmecdvlangues.ca\/es\/clic-traduccion\/#breadcrumb\"},\"inLanguage\":\"es\",\"potentialAction\":[{\"@type\":\"ReadAction\",\"target\":[\"https:\/\/pmecdvlangues.ca\/es\/clic-traduccion\/\"]}]},{\"@type\":\"ImageObject\",\"inLanguage\":\"es\",\"@id\":\"https:\/\/pmecdvlangues.ca\/es\/clic-traduccion\/#primaryimage\",\"url\":\"https:\/\/pmecdvlangues.ca\/wp-content\/uploads\/2022\/03\/pmecdvlangues.png\",\"contentUrl\":\"https:\/\/pmecdvlangues.ca\/wp-content\/uploads\/2022\/03\/pmecdvlangues.png\",\"width\":243,\"height\":54,\"caption\":\"pmecdv langues\"},{\"@type\":\"BreadcrumbList\",\"@id\":\"https:\/\/pmecdvlangues.ca\/es\/clic-traduccion\/#breadcrumb\",\"itemListElement\":[{\"@type\":\"ListItem\",\"position\":1,\"name\":\"Home\",\"item\":\"https:\/\/pmecdvlangues.ca\/es\/\"},{\"@type\":\"ListItem\",\"position\":2,\"name\":\"CLIC Tradducion\"}]},{\"@type\":\"WebSite\",\"@id\":\"https:\/\/pmecdvlangues.ca\/es\/#website\",\"url\":\"https:\/\/pmecdvlangues.ca\/es\/\",\"name\":\"PME CDV Langues\",\"description\":\"\",\"publisher\":{\"@id\":\"https:\/\/pmecdvlangues.ca\/es\/#organization\"},\"potentialAction\":[{\"@type\":\"SearchAction\",\"target\":{\"@type\":\"EntryPoint\",\"urlTemplate\":\"https:\/\/pmecdvlangues.ca\/es\/?s={search_term_string}\"},\"query-input\":{\"@type\":\"PropertyValueSpecification\",\"valueRequired\":true,\"valueName\":\"search_term_string\"}}],\"inLanguage\":\"es\"},{\"@type\":\"Organization\",\"@id\":\"https:\/\/pmecdvlangues.ca\/es\/#organization\",\"name\":\"CLIC Mont\u00e9r\u00e9gie\",\"url\":\"https:\/\/pmecdvlangues.ca\/es\/\",\"logo\":{\"@type\":\"ImageObject\",\"inLanguage\":\"es\",\"@id\":\"https:\/\/pmecdvlangues.ca\/es\/#\/schema\/logo\/image\/\",\"url\":\"https:\/\/pmecdvlangues.ca\/wp-content\/uploads\/2021\/01\/logo-clic.jpg\",\"contentUrl\":\"https:\/\/pmecdvlangues.ca\/wp-content\/uploads\/2021\/01\/logo-clic.jpg\",\"width\":1000,\"height\":1000,\"caption\":\"CLIC Mont\u00e9r\u00e9gie\"},\"image\":{\"@id\":\"https:\/\/pmecdvlangues.ca\/es\/#\/schema\/logo\/image\/\"},\"sameAs\":[\"https:\/\/www.facebook.com\/PMECLIC\"]}]}<\/script>\n<!-- \/ Yoast SEO plugin. -->","yoast_head_json":{"title":"CLIC Tradducion - PME CDV Langues","description":"Traducci\u00f3n de documentos | CLIC Mont\u00e9r\u00e9gie ofrece servicios de traducci\u00f3n y revisi\u00f3n de documentos en diferentes idiomas","robots":{"index":"index","follow":"follow","max-snippet":"max-snippet:-1","max-image-preview":"max-image-preview:large","max-video-preview":"max-video-preview:-1"},"canonical":"https:\/\/pmecdvlangues.ca\/es\/clic-traduccion\/","og_locale":"es_ES","og_type":"article","og_title":"CLIC Tradducion | CLIC Mont\u00e9r\u00e9gie","og_description":"Traducci\u00f3n de documentos | CLIC Mont\u00e9r\u00e9gie ofrece servicios de traducci\u00f3n y revisi\u00f3n de documentos en diferentes idiomas","og_url":"https:\/\/pmecdvlangues.ca\/es\/clic-traduccion\/","og_site_name":"PME CDV Langues","article_publisher":"https:\/\/www.facebook.com\/PMECLIC","article_modified_time":"2022-06-21T20:30:58+00:00","og_image":[{"width":243,"height":54,"url":"https:\/\/pmecdvlangues.ca\/wp-content\/uploads\/2022\/03\/pmecdvlangues.png","type":"image\/png"}],"twitter_card":"summary_large_image","twitter_title":"CLIC Tradducion | CLIC Mont\u00e9r\u00e9gie","twitter_description":"Traducci\u00f3n de documentos | CLIC Mont\u00e9r\u00e9gie ofrece servicios de traducci\u00f3n y revisi\u00f3n de documentos en diferentes idiomas","twitter_image":"https:\/\/pmecdvlangues.ca\/wp-content\/uploads\/2022\/03\/pmecdvlangues.png","twitter_misc":{"Tiempo de lectura":"1 minuto"},"schema":{"@context":"https:\/\/schema.org","@graph":[{"@type":"WebPage","@id":"https:\/\/pmecdvlangues.ca\/es\/clic-traduccion\/","url":"https:\/\/pmecdvlangues.ca\/es\/clic-traduccion\/","name":"CLIC Tradducion - PME CDV Langues","isPartOf":{"@id":"https:\/\/pmecdvlangues.ca\/es\/#website"},"primaryImageOfPage":{"@id":"https:\/\/pmecdvlangues.ca\/es\/clic-traduccion\/#primaryimage"},"image":{"@id":"https:\/\/pmecdvlangues.ca\/es\/clic-traduccion\/#primaryimage"},"thumbnailUrl":"https:\/\/pmecdvlangues.ca\/wp-content\/uploads\/2022\/03\/pmecdvlangues.png","datePublished":"2020-12-23T13:47:38+00:00","dateModified":"2022-06-21T20:30:58+00:00","description":"Traducci\u00f3n de documentos | CLIC Mont\u00e9r\u00e9gie ofrece servicios de traducci\u00f3n y revisi\u00f3n de documentos en diferentes idiomas","breadcrumb":{"@id":"https:\/\/pmecdvlangues.ca\/es\/clic-traduccion\/#breadcrumb"},"inLanguage":"es","potentialAction":[{"@type":"ReadAction","target":["https:\/\/pmecdvlangues.ca\/es\/clic-traduccion\/"]}]},{"@type":"ImageObject","inLanguage":"es","@id":"https:\/\/pmecdvlangues.ca\/es\/clic-traduccion\/#primaryimage","url":"https:\/\/pmecdvlangues.ca\/wp-content\/uploads\/2022\/03\/pmecdvlangues.png","contentUrl":"https:\/\/pmecdvlangues.ca\/wp-content\/uploads\/2022\/03\/pmecdvlangues.png","width":243,"height":54,"caption":"pmecdv langues"},{"@type":"BreadcrumbList","@id":"https:\/\/pmecdvlangues.ca\/es\/clic-traduccion\/#breadcrumb","itemListElement":[{"@type":"ListItem","position":1,"name":"Home","item":"https:\/\/pmecdvlangues.ca\/es\/"},{"@type":"ListItem","position":2,"name":"CLIC Tradducion"}]},{"@type":"WebSite","@id":"https:\/\/pmecdvlangues.ca\/es\/#website","url":"https:\/\/pmecdvlangues.ca\/es\/","name":"PME CDV Langues","description":"","publisher":{"@id":"https:\/\/pmecdvlangues.ca\/es\/#organization"},"potentialAction":[{"@type":"SearchAction","target":{"@type":"EntryPoint","urlTemplate":"https:\/\/pmecdvlangues.ca\/es\/?s={search_term_string}"},"query-input":{"@type":"PropertyValueSpecification","valueRequired":true,"valueName":"search_term_string"}}],"inLanguage":"es"},{"@type":"Organization","@id":"https:\/\/pmecdvlangues.ca\/es\/#organization","name":"CLIC Mont\u00e9r\u00e9gie","url":"https:\/\/pmecdvlangues.ca\/es\/","logo":{"@type":"ImageObject","inLanguage":"es","@id":"https:\/\/pmecdvlangues.ca\/es\/#\/schema\/logo\/image\/","url":"https:\/\/pmecdvlangues.ca\/wp-content\/uploads\/2021\/01\/logo-clic.jpg","contentUrl":"https:\/\/pmecdvlangues.ca\/wp-content\/uploads\/2021\/01\/logo-clic.jpg","width":1000,"height":1000,"caption":"CLIC Mont\u00e9r\u00e9gie"},"image":{"@id":"https:\/\/pmecdvlangues.ca\/es\/#\/schema\/logo\/image\/"},"sameAs":["https:\/\/www.facebook.com\/PMECLIC"]}]}},"_links":{"self":[{"href":"https:\/\/pmecdvlangues.ca\/es\/wp-json\/wp\/v2\/pages\/10425","targetHints":{"allow":["GET"]}}],"collection":[{"href":"https:\/\/pmecdvlangues.ca\/es\/wp-json\/wp\/v2\/pages"}],"about":[{"href":"https:\/\/pmecdvlangues.ca\/es\/wp-json\/wp\/v2\/types\/page"}],"author":[{"embeddable":true,"href":"https:\/\/pmecdvlangues.ca\/es\/wp-json\/wp\/v2\/users\/1"}],"replies":[{"embeddable":true,"href":"https:\/\/pmecdvlangues.ca\/es\/wp-json\/wp\/v2\/comments?post=10425"}],"version-history":[{"count":0,"href":"https:\/\/pmecdvlangues.ca\/es\/wp-json\/wp\/v2\/pages\/10425\/revisions"}],"wp:featuredmedia":[{"embeddable":true,"href":"https:\/\/pmecdvlangues.ca\/es\/wp-json\/wp\/v2\/media\/11425"}],"wp:attachment":[{"href":"https:\/\/pmecdvlangues.ca\/es\/wp-json\/wp\/v2\/media?parent=10425"}],"curies":[{"name":"wp","href":"https:\/\/api.w.org\/{rel}","templated":true}]}}