{"id":10409,"date":"2020-12-23T08:13:48","date_gmt":"2020-12-23T13:13:48","guid":{"rendered":"https:\/\/clicmonteregie.com\/francisation\/"},"modified":"2025-12-03T11:30:49","modified_gmt":"2025-12-03T16:30:49","slug":"francisacion","status":"publish","type":"page","link":"https:\/\/pmecdvlangues.ca\/es\/francisacion\/","title":{"rendered":"Francisacion"},"content":{"rendered":"\t\t<div data-elementor-type=\"wp-page\" data-elementor-id=\"10409\" class=\"elementor elementor-10409 elementor-9423\" data-elementor-settings=\"[]\">\n\t\t\t\t\t\t<div class=\"elementor-inner\">\n\t\t\t\t\t\t\t<div class=\"elementor-section-wrap\">\n\t\t\t\t\t\t\t<section class=\"elementor-section elementor-top-section elementor-element elementor-element-2903f9f elementor-section-stretched elementor-section-content-top elementor-section-boxed elementor-section-height-default elementor-section-height-default\" data-id=\"2903f9f\" data-element_type=\"section\" data-settings=\"{&quot;stretch_section&quot;:&quot;section-stretched&quot;,&quot;background_background&quot;:&quot;classic&quot;}\">\n\t\t\t\t\t\t<div class=\"elementor-container elementor-column-gap-default\">\n\t\t\t\t\t\t\t<div class=\"elementor-row\">\n\t\t\t\t\t<div class=\"elementor-column elementor-col-50 elementor-top-column elementor-element elementor-element-7495030\" data-id=\"7495030\" data-element_type=\"column\" data-settings=\"{&quot;background_background&quot;:&quot;classic&quot;}\">\n\t\t\t<div class=\"elementor-column-wrap elementor-element-populated\">\n\t\t\t\t\t\t\t<div class=\"elementor-widget-wrap\">\n\t\t\t\t\t\t<div class=\"elementor-element elementor-element-ee519a0 elementor-widget elementor-widget-rs-heading\" data-id=\"ee519a0\" data-element_type=\"widget\" data-widget_type=\"rs-heading.default\">\n\t\t\t\t<div class=\"elementor-widget-container\">\n\t\t\t        <div class=\"rs-heading default \">\r\n        \t<div class=\"title-inner\">\r\n        \t\t      \t\t\r\n\t            \t        <\/div>\r\n\t                <\/div>\r\n        \t\t<\/div>\n\t\t\t\t<\/div>\n\t\t\t\t<div class=\"elementor-element elementor-element-026424f elementor-widget elementor-widget-rs-heading\" data-id=\"026424f\" data-element_type=\"widget\" data-widget_type=\"rs-heading.default\">\n\t\t\t\t<div class=\"elementor-widget-container\">\n\t\t\t        <div class=\"rs-heading default \">\r\n        \t<div class=\"title-inner\">\r\n        \t\t      \t\t\r\n\t            \t        <\/div>\r\n\t                    \t<div class=\"description\">\r\n            \t\t<p><strong>\u00bfPor qu\u00e9 la francizaci\u00f3n de los trabajadores extranjeros es hoy en d\u00eda imprescindible para los empleadores en Quebec?<\/strong><\/p><p>Desde la adopci\u00f3n de la Ley 96 en 2022, la lengua francesa ocupa un lugar reforzado en los entornos laborales. El art\u00edculo 46 ahora exige que las empresas garanticen que sus empleados sean capaces de comunicarse en franc\u00e9s, tanto internamente como con la clientela. Este requisito se suma a las obligaciones relacionadas con la inmigraci\u00f3n, especialmente los niveles necesarios para renovar un permiso de trabajo o presentar una solicitud de residencia permanente.<\/p><p>Las reformas recientes del Ministerio de Inmigraci\u00f3n imponen exigencias ling\u00fc\u00edsticas precisas para la renovaci\u00f3n de los permisos de trabajo y la residencia permanente. Por ejemplo, se requiere ahora un nivel 4 o 7 en expresi\u00f3n oral, seg\u00fan el programa correspondiente. Para un empleador, esto significa que sin acompa\u00f1amiento ling\u00fc\u00edstico, un trabajador podr\u00eda no ser elegible para quedarse. La francizaci\u00f3n se convierte, por lo tanto, en un desaf\u00edo de retenci\u00f3n, pero tambi\u00e9n en una inversi\u00f3n estrat\u00e9gica en la estabilidad del equipo.<\/p>            \t\t\r\n            \t<\/div>\r\n        \t        <\/div>\r\n        \t\t<\/div>\n\t\t\t\t<\/div>\n\t\t\t\t\t\t<\/div>\n\t\t\t\t\t<\/div>\n\t\t<\/div>\n\t\t\t\t<div class=\"elementor-column elementor-col-50 elementor-top-column elementor-element elementor-element-76d8e8c\" data-id=\"76d8e8c\" data-element_type=\"column\" data-settings=\"{&quot;background_background&quot;:&quot;classic&quot;}\">\n\t\t\t<div class=\"elementor-column-wrap elementor-element-populated\">\n\t\t\t\t\t\t\t<div class=\"elementor-widget-wrap\">\n\t\t\t\t\t\t<div class=\"elementor-element elementor-element-598d4da elementor-widget elementor-widget-image\" data-id=\"598d4da\" data-element_type=\"widget\" data-widget_type=\"image.default\">\n\t\t\t\t<div class=\"elementor-widget-container\">\n\t\t\t\t\t\t\t\t<div class=\"elementor-image\">\n\t\t\t\t\t\t\t\t\t\t\t\t<img loading=\"lazy\" decoding=\"async\" width=\"640\" height=\"427\" src=\"https:\/\/pmecdvlangues.ca\/wp-content\/uploads\/2020\/12\/clic-monteregie-ecole-de-langue-cours-de-francais-anglais-espagnole-6.jpg\" class=\"attachment-large size-large\" alt=\"clic Mont\u00e9r\u00e9gie \u00e9cole de langue cours de fran\u00e7ais anglais espagnole francisation\" srcset=\"https:\/\/pmecdvlangues.ca\/wp-content\/uploads\/2020\/12\/clic-monteregie-ecole-de-langue-cours-de-francais-anglais-espagnole-6.jpg 700w, https:\/\/pmecdvlangues.ca\/wp-content\/uploads\/2020\/12\/clic-monteregie-ecole-de-langue-cours-de-francais-anglais-espagnole-6-300x200.jpg 300w, https:\/\/pmecdvlangues.ca\/wp-content\/uploads\/2020\/12\/clic-monteregie-ecole-de-langue-cours-de-francais-anglais-espagnole-6-600x400.jpg 600w\" sizes=\"auto, (max-width: 640px) 100vw, 640px\" \/>\t\t\t\t\t\t\t\t\t\t\t\t\t\t<\/div>\n\t\t\t\t\t\t<\/div>\n\t\t\t\t<\/div>\n\t\t\t\t<div class=\"elementor-element elementor-element-f126436 elementor-widget elementor-widget-menu-anchor\" data-id=\"f126436\" data-element_type=\"widget\" data-widget_type=\"menu-anchor.default\">\n\t\t\t\t<div class=\"elementor-widget-container\">\n\t\t\t\t\t<div id=\"SIMULATIONS-ET-SCENARIOS-PROFESSIONNELS\" class=\"elementor-menu-anchor\"><\/div>\n\t\t\t\t<\/div>\n\t\t\t\t<\/div>\n\t\t\t\t\t\t<\/div>\n\t\t\t\t\t<\/div>\n\t\t<\/div>\n\t\t\t\t\t\t\t\t<\/div>\n\t\t\t\t\t<\/div>\n\t\t<\/section>\n\t\t\t\t<section class=\"elementor-section elementor-top-section elementor-element elementor-element-db4bb2d elementor-section-stretched elementor-section-content-top elementor-section-boxed elementor-section-height-default elementor-section-height-default\" data-id=\"db4bb2d\" data-element_type=\"section\" data-settings=\"{&quot;stretch_section&quot;:&quot;section-stretched&quot;,&quot;background_background&quot;:&quot;classic&quot;}\">\n\t\t\t\t\t\t<div class=\"elementor-container elementor-column-gap-default\">\n\t\t\t\t\t\t\t<div class=\"elementor-row\">\n\t\t\t\t\t<div class=\"elementor-column elementor-col-50 elementor-top-column elementor-element elementor-element-b050ea7\" data-id=\"b050ea7\" data-element_type=\"column\" data-settings=\"{&quot;background_background&quot;:&quot;classic&quot;}\">\n\t\t\t<div class=\"elementor-column-wrap elementor-element-populated\">\n\t\t\t\t\t\t\t<div class=\"elementor-widget-wrap\">\n\t\t\t\t\t\t<div class=\"elementor-element elementor-element-dc58aaa elementor-widget elementor-widget-rs-heading\" data-id=\"dc58aaa\" data-element_type=\"widget\" data-widget_type=\"rs-heading.default\">\n\t\t\t\t<div class=\"elementor-widget-container\">\n\t\t\t        <div class=\"rs-heading default \">\r\n        \t<div class=\"title-inner\">\r\n        \t\t      \t\t\r\n\t            \t        <\/div>\r\n\t                    \t<div class=\"description\">\r\n            \t\t<p><strong>\u00bfQu\u00e9 desaf\u00edos representa esto para los empleadores, especialmente en un contexto de escasez de mano de obra?<\/strong><\/p><p>Muchas empresas reciben hoy en d\u00eda a trabajadores extranjeros que no hablan franc\u00e9s. Sin una formaci\u00f3n ling\u00fc\u00edstica adecuada, estos empleados pueden encontrarse en situaciones de vulnerabilidad, tanto a nivel profesional como jur\u00eddico. El incumplimiento de los requisitos de la Ley 96 puede acarrear sanciones, pero tambi\u00e9n genera incomodidad dentro de los equipos, donde la comunicaci\u00f3n se fragmenta. Ofrecer una francizaci\u00f3n espec\u00edfica, contextualizada y accesible permite anticipar estos riesgos y, al mismo tiempo, poner en valor el capital humano.<\/p>            \t\t\r\n            \t<\/div>\r\n        \t        <\/div>\r\n        \t\t<\/div>\n\t\t\t\t<\/div>\n\t\t\t\t\t\t<\/div>\n\t\t\t\t\t<\/div>\n\t\t<\/div>\n\t\t\t\t<div class=\"elementor-column elementor-col-50 elementor-top-column elementor-element elementor-element-cc09c45\" data-id=\"cc09c45\" data-element_type=\"column\" data-settings=\"{&quot;background_background&quot;:&quot;classic&quot;}\">\n\t\t\t<div class=\"elementor-column-wrap elementor-element-populated\">\n\t\t\t\t\t\t\t<div class=\"elementor-widget-wrap\">\n\t\t\t\t\t\t<div class=\"elementor-element elementor-element-4f2f679 elementor-widget elementor-widget-rs-heading\" data-id=\"4f2f679\" data-element_type=\"widget\" data-widget_type=\"rs-heading.default\">\n\t\t\t\t<div class=\"elementor-widget-container\">\n\t\t\t        <div class=\"rs-heading default \">\r\n        \t<div class=\"title-inner\">\r\n        \t\t      \t\t\r\n\t            \t        <\/div>\r\n\t                    \t<div class=\"description\">\r\n            \t\t<p><strong>\u00bfY desde el punto de vista legal, c\u00f3mo ayuda esto a los empleadores a cumplir con les exigences?<\/strong><\/p><p>Es fundamental. El art\u00edculo 5 de la Ley 96 establece que el derecho de los consumidores a recibir servicios en franc\u00e9s se aplica a todas las empresas. Nuestros cursos preparan a los empleados para interactuar eficazmente en franc\u00e9s en el desempe\u00f1o de sus funciones, ya sea en el mostrador, por tel\u00e9fono o en la l\u00ednea de producci\u00f3n.<\/p><p><strong>\u00bfUn mensaje para los empleadores que a\u00fan dudan?<\/strong><\/p><p>La francizaci\u00f3n no es una carga. Es un acto de gesti\u00f3n proactiva que mejora la comunicaci\u00f3n, favorece el compromiso y garantiza el cumplimiento legal. Tambi\u00e9n es un poderoso mensaje de inclusi\u00f3n. Al elegir dotar a sus empleados de competencias en franc\u00e9s, las empresas est\u00e1n invirtiendo en su futuro colectivo en Quebec.<\/p>            \t\t\r\n            \t<\/div>\r\n        \t        <\/div>\r\n        \t\t<\/div>\n\t\t\t\t<\/div>\n\t\t\t\t<div class=\"elementor-element elementor-element-7aff0cf elementor-widget elementor-widget-menu-anchor\" data-id=\"7aff0cf\" data-element_type=\"widget\" data-widget_type=\"menu-anchor.default\">\n\t\t\t\t<div class=\"elementor-widget-container\">\n\t\t\t\t\t<div id=\"DEROULEMENT-DE-CHAQUE-COURS\" class=\"elementor-menu-anchor\"><\/div>\n\t\t\t\t<\/div>\n\t\t\t\t<\/div>\n\t\t\t\t\t\t<\/div>\n\t\t\t\t\t<\/div>\n\t\t<\/div>\n\t\t\t\t\t\t\t\t<\/div>\n\t\t\t\t\t<\/div>\n\t\t<\/section>\n\t\t\t\t<section class=\"elementor-section elementor-top-section elementor-element elementor-element-07db7a4 elementor-section-stretched elementor-section-content-middle elementor-section-boxed elementor-section-height-default elementor-section-height-default\" data-id=\"07db7a4\" data-element_type=\"section\" data-settings=\"{&quot;stretch_section&quot;:&quot;section-stretched&quot;,&quot;background_background&quot;:&quot;classic&quot;}\">\n\t\t\t\t\t\t<div class=\"elementor-container elementor-column-gap-default\">\n\t\t\t\t\t\t\t<div class=\"elementor-row\">\n\t\t\t\t\t<div class=\"elementor-column elementor-col-100 elementor-top-column elementor-element elementor-element-74dfe3f\" data-id=\"74dfe3f\" data-element_type=\"column\" data-settings=\"{&quot;background_background&quot;:&quot;classic&quot;}\">\n\t\t\t<div class=\"elementor-column-wrap elementor-element-populated\">\n\t\t\t\t\t\t\t<div class=\"elementor-widget-wrap\">\n\t\t\t\t\t\t<div class=\"elementor-element elementor-element-8f7f8a0 elementor-widget elementor-widget-rs-heading\" data-id=\"8f7f8a0\" data-element_type=\"widget\" data-widget_type=\"rs-heading.default\">\n\t\t\t\t<div class=\"elementor-widget-container\">\n\t\t\t        <div class=\"rs-heading default \">\r\n        \t<div class=\"title-inner\">\r\n        \t\t      \t\t\r\n\t            <h2 class=\"title\"><span class=\"watermark\"><\/span><p style=\"text-align: center\">ESCALA DE EVALUACION<\/p><\/h2>\t        <\/div>\r\n\t                <\/div>\r\n        \t\t<\/div>\n\t\t\t\t<\/div>\n\t\t\t\t<div class=\"elementor-element elementor-element-ec5588e elementor-align-center elementor-widget elementor-widget-button\" data-id=\"ec5588e\" data-element_type=\"widget\" data-widget_type=\"button.default\">\n\t\t\t\t<div class=\"elementor-widget-container\">\n\t\t\t\t\t<div class=\"elementor-button-wrapper\">\n\t\t\t<a href=\"https:\/\/pmecdvlangues.ca\/wp-content\/uploads\/2021\/02\/CECR_grid_spanish.pdf\" target=\"_blank\" class=\"elementor-button-link elementor-button elementor-size-lg\" role=\"button\">\n\t\t\t\t\t\t<span class=\"elementor-button-content-wrapper\">\n\t\t\t\t\t\t<span class=\"elementor-button-text\">DESCARGUELO AQUI<\/span>\n\t\t<\/span>\n\t\t\t\t\t<\/a>\n\t\t<\/div>\n\t\t\t\t<\/div>\n\t\t\t\t<\/div>\n\t\t\t\t<div class=\"elementor-element elementor-element-c1ed132 elementor-widget elementor-widget-menu-anchor\" data-id=\"c1ed132\" data-element_type=\"widget\" data-widget_type=\"menu-anchor.default\">\n\t\t\t\t<div class=\"elementor-widget-container\">\n\t\t\t\t\t<div id=\"INVESTISSEMENTPERSONNELLEXTRIEURDESCOURS\" class=\"elementor-menu-anchor\"><\/div>\n\t\t\t\t<\/div>\n\t\t\t\t<\/div>\n\t\t\t\t\t\t<\/div>\n\t\t\t\t\t<\/div>\n\t\t<\/div>\n\t\t\t\t\t\t\t\t<\/div>\n\t\t\t\t\t<\/div>\n\t\t<\/section>\n\t\t\t\t\t\t<\/div>\n\t\t\t\t\t\t<\/div>\n\t\t\t\t\t<\/div>\n\t\t","protected":false},"excerpt":{"rendered":"<p>\u00bfPor qu\u00e9 la francizaci\u00f3n de los trabajadores extranjeros es hoy en d\u00eda imprescindible para los empleadores en Quebec? Desde la adopci\u00f3n de la Ley 96 en 2022, la lengua francesa ocupa un lugar reforzado en los entornos laborales. El art\u00edculo 46 ahora exige que las empresas garanticen que sus empleados sean capaces de comunicarse en&#8230;<\/p>\n","protected":false},"author":1,"featured_media":0,"parent":0,"menu_order":0,"comment_status":"closed","ping_status":"closed","template":"","meta":{"_exactmetrics_skip_tracking":false,"_exactmetrics_sitenote_active":false,"_exactmetrics_sitenote_note":"","_exactmetrics_sitenote_category":0,"footnotes":""},"class_list":["post-10409","page","type-page","status-publish","hentry"],"yoast_head":"<!-- This site is optimized with the Yoast SEO plugin v25.6 - https:\/\/yoast.com\/wordpress\/plugins\/seo\/ -->\n<title>Francisacion - PME CDV Langues | Para empleados inmigrantes<\/title>\n<meta name=\"description\" content=\"La integraci\u00f3n de los trabajadores no franc\u00f3fonos o emigrantes en Quebec reposa en sus aptitudes de poder comunicarse en sus centros laborales en la lengua del pa\u00eds.\" \/>\n<meta name=\"robots\" content=\"index, follow, max-snippet:-1, max-image-preview:large, max-video-preview:-1\" \/>\n<link rel=\"canonical\" href=\"https:\/\/pmecdvlangues.ca\/es\/francisacion\/\" \/>\n<meta property=\"og:locale\" content=\"es_ES\" \/>\n<meta property=\"og:type\" content=\"article\" \/>\n<meta property=\"og:title\" content=\"PMECDV LANGUES | Para empleados inmigrantes\" \/>\n<meta property=\"og:description\" content=\"La integraci\u00f3n de los trabajadores no franc\u00f3fonos o emigrantes en Quebec reposa en sus aptitudes de poder comunicarse en sus centros laborales en la lengua del pa\u00eds de acogida. Las dificultades concretas encontradas imponen abordar las dimensiones del lenguaje: funcional, intercultural y cr\u00edtico.\" \/>\n<meta property=\"og:url\" content=\"https:\/\/pmecdvlangues.ca\/es\/francisacion\/\" \/>\n<meta property=\"og:site_name\" content=\"PME CDV Langues\" \/>\n<meta property=\"article:publisher\" content=\"https:\/\/www.facebook.com\/PMECLIC\" \/>\n<meta property=\"article:modified_time\" content=\"2025-12-03T16:30:49+00:00\" \/>\n<meta property=\"og:image\" content=\"https:\/\/pmecdvlangues.ca\/wp-content\/uploads\/2022\/03\/pmecdvlangues.png\" \/>\n\t<meta property=\"og:image:width\" content=\"243\" \/>\n\t<meta property=\"og:image:height\" content=\"54\" \/>\n\t<meta property=\"og:image:type\" content=\"image\/png\" \/>\n<meta name=\"twitter:card\" content=\"summary_large_image\" \/>\n<meta name=\"twitter:title\" content=\"PMECDV LANGUES | Para empleados inmigrantes\" \/>\n<meta name=\"twitter:description\" content=\"La integraci\u00f3n de los trabajadores no franc\u00f3fonos o emigrantes en Quebec reposa en sus aptitudes de poder comunicarse en sus centros laborales en la lengua del pa\u00eds de acogida. Las dificultades concretas encontradas imponen abordar las dimensiones del lenguaje: funcional, intercultural y cr\u00edtico.\" \/>\n<meta name=\"twitter:image\" content=\"https:\/\/pmecdvlangues.ca\/wp-content\/uploads\/2022\/03\/pmecdvlangues.png\" \/>\n<meta name=\"twitter:label1\" content=\"Tiempo de lectura\" \/>\n\t<meta name=\"twitter:data1\" content=\"2 minutos\" \/>\n<script type=\"application\/ld+json\" class=\"yoast-schema-graph\">{\"@context\":\"https:\/\/schema.org\",\"@graph\":[{\"@type\":\"WebPage\",\"@id\":\"https:\/\/pmecdvlangues.ca\/es\/francisacion\/\",\"url\":\"https:\/\/pmecdvlangues.ca\/es\/francisacion\/\",\"name\":\"Francisacion - PME CDV Langues | Para empleados inmigrantes\",\"isPartOf\":{\"@id\":\"https:\/\/pmecdvlangues.ca\/es\/#website\"},\"primaryImageOfPage\":{\"@id\":\"https:\/\/pmecdvlangues.ca\/es\/francisacion\/#primaryimage\"},\"image\":{\"@id\":\"https:\/\/pmecdvlangues.ca\/es\/francisacion\/#primaryimage\"},\"thumbnailUrl\":\"https:\/\/pmecdvlangues.ca\/wp-content\/uploads\/2020\/12\/clic-monteregie-ecole-de-langue-cours-de-francais-anglais-espagnole-6.jpg\",\"datePublished\":\"2020-12-23T13:13:48+00:00\",\"dateModified\":\"2025-12-03T16:30:49+00:00\",\"description\":\"La integraci\u00f3n de los trabajadores no franc\u00f3fonos o emigrantes en Quebec reposa en sus aptitudes de poder comunicarse en sus centros laborales en la lengua del pa\u00eds.\",\"breadcrumb\":{\"@id\":\"https:\/\/pmecdvlangues.ca\/es\/francisacion\/#breadcrumb\"},\"inLanguage\":\"es\",\"potentialAction\":[{\"@type\":\"ReadAction\",\"target\":[\"https:\/\/pmecdvlangues.ca\/es\/francisacion\/\"]}]},{\"@type\":\"ImageObject\",\"inLanguage\":\"es\",\"@id\":\"https:\/\/pmecdvlangues.ca\/es\/francisacion\/#primaryimage\",\"url\":\"https:\/\/pmecdvlangues.ca\/wp-content\/uploads\/2020\/12\/clic-monteregie-ecole-de-langue-cours-de-francais-anglais-espagnole-6.jpg\",\"contentUrl\":\"https:\/\/pmecdvlangues.ca\/wp-content\/uploads\/2020\/12\/clic-monteregie-ecole-de-langue-cours-de-francais-anglais-espagnole-6.jpg\"},{\"@type\":\"BreadcrumbList\",\"@id\":\"https:\/\/pmecdvlangues.ca\/es\/francisacion\/#breadcrumb\",\"itemListElement\":[{\"@type\":\"ListItem\",\"position\":1,\"name\":\"Home\",\"item\":\"https:\/\/pmecdvlangues.ca\/es\/\"},{\"@type\":\"ListItem\",\"position\":2,\"name\":\"Francisacion\"}]},{\"@type\":\"WebSite\",\"@id\":\"https:\/\/pmecdvlangues.ca\/es\/#website\",\"url\":\"https:\/\/pmecdvlangues.ca\/es\/\",\"name\":\"PME CDV Langues\",\"description\":\"\",\"publisher\":{\"@id\":\"https:\/\/pmecdvlangues.ca\/es\/#organization\"},\"potentialAction\":[{\"@type\":\"SearchAction\",\"target\":{\"@type\":\"EntryPoint\",\"urlTemplate\":\"https:\/\/pmecdvlangues.ca\/es\/?s={search_term_string}\"},\"query-input\":{\"@type\":\"PropertyValueSpecification\",\"valueRequired\":true,\"valueName\":\"search_term_string\"}}],\"inLanguage\":\"es\"},{\"@type\":\"Organization\",\"@id\":\"https:\/\/pmecdvlangues.ca\/es\/#organization\",\"name\":\"CLIC Mont\u00e9r\u00e9gie\",\"url\":\"https:\/\/pmecdvlangues.ca\/es\/\",\"logo\":{\"@type\":\"ImageObject\",\"inLanguage\":\"es\",\"@id\":\"https:\/\/pmecdvlangues.ca\/es\/#\/schema\/logo\/image\/\",\"url\":\"https:\/\/pmecdvlangues.ca\/wp-content\/uploads\/2021\/01\/logo-clic.jpg\",\"contentUrl\":\"https:\/\/pmecdvlangues.ca\/wp-content\/uploads\/2021\/01\/logo-clic.jpg\",\"width\":1000,\"height\":1000,\"caption\":\"CLIC Mont\u00e9r\u00e9gie\"},\"image\":{\"@id\":\"https:\/\/pmecdvlangues.ca\/es\/#\/schema\/logo\/image\/\"},\"sameAs\":[\"https:\/\/www.facebook.com\/PMECLIC\"]}]}<\/script>\n<!-- \/ Yoast SEO plugin. -->","yoast_head_json":{"title":"Francisacion - PME CDV Langues | Para empleados inmigrantes","description":"La integraci\u00f3n de los trabajadores no franc\u00f3fonos o emigrantes en Quebec reposa en sus aptitudes de poder comunicarse en sus centros laborales en la lengua del pa\u00eds.","robots":{"index":"index","follow":"follow","max-snippet":"max-snippet:-1","max-image-preview":"max-image-preview:large","max-video-preview":"max-video-preview:-1"},"canonical":"https:\/\/pmecdvlangues.ca\/es\/francisacion\/","og_locale":"es_ES","og_type":"article","og_title":"PMECDV LANGUES | Para empleados inmigrantes","og_description":"La integraci\u00f3n de los trabajadores no franc\u00f3fonos o emigrantes en Quebec reposa en sus aptitudes de poder comunicarse en sus centros laborales en la lengua del pa\u00eds de acogida. Las dificultades concretas encontradas imponen abordar las dimensiones del lenguaje: funcional, intercultural y cr\u00edtico.","og_url":"https:\/\/pmecdvlangues.ca\/es\/francisacion\/","og_site_name":"PME CDV Langues","article_publisher":"https:\/\/www.facebook.com\/PMECLIC","article_modified_time":"2025-12-03T16:30:49+00:00","og_image":[{"width":243,"height":54,"url":"https:\/\/pmecdvlangues.ca\/wp-content\/uploads\/2022\/03\/pmecdvlangues.png","type":"image\/png"}],"twitter_card":"summary_large_image","twitter_title":"PMECDV LANGUES | Para empleados inmigrantes","twitter_description":"La integraci\u00f3n de los trabajadores no franc\u00f3fonos o emigrantes en Quebec reposa en sus aptitudes de poder comunicarse en sus centros laborales en la lengua del pa\u00eds de acogida. Las dificultades concretas encontradas imponen abordar las dimensiones del lenguaje: funcional, intercultural y cr\u00edtico.","twitter_image":"https:\/\/pmecdvlangues.ca\/wp-content\/uploads\/2022\/03\/pmecdvlangues.png","twitter_misc":{"Tiempo de lectura":"2 minutos"},"schema":{"@context":"https:\/\/schema.org","@graph":[{"@type":"WebPage","@id":"https:\/\/pmecdvlangues.ca\/es\/francisacion\/","url":"https:\/\/pmecdvlangues.ca\/es\/francisacion\/","name":"Francisacion - PME CDV Langues | Para empleados inmigrantes","isPartOf":{"@id":"https:\/\/pmecdvlangues.ca\/es\/#website"},"primaryImageOfPage":{"@id":"https:\/\/pmecdvlangues.ca\/es\/francisacion\/#primaryimage"},"image":{"@id":"https:\/\/pmecdvlangues.ca\/es\/francisacion\/#primaryimage"},"thumbnailUrl":"https:\/\/pmecdvlangues.ca\/wp-content\/uploads\/2020\/12\/clic-monteregie-ecole-de-langue-cours-de-francais-anglais-espagnole-6.jpg","datePublished":"2020-12-23T13:13:48+00:00","dateModified":"2025-12-03T16:30:49+00:00","description":"La integraci\u00f3n de los trabajadores no franc\u00f3fonos o emigrantes en Quebec reposa en sus aptitudes de poder comunicarse en sus centros laborales en la lengua del pa\u00eds.","breadcrumb":{"@id":"https:\/\/pmecdvlangues.ca\/es\/francisacion\/#breadcrumb"},"inLanguage":"es","potentialAction":[{"@type":"ReadAction","target":["https:\/\/pmecdvlangues.ca\/es\/francisacion\/"]}]},{"@type":"ImageObject","inLanguage":"es","@id":"https:\/\/pmecdvlangues.ca\/es\/francisacion\/#primaryimage","url":"https:\/\/pmecdvlangues.ca\/wp-content\/uploads\/2020\/12\/clic-monteregie-ecole-de-langue-cours-de-francais-anglais-espagnole-6.jpg","contentUrl":"https:\/\/pmecdvlangues.ca\/wp-content\/uploads\/2020\/12\/clic-monteregie-ecole-de-langue-cours-de-francais-anglais-espagnole-6.jpg"},{"@type":"BreadcrumbList","@id":"https:\/\/pmecdvlangues.ca\/es\/francisacion\/#breadcrumb","itemListElement":[{"@type":"ListItem","position":1,"name":"Home","item":"https:\/\/pmecdvlangues.ca\/es\/"},{"@type":"ListItem","position":2,"name":"Francisacion"}]},{"@type":"WebSite","@id":"https:\/\/pmecdvlangues.ca\/es\/#website","url":"https:\/\/pmecdvlangues.ca\/es\/","name":"PME CDV Langues","description":"","publisher":{"@id":"https:\/\/pmecdvlangues.ca\/es\/#organization"},"potentialAction":[{"@type":"SearchAction","target":{"@type":"EntryPoint","urlTemplate":"https:\/\/pmecdvlangues.ca\/es\/?s={search_term_string}"},"query-input":{"@type":"PropertyValueSpecification","valueRequired":true,"valueName":"search_term_string"}}],"inLanguage":"es"},{"@type":"Organization","@id":"https:\/\/pmecdvlangues.ca\/es\/#organization","name":"CLIC Mont\u00e9r\u00e9gie","url":"https:\/\/pmecdvlangues.ca\/es\/","logo":{"@type":"ImageObject","inLanguage":"es","@id":"https:\/\/pmecdvlangues.ca\/es\/#\/schema\/logo\/image\/","url":"https:\/\/pmecdvlangues.ca\/wp-content\/uploads\/2021\/01\/logo-clic.jpg","contentUrl":"https:\/\/pmecdvlangues.ca\/wp-content\/uploads\/2021\/01\/logo-clic.jpg","width":1000,"height":1000,"caption":"CLIC Mont\u00e9r\u00e9gie"},"image":{"@id":"https:\/\/pmecdvlangues.ca\/es\/#\/schema\/logo\/image\/"},"sameAs":["https:\/\/www.facebook.com\/PMECLIC"]}]}},"_links":{"self":[{"href":"https:\/\/pmecdvlangues.ca\/es\/wp-json\/wp\/v2\/pages\/10409","targetHints":{"allow":["GET"]}}],"collection":[{"href":"https:\/\/pmecdvlangues.ca\/es\/wp-json\/wp\/v2\/pages"}],"about":[{"href":"https:\/\/pmecdvlangues.ca\/es\/wp-json\/wp\/v2\/types\/page"}],"author":[{"embeddable":true,"href":"https:\/\/pmecdvlangues.ca\/es\/wp-json\/wp\/v2\/users\/1"}],"replies":[{"embeddable":true,"href":"https:\/\/pmecdvlangues.ca\/es\/wp-json\/wp\/v2\/comments?post=10409"}],"version-history":[{"count":8,"href":"https:\/\/pmecdvlangues.ca\/es\/wp-json\/wp\/v2\/pages\/10409\/revisions"}],"predecessor-version":[{"id":12542,"href":"https:\/\/pmecdvlangues.ca\/es\/wp-json\/wp\/v2\/pages\/10409\/revisions\/12542"}],"wp:attachment":[{"href":"https:\/\/pmecdvlangues.ca\/es\/wp-json\/wp\/v2\/media?parent=10409"}],"curies":[{"name":"wp","href":"https:\/\/api.w.org\/{rel}","templated":true}]}}