{"id":12659,"date":"2021-05-17T09:06:03","date_gmt":"2021-05-17T13:06:03","guid":{"rendered":"https:\/\/pmecdvlangues.ca\/blogue\/"},"modified":"2026-02-11T11:34:05","modified_gmt":"2026-02-11T16:34:05","slug":"blog","status":"publish","type":"page","link":"https:\/\/pmecdvlangues.ca\/en\/blog\/","title":{"rendered":"Blog"},"content":{"rendered":"\t\t<div data-elementor-type=\"wp-page\" data-elementor-id=\"12659\" class=\"elementor elementor-12659 elementor-10843\" data-elementor-settings=\"[]\">\n\t\t\t\t\t\t<div class=\"elementor-inner\">\n\t\t\t\t\t\t\t<div class=\"elementor-section-wrap\">\n\t\t\t\t\t\t\t<section class=\"elementor-section elementor-top-section elementor-element elementor-element-f50e805 elementor-section-boxed elementor-section-height-default elementor-section-height-default\" data-id=\"f50e805\" data-element_type=\"section\">\n\t\t\t\t\t\t<div class=\"elementor-container elementor-column-gap-default\">\n\t\t\t\t\t\t\t<div class=\"elementor-row\">\n\t\t\t\t\t<div class=\"elementor-column elementor-col-100 elementor-top-column elementor-element elementor-element-1cf406e\" data-id=\"1cf406e\" data-element_type=\"column\">\n\t\t\t<div class=\"elementor-column-wrap elementor-element-populated\">\n\t\t\t\t\t\t\t<div class=\"elementor-widget-wrap\">\n\t\t\t\t\t\t<div class=\"elementor-element elementor-element-6ecdd10 elementor-widget elementor-widget-rsblog\" data-id=\"6ecdd10\" data-element_type=\"widget\" data-widget_type=\"rsblog.default\">\n\t\t\t\t<div class=\"elementor-widget-container\">\n\t\t\t         \r\n\t\t<div class=\"rs-blog-grid rs-blog-grid2\">            \r\n\t\t\t\r\n            <div class=\"row blog-gird-item\">\r\n                \r\n\t\t\t \t\t\t\t\t\t\r\n\t\t\t\t\t<div class=\"grid-item col-lg-12  filter_blogue-en \">\r\n\r\n                        \t                        <div class=\"row align-items-center no-gutter blog-item rs-blog-grid1\">                    \r\n\t                                \r\n\t                                <div class=\"col-md-6 1\">\r\n\t                                    <div class=\"image-part\">\r\n\t                                        <a href=\"https:\/\/pmecdvlangues.ca\/en\/an-eastern-ontario-company-invests-in-french-a-strategic-lever-to-better-serve-its-french-speaking-clients\/\">\r\n\t                                        <img loading=\"lazy\" decoding=\"async\" width=\"1536\" height=\"1024\" src=\"https:\/\/pmecdvlangues.ca\/wp-content\/uploads\/2026\/04\/An-Eastern-Ontario-company-invests-in-French.jpg\" class=\"attachment-full size-full wp-post-image\" alt=\"\" srcset=\"https:\/\/pmecdvlangues.ca\/wp-content\/uploads\/2026\/04\/An-Eastern-Ontario-company-invests-in-French.jpg 1536w, https:\/\/pmecdvlangues.ca\/wp-content\/uploads\/2026\/04\/An-Eastern-Ontario-company-invests-in-French-300x200.jpg 300w, https:\/\/pmecdvlangues.ca\/wp-content\/uploads\/2026\/04\/An-Eastern-Ontario-company-invests-in-French-1024x683.jpg 1024w, https:\/\/pmecdvlangues.ca\/wp-content\/uploads\/2026\/04\/An-Eastern-Ontario-company-invests-in-French-768x512.jpg 768w, https:\/\/pmecdvlangues.ca\/wp-content\/uploads\/2026\/04\/An-Eastern-Ontario-company-invests-in-French-600x400.jpg 600w\" sizes=\"auto, (max-width: 1536px) 100vw, 1536px\" \/>\t                                        <\/a> \r\n\t                                    <\/div>\r\n\t                                <\/div>\r\n\t                                <div class=\"col-md-6\">\r\n\t                                    <div class=\"blog-content\">\r\n\t                                    \r\n\t                                       \t                                        <ul class=\"blog-meta\">\r\n\t                                            \t                                                \t                                                <li><i class=\"fa fa-calendar-check-o\"><\/i> Apr 20 26<\/li>\r\n\t                                                \t                                            \t                                            \t                                        <\/ul>\r\n\t                                        \t                                        \t                                        <h3 class=\"title dd\"><a href=\"https:\/\/pmecdvlangues.ca\/en\/an-eastern-ontario-company-invests-in-french-a-strategic-lever-to-better-serve-its-french-speaking-clients\/\">An Eastern Ontario company invests in French: a strategic lever to better serve its French-speaking clients<\/a><\/h3>\r\n\t                                        \t                                            <p class=\"txt\">An Eastern Ontario company invests in French: a strategic lever to better serve its French-speaking clients A fast-growing Ontario-based company...<\/p>\r\n\t                                        \t                                        \t                                            <div class=\"btn-part\">\r\n\t                                                <a class=\"readon-arrow\" href=\"https:\/\/pmecdvlangues.ca\/en\/an-eastern-ontario-company-invests-in-french-a-strategic-lever-to-better-serve-its-french-speaking-clients\/\">\r\n\t                                                    Lire la suite <i class=\"fa fa fa-angle-right\"><\/i>\r\n\t                                                <\/a>\r\n\t                                            <\/div>\r\n\t                                        \t                                    <\/div>\r\n\t                                <\/div>\r\n\t                            \r\n\t                        <\/div>\r\n                                                    \r\n                    <\/div>\r\n\t\t\t\t\t\t\t\t\t\t\r\n\t\t\t\t\t<div class=\"grid-item col-lg-12  filter_blogue-en \">\r\n\r\n                        \t                        <div class=\"row align-items-center no-gutter blog-item rs-blog-grid1\">                    \r\n\t                                 \r\n\t                                <div class=\"col-md-6 2\">\r\n\t                                    <div class=\"blog-content\">\r\n\t                                    \r\n\t                                       \t                                        <ul class=\"blog-meta\">\r\n\t                                            \t                                                \t                                                <li> <i class=\"fa fa-calendar-check-o\"><\/i> Feb 11 26<\/li>\r\n\t                                                \t                                            \t                                            \t                                        <\/ul>\r\n\t                                        \t                                        \t                                        <h3 class=\"title dd\"><a href=\"https:\/\/pmecdvlangues.ca\/en\/understanding-bill-96\/\">Understanding Bill 96:<\/a><\/h3>\r\n\t                                        \t                                            <p class=\"txt\">Understanding Bill 96: What all Canadian businesses need to know in order to serve Quebec customers in\u00a0French Since the coming...<\/p>\r\n\t                                        \t                                        \t                                            <div class=\"btn-part\">\r\n\t                                                <a class=\"readon-arrow\" href=\"https:\/\/pmecdvlangues.ca\/en\/understanding-bill-96\/\">\r\n\t                                                    Lire la suite <i class=\"fa fa fa-angle-right\"><\/i>\r\n\t                                                <\/a>\r\n\t                                            <\/div>\r\n\t                                        \t                                    <\/div>\r\n\t                                <\/div>\r\n\t                                <div class=\"col-md-6\">\r\n\t                                    <div class=\"image-part\">\r\n\t                                        <a href=\"https:\/\/pmecdvlangues.ca\/en\/understanding-bill-96\/\">\r\n\t                                        <img loading=\"lazy\" decoding=\"async\" width=\"1536\" height=\"1024\" src=\"https:\/\/pmecdvlangues.ca\/wp-content\/uploads\/2026\/02\/Blogue-fevren.jpg\" class=\"attachment-full size-full wp-post-image\" alt=\"Understanding Bill 96: What all Canadian businesses need to know in order to serve Quebec customers in French\" srcset=\"https:\/\/pmecdvlangues.ca\/wp-content\/uploads\/2026\/02\/Blogue-fevren.jpg 1536w, https:\/\/pmecdvlangues.ca\/wp-content\/uploads\/2026\/02\/Blogue-fevren-300x200.jpg 300w, https:\/\/pmecdvlangues.ca\/wp-content\/uploads\/2026\/02\/Blogue-fevren-1024x683.jpg 1024w, https:\/\/pmecdvlangues.ca\/wp-content\/uploads\/2026\/02\/Blogue-fevren-768x512.jpg 768w, https:\/\/pmecdvlangues.ca\/wp-content\/uploads\/2026\/02\/Blogue-fevren-600x400.jpg 600w\" sizes=\"auto, (max-width: 1536px) 100vw, 1536px\" \/>\t                                        <\/a> \r\n\t                                    <\/div>\r\n\t                                <\/div>\r\n\t                           \r\n\t                        <\/div>\r\n                                                    \r\n                    <\/div>\r\n\t\t\t\t\t                 \r\n                         \r\n                <\/div>   \r\n                               \r\n            \t    \r\n                              \r\n\t\t<\/div>\r\n\t   \t\t<\/div>\n\t\t\t\t<\/div>\n\t\t\t\t\t\t<\/div>\n\t\t\t\t\t<\/div>\n\t\t<\/div>\n\t\t\t\t\t\t\t\t<\/div>\n\t\t\t\t\t<\/div>\n\t\t<\/section>\n\t\t\t\t\t\t<\/div>\n\t\t\t\t\t\t<\/div>\n\t\t\t\t\t<\/div>\n\t\t","protected":false},"excerpt":{"rendered":"<p>D\u00e9c 11 25 Espagnol pour les entreprises agricoles : un investissement strat\u00e9gique Chaque ann\u00e9e, des milliers de travailleurs saisonniers du Mexique et du Guatemala viennent soutenir les entreprises agricoles du Qu\u00e9bec. Leur&#8230; Lire la suite Mar 18 22 10 phrases \u00e0 conna\u00eetre en espagnol pour voyager Vous pr\u00e9voyez faire un voyage dans le Sud prochainement&#8230;<\/p>\n","protected":false},"author":1,"featured_media":0,"parent":0,"menu_order":0,"comment_status":"closed","ping_status":"closed","template":"","meta":{"_exactmetrics_skip_tracking":false,"_exactmetrics_sitenote_active":false,"_exactmetrics_sitenote_note":"","_exactmetrics_sitenote_category":0,"footnotes":""},"class_list":["post-12659","page","type-page","status-publish","hentry"],"yoast_head":"<!-- This site is optimized with the Yoast SEO plugin v25.6 - https:\/\/yoast.com\/wordpress\/plugins\/seo\/ -->\n<title>Blog - PME CDV Langues<\/title>\n<meta name=\"robots\" content=\"index, follow, max-snippet:-1, max-image-preview:large, max-video-preview:-1\" \/>\n<link rel=\"canonical\" href=\"https:\/\/pmecdvlangues.ca\/en\/blog\/\" \/>\n<meta property=\"og:locale\" content=\"en_US\" \/>\n<meta property=\"og:type\" content=\"article\" \/>\n<meta property=\"og:title\" content=\"Blog - PME CDV Langues\" \/>\n<meta property=\"og:description\" content=\"D\u00e9c 11 25 Espagnol pour les entreprises agricoles : un investissement strat\u00e9gique Chaque ann\u00e9e, des milliers de travailleurs saisonniers du Mexique et du Guatemala viennent soutenir les entreprises agricoles du Qu\u00e9bec. Leur&#8230; Lire la suite Mar 18 22 10 phrases \u00e0 conna\u00eetre en espagnol pour voyager Vous pr\u00e9voyez faire un voyage dans le Sud prochainement...\" \/>\n<meta property=\"og:url\" content=\"https:\/\/pmecdvlangues.ca\/en\/blog\/\" \/>\n<meta property=\"og:site_name\" content=\"PME CDV Langues\" \/>\n<meta property=\"article:publisher\" content=\"https:\/\/www.facebook.com\/PMECLIC\" \/>\n<meta property=\"article:modified_time\" content=\"2026-02-11T16:34:05+00:00\" \/>\n<meta property=\"og:image\" content=\"https:\/\/pmecdvlangues.ca\/wp-content\/uploads\/2025\/12\/Espagnol-pour-les-entreprises-agricoles-un-investissement-strategique.jpg\" \/>\n<meta name=\"twitter:card\" content=\"summary_large_image\" \/>\n<meta name=\"twitter:label1\" content=\"Est. reading time\" \/>\n\t<meta name=\"twitter:data1\" content=\"3 minutes\" \/>\n<script type=\"application\/ld+json\" class=\"yoast-schema-graph\">{\"@context\":\"https:\/\/schema.org\",\"@graph\":[{\"@type\":\"WebPage\",\"@id\":\"https:\/\/pmecdvlangues.ca\/en\/blog\/\",\"url\":\"https:\/\/pmecdvlangues.ca\/en\/blog\/\",\"name\":\"Blog - PME CDV Langues\",\"isPartOf\":{\"@id\":\"https:\/\/pmecdvlangues.ca\/en\/#website\"},\"primaryImageOfPage\":{\"@id\":\"https:\/\/pmecdvlangues.ca\/en\/blog\/#primaryimage\"},\"image\":{\"@id\":\"https:\/\/pmecdvlangues.ca\/en\/blog\/#primaryimage\"},\"thumbnailUrl\":\"https:\/\/pmecdvlangues.ca\/wp-content\/uploads\/2025\/12\/Espagnol-pour-les-entreprises-agricoles-un-investissement-strategique.jpg\",\"datePublished\":\"2021-05-17T13:06:03+00:00\",\"dateModified\":\"2026-02-11T16:34:05+00:00\",\"breadcrumb\":{\"@id\":\"https:\/\/pmecdvlangues.ca\/en\/blog\/#breadcrumb\"},\"inLanguage\":\"en-US\",\"potentialAction\":[{\"@type\":\"ReadAction\",\"target\":[\"https:\/\/pmecdvlangues.ca\/en\/blog\/\"]}]},{\"@type\":\"ImageObject\",\"inLanguage\":\"en-US\",\"@id\":\"https:\/\/pmecdvlangues.ca\/en\/blog\/#primaryimage\",\"url\":\"https:\/\/pmecdvlangues.ca\/wp-content\/uploads\/2025\/12\/Espagnol-pour-les-entreprises-agricoles-un-investissement-strategique.jpg\",\"contentUrl\":\"https:\/\/pmecdvlangues.ca\/wp-content\/uploads\/2025\/12\/Espagnol-pour-les-entreprises-agricoles-un-investissement-strategique.jpg\"},{\"@type\":\"BreadcrumbList\",\"@id\":\"https:\/\/pmecdvlangues.ca\/en\/blog\/#breadcrumb\",\"itemListElement\":[{\"@type\":\"ListItem\",\"position\":1,\"name\":\"Home\",\"item\":\"https:\/\/pmecdvlangues.ca\/en\/\"},{\"@type\":\"ListItem\",\"position\":2,\"name\":\"Blog\"}]},{\"@type\":\"WebSite\",\"@id\":\"https:\/\/pmecdvlangues.ca\/en\/#website\",\"url\":\"https:\/\/pmecdvlangues.ca\/en\/\",\"name\":\"PME CDV Langues\",\"description\":\"\",\"publisher\":{\"@id\":\"https:\/\/pmecdvlangues.ca\/en\/#organization\"},\"potentialAction\":[{\"@type\":\"SearchAction\",\"target\":{\"@type\":\"EntryPoint\",\"urlTemplate\":\"https:\/\/pmecdvlangues.ca\/en\/?s={search_term_string}\"},\"query-input\":{\"@type\":\"PropertyValueSpecification\",\"valueRequired\":true,\"valueName\":\"search_term_string\"}}],\"inLanguage\":\"en-US\"},{\"@type\":\"Organization\",\"@id\":\"https:\/\/pmecdvlangues.ca\/en\/#organization\",\"name\":\"CLIC Mont\u00e9r\u00e9gie\",\"url\":\"https:\/\/pmecdvlangues.ca\/en\/\",\"logo\":{\"@type\":\"ImageObject\",\"inLanguage\":\"en-US\",\"@id\":\"https:\/\/pmecdvlangues.ca\/en\/#\/schema\/logo\/image\/\",\"url\":\"https:\/\/pmecdvlangues.ca\/wp-content\/uploads\/2021\/01\/logo-clic.jpg\",\"contentUrl\":\"https:\/\/pmecdvlangues.ca\/wp-content\/uploads\/2021\/01\/logo-clic.jpg\",\"width\":1000,\"height\":1000,\"caption\":\"CLIC Mont\u00e9r\u00e9gie\"},\"image\":{\"@id\":\"https:\/\/pmecdvlangues.ca\/en\/#\/schema\/logo\/image\/\"},\"sameAs\":[\"https:\/\/www.facebook.com\/PMECLIC\"]}]}<\/script>\n<!-- \/ Yoast SEO plugin. -->","yoast_head_json":{"title":"Blog - PME CDV Langues","robots":{"index":"index","follow":"follow","max-snippet":"max-snippet:-1","max-image-preview":"max-image-preview:large","max-video-preview":"max-video-preview:-1"},"canonical":"https:\/\/pmecdvlangues.ca\/en\/blog\/","og_locale":"en_US","og_type":"article","og_title":"Blog - PME CDV Langues","og_description":"D\u00e9c 11 25 Espagnol pour les entreprises agricoles : un investissement strat\u00e9gique Chaque ann\u00e9e, des milliers de travailleurs saisonniers du Mexique et du Guatemala viennent soutenir les entreprises agricoles du Qu\u00e9bec. Leur&#8230; Lire la suite Mar 18 22 10 phrases \u00e0 conna\u00eetre en espagnol pour voyager Vous pr\u00e9voyez faire un voyage dans le Sud prochainement...","og_url":"https:\/\/pmecdvlangues.ca\/en\/blog\/","og_site_name":"PME CDV Langues","article_publisher":"https:\/\/www.facebook.com\/PMECLIC","article_modified_time":"2026-02-11T16:34:05+00:00","og_image":[{"url":"https:\/\/pmecdvlangues.ca\/wp-content\/uploads\/2025\/12\/Espagnol-pour-les-entreprises-agricoles-un-investissement-strategique.jpg","type":"","width":"","height":""}],"twitter_card":"summary_large_image","twitter_misc":{"Est. reading time":"3 minutes"},"schema":{"@context":"https:\/\/schema.org","@graph":[{"@type":"WebPage","@id":"https:\/\/pmecdvlangues.ca\/en\/blog\/","url":"https:\/\/pmecdvlangues.ca\/en\/blog\/","name":"Blog - PME CDV Langues","isPartOf":{"@id":"https:\/\/pmecdvlangues.ca\/en\/#website"},"primaryImageOfPage":{"@id":"https:\/\/pmecdvlangues.ca\/en\/blog\/#primaryimage"},"image":{"@id":"https:\/\/pmecdvlangues.ca\/en\/blog\/#primaryimage"},"thumbnailUrl":"https:\/\/pmecdvlangues.ca\/wp-content\/uploads\/2025\/12\/Espagnol-pour-les-entreprises-agricoles-un-investissement-strategique.jpg","datePublished":"2021-05-17T13:06:03+00:00","dateModified":"2026-02-11T16:34:05+00:00","breadcrumb":{"@id":"https:\/\/pmecdvlangues.ca\/en\/blog\/#breadcrumb"},"inLanguage":"en-US","potentialAction":[{"@type":"ReadAction","target":["https:\/\/pmecdvlangues.ca\/en\/blog\/"]}]},{"@type":"ImageObject","inLanguage":"en-US","@id":"https:\/\/pmecdvlangues.ca\/en\/blog\/#primaryimage","url":"https:\/\/pmecdvlangues.ca\/wp-content\/uploads\/2025\/12\/Espagnol-pour-les-entreprises-agricoles-un-investissement-strategique.jpg","contentUrl":"https:\/\/pmecdvlangues.ca\/wp-content\/uploads\/2025\/12\/Espagnol-pour-les-entreprises-agricoles-un-investissement-strategique.jpg"},{"@type":"BreadcrumbList","@id":"https:\/\/pmecdvlangues.ca\/en\/blog\/#breadcrumb","itemListElement":[{"@type":"ListItem","position":1,"name":"Home","item":"https:\/\/pmecdvlangues.ca\/en\/"},{"@type":"ListItem","position":2,"name":"Blog"}]},{"@type":"WebSite","@id":"https:\/\/pmecdvlangues.ca\/en\/#website","url":"https:\/\/pmecdvlangues.ca\/en\/","name":"PME CDV Langues","description":"","publisher":{"@id":"https:\/\/pmecdvlangues.ca\/en\/#organization"},"potentialAction":[{"@type":"SearchAction","target":{"@type":"EntryPoint","urlTemplate":"https:\/\/pmecdvlangues.ca\/en\/?s={search_term_string}"},"query-input":{"@type":"PropertyValueSpecification","valueRequired":true,"valueName":"search_term_string"}}],"inLanguage":"en-US"},{"@type":"Organization","@id":"https:\/\/pmecdvlangues.ca\/en\/#organization","name":"CLIC Mont\u00e9r\u00e9gie","url":"https:\/\/pmecdvlangues.ca\/en\/","logo":{"@type":"ImageObject","inLanguage":"en-US","@id":"https:\/\/pmecdvlangues.ca\/en\/#\/schema\/logo\/image\/","url":"https:\/\/pmecdvlangues.ca\/wp-content\/uploads\/2021\/01\/logo-clic.jpg","contentUrl":"https:\/\/pmecdvlangues.ca\/wp-content\/uploads\/2021\/01\/logo-clic.jpg","width":1000,"height":1000,"caption":"CLIC Mont\u00e9r\u00e9gie"},"image":{"@id":"https:\/\/pmecdvlangues.ca\/en\/#\/schema\/logo\/image\/"},"sameAs":["https:\/\/www.facebook.com\/PMECLIC"]}]}},"_links":{"self":[{"href":"https:\/\/pmecdvlangues.ca\/en\/wp-json\/wp\/v2\/pages\/12659","targetHints":{"allow":["GET"]}}],"collection":[{"href":"https:\/\/pmecdvlangues.ca\/en\/wp-json\/wp\/v2\/pages"}],"about":[{"href":"https:\/\/pmecdvlangues.ca\/en\/wp-json\/wp\/v2\/types\/page"}],"author":[{"embeddable":true,"href":"https:\/\/pmecdvlangues.ca\/en\/wp-json\/wp\/v2\/users\/1"}],"replies":[{"embeddable":true,"href":"https:\/\/pmecdvlangues.ca\/en\/wp-json\/wp\/v2\/comments?post=12659"}],"version-history":[{"count":1,"href":"https:\/\/pmecdvlangues.ca\/en\/wp-json\/wp\/v2\/pages\/12659\/revisions"}],"predecessor-version":[{"id":12660,"href":"https:\/\/pmecdvlangues.ca\/en\/wp-json\/wp\/v2\/pages\/12659\/revisions\/12660"}],"wp:attachment":[{"href":"https:\/\/pmecdvlangues.ca\/en\/wp-json\/wp\/v2\/media?parent=12659"}],"curies":[{"name":"wp","href":"https:\/\/api.w.org\/{rel}","templated":true}]}}