{"id":12610,"date":"2026-02-03T09:33:57","date_gmt":"2026-02-03T14:33:57","guid":{"rendered":"https:\/\/pmecdvlangues.ca\/ouest-canada\/"},"modified":"2026-02-03T10:45:00","modified_gmt":"2026-02-03T15:45:00","slug":"western-canada","status":"publish","type":"page","link":"https:\/\/pmecdvlangues.ca\/en\/western-canada\/","title":{"rendered":"Western Canada"},"content":{"rendered":"\t\t<div data-elementor-type=\"wp-page\" data-elementor-id=\"12610\" class=\"elementor elementor-12610 elementor-12587\" data-elementor-settings=\"[]\">\n\t\t\t\t\t\t<div class=\"elementor-inner\">\n\t\t\t\t\t\t\t<div class=\"elementor-section-wrap\">\n\t\t\t\t\t\t\t<section class=\"elementor-section elementor-top-section elementor-element elementor-element-43633c5 elementor-section-content-middle elementor-section-boxed elementor-section-height-default elementor-section-height-default\" data-id=\"43633c5\" data-element_type=\"section\">\n\t\t\t\t\t\t<div class=\"elementor-container elementor-column-gap-default\">\n\t\t\t\t\t\t\t<div class=\"elementor-row\">\n\t\t\t\t\t<div class=\"elementor-column elementor-col-100 elementor-top-column elementor-element elementor-element-710e116\" data-id=\"710e116\" data-element_type=\"column\">\n\t\t\t<div class=\"elementor-column-wrap elementor-element-populated\">\n\t\t\t\t\t\t\t<div class=\"elementor-widget-wrap\">\n\t\t\t\t\t\t<div class=\"elementor-element elementor-element-ee519a0 elementor-widget elementor-widget-rs-heading\" data-id=\"ee519a0\" data-element_type=\"widget\" data-widget_type=\"rs-heading.default\">\n\t\t\t\t<div class=\"elementor-widget-container\">\n\t\t\t        <div class=\"rs-heading default center\">\r\n        \t<div class=\"title-inner\">\r\n        \t\t      \t\t\r\n\t            <h2 class=\"title\"><span class=\"watermark\"><\/span>LANGUAGE COURSES IN WESTERN CANADA<\/h2>\t        <\/div>\r\n\t                    \t<div class=\"description\">\r\n            \t\t<p>Since the adoption of Quebec\u2019s <strong>Bill 96<\/strong> in 2022 and Canada\u2019s <strong>Bill C-13<\/strong> in 2025, the French language has taken on a more prominent role in the workplace. Section 46 of Bill 96 now requires Canadian businesses to ensure that their employees are able to communicate in French with Francophone clients across Canada.<\/p>            \t\t\r\n            \t<\/div>\r\n        \t        <\/div>\r\n        \t\t<\/div>\n\t\t\t\t<\/div>\n\t\t\t\t\t\t<\/div>\n\t\t\t\t\t<\/div>\n\t\t<\/div>\n\t\t\t\t\t\t\t\t<\/div>\n\t\t\t\t\t<\/div>\n\t\t<\/section>\n\t\t\t\t<section class=\"elementor-section elementor-top-section elementor-element elementor-element-16d21b7 elementor-section-content-middle elementor-section-boxed elementor-section-height-default elementor-section-height-default\" data-id=\"16d21b7\" data-element_type=\"section\">\n\t\t\t\t\t\t<div class=\"elementor-container elementor-column-gap-default\">\n\t\t\t\t\t\t\t<div class=\"elementor-row\">\n\t\t\t\t\t<div class=\"elementor-column elementor-col-50 elementor-top-column elementor-element elementor-element-65b17db\" data-id=\"65b17db\" data-element_type=\"column\">\n\t\t\t<div class=\"elementor-column-wrap elementor-element-populated\">\n\t\t\t\t\t\t\t<div class=\"elementor-widget-wrap\">\n\t\t\t\t\t\t<div class=\"elementor-element elementor-element-42aa673 elementor-widget elementor-widget-rs-heading\" data-id=\"42aa673\" data-element_type=\"widget\" data-widget_type=\"rs-heading.default\">\n\t\t\t\t<div class=\"elementor-widget-container\">\n\t\t\t        <div class=\"rs-heading default \">\r\n        \t<div class=\"title-inner\">\r\n        \t\t      \t\t\r\n\t            \t        <\/div>\r\n\t                    \t<div class=\"description\">\r\n            \t\t<p><strong>Language training designed for Western Canada<\/strong><\/p><p>PMECDV Language School supports organizations in Western Canada with programs in English, French, and Spanish, tailored to their operational needs. Our courses take into account local linguistic environments, where Francophone communities continue to grow, particularly in British Columbia and Manitoba, and where access to French-language training remains a significant challenge for many businesses. Strong Language skills are essential to attract and retain a diverse workforce in sectors such as agri-food, logistics, tourism, technology, and healthcare.<\/p>            \t\t\r\n            \t<\/div>\r\n        \t        <\/div>\r\n        \t\t<\/div>\n\t\t\t\t<\/div>\n\t\t\t\t\t\t<\/div>\n\t\t\t\t\t<\/div>\n\t\t<\/div>\n\t\t\t\t<div class=\"elementor-column elementor-col-50 elementor-top-column elementor-element elementor-element-7278671\" data-id=\"7278671\" data-element_type=\"column\">\n\t\t\t<div class=\"elementor-column-wrap elementor-element-populated\">\n\t\t\t\t\t\t\t<div class=\"elementor-widget-wrap\">\n\t\t\t\t\t\t<div class=\"elementor-element elementor-element-a1c70b2 elementor-widget elementor-widget-image\" data-id=\"a1c70b2\" data-element_type=\"widget\" data-widget_type=\"image.default\">\n\t\t\t\t<div class=\"elementor-widget-container\">\n\t\t\t\t\t\t\t\t<div class=\"elementor-image\">\n\t\t\t\t\t\t\t\t\t\t\t\t<img loading=\"lazy\" decoding=\"async\" width=\"640\" height=\"427\" src=\"https:\/\/pmecdvlangues.ca\/wp-content\/uploads\/2026\/02\/cours-de-langues-Alberta.webp\" class=\"attachment-large size-large\" alt=\"cours de langues Alberta\" srcset=\"https:\/\/pmecdvlangues.ca\/wp-content\/uploads\/2026\/02\/cours-de-langues-Alberta.webp 700w, https:\/\/pmecdvlangues.ca\/wp-content\/uploads\/2026\/02\/cours-de-langues-Alberta-300x200.webp 300w, https:\/\/pmecdvlangues.ca\/wp-content\/uploads\/2026\/02\/cours-de-langues-Alberta-600x400.webp 600w\" sizes=\"auto, (max-width: 640px) 100vw, 640px\" \/>\t\t\t\t\t\t\t\t\t\t\t\t\t\t<\/div>\n\t\t\t\t\t\t<\/div>\n\t\t\t\t<\/div>\n\t\t\t\t\t\t<\/div>\n\t\t\t\t\t<\/div>\n\t\t<\/div>\n\t\t\t\t\t\t\t\t<\/div>\n\t\t\t\t\t<\/div>\n\t\t<\/section>\n\t\t\t\t<section class=\"elementor-section elementor-top-section elementor-element elementor-element-669b868 elementor-section-content-middle elementor-section-boxed elementor-section-height-default elementor-section-height-default\" data-id=\"669b868\" data-element_type=\"section\">\n\t\t\t\t\t\t<div class=\"elementor-container elementor-column-gap-default\">\n\t\t\t\t\t\t\t<div class=\"elementor-row\">\n\t\t\t\t\t<div class=\"elementor-column elementor-col-50 elementor-top-column elementor-element elementor-element-08b5fb6\" data-id=\"08b5fb6\" data-element_type=\"column\">\n\t\t\t<div class=\"elementor-column-wrap elementor-element-populated\">\n\t\t\t\t\t\t\t<div class=\"elementor-widget-wrap\">\n\t\t\t\t\t\t<div class=\"elementor-element elementor-element-dd797ce elementor-widget elementor-widget-image\" data-id=\"dd797ce\" data-element_type=\"widget\" data-widget_type=\"image.default\">\n\t\t\t\t<div class=\"elementor-widget-container\">\n\t\t\t\t\t\t\t\t<div class=\"elementor-image\">\n\t\t\t\t\t\t\t\t\t\t\t\t<img loading=\"lazy\" decoding=\"async\" width=\"640\" height=\"427\" src=\"https:\/\/pmecdvlangues.ca\/wp-content\/uploads\/2026\/02\/cours-de-langues-Manitoba.webp\" class=\"attachment-large size-large\" alt=\"cours de langues Manitoba\" srcset=\"https:\/\/pmecdvlangues.ca\/wp-content\/uploads\/2026\/02\/cours-de-langues-Manitoba.webp 700w, https:\/\/pmecdvlangues.ca\/wp-content\/uploads\/2026\/02\/cours-de-langues-Manitoba-300x200.webp 300w, https:\/\/pmecdvlangues.ca\/wp-content\/uploads\/2026\/02\/cours-de-langues-Manitoba-600x400.webp 600w\" sizes=\"auto, (max-width: 640px) 100vw, 640px\" \/>\t\t\t\t\t\t\t\t\t\t\t\t\t\t<\/div>\n\t\t\t\t\t\t<\/div>\n\t\t\t\t<\/div>\n\t\t\t\t\t\t<\/div>\n\t\t\t\t\t<\/div>\n\t\t<\/div>\n\t\t\t\t<div class=\"elementor-column elementor-col-50 elementor-top-column elementor-element elementor-element-1f154cf\" data-id=\"1f154cf\" data-element_type=\"column\">\n\t\t\t<div class=\"elementor-column-wrap elementor-element-populated\">\n\t\t\t\t\t\t\t<div class=\"elementor-widget-wrap\">\n\t\t\t\t\t\t<div class=\"elementor-element elementor-element-a30533b elementor-widget elementor-widget-rs-heading\" data-id=\"a30533b\" data-element_type=\"widget\" data-widget_type=\"rs-heading.default\">\n\t\t\t\t<div class=\"elementor-widget-container\">\n\t\t\t        <div class=\"rs-heading default \">\r\n        \t<div class=\"title-inner\">\r\n        \t\t      \t\t\r\n\t            \t        <\/div>\r\n\t                    \t<div class=\"description\">\r\n            \t\t<p><strong>Our training solutions<\/strong><\/p><p>We offer flexible, results-driven training, delivered online, in person, or in blended learning formats, to adapt to your operational constraints, based on your communication goals and for all levels, from beginner A1 to advanced C2, using practical approaches that are contextualized to the workplace.<\/p><p>Our programs are designed to strengthen internal communication within multilingual teams, improve customer interactions in English, French, or Spanish, facilitate the integration of immigrant workers or employees with diverse language backgrounds, and accelerate employability in a competitive job market.<\/p>            \t\t\r\n            \t<\/div>\r\n        \t        <\/div>\r\n        \t\t<\/div>\n\t\t\t\t<\/div>\n\t\t\t\t\t\t<\/div>\n\t\t\t\t\t<\/div>\n\t\t<\/div>\n\t\t\t\t\t\t\t\t<\/div>\n\t\t\t\t\t<\/div>\n\t\t<\/section>\n\t\t\t\t<section class=\"elementor-section elementor-top-section elementor-element elementor-element-ef24572 elementor-section-content-middle elementor-section-boxed elementor-section-height-default elementor-section-height-default\" data-id=\"ef24572\" data-element_type=\"section\">\n\t\t\t\t\t\t<div class=\"elementor-container elementor-column-gap-default\">\n\t\t\t\t\t\t\t<div class=\"elementor-row\">\n\t\t\t\t\t<div class=\"elementor-column elementor-col-50 elementor-top-column elementor-element elementor-element-de22996\" data-id=\"de22996\" data-element_type=\"column\">\n\t\t\t<div class=\"elementor-column-wrap elementor-element-populated\">\n\t\t\t\t\t\t\t<div class=\"elementor-widget-wrap\">\n\t\t\t\t\t\t<div class=\"elementor-element elementor-element-9470454 elementor-widget elementor-widget-rs-heading\" data-id=\"9470454\" data-element_type=\"widget\" data-widget_type=\"rs-heading.default\">\n\t\t\t\t<div class=\"elementor-widget-container\">\n\t\t\t        <div class=\"rs-heading default \">\r\n        \t<div class=\"title-inner\">\r\n        \t\t      \t\t\r\n\t            \t        <\/div>\r\n\t                    \t<div class=\"description\">\r\n            \t\t<p><strong>Why choose PMECDV Language School in Western Canada?<\/strong><\/p><p>We understand that each region has its own linguistic and cultural challenges. That is why our training is built on an in-depth understanding of local needs, particularly those of Francophone minority communities in Western Canada, proven experience working with employers in key sectors, and interactive teaching methods focused on real workplace situations.<\/p>            \t\t\r\n            \t<\/div>\r\n        \t        <\/div>\r\n        \t\t<\/div>\n\t\t\t\t<\/div>\n\t\t\t\t\t\t<\/div>\n\t\t\t\t\t<\/div>\n\t\t<\/div>\n\t\t\t\t<div class=\"elementor-column elementor-col-50 elementor-top-column elementor-element elementor-element-942eabb\" data-id=\"942eabb\" data-element_type=\"column\">\n\t\t\t<div class=\"elementor-column-wrap elementor-element-populated\">\n\t\t\t\t\t\t\t<div class=\"elementor-widget-wrap\">\n\t\t\t\t\t\t<div class=\"elementor-element elementor-element-d86f85b elementor-widget elementor-widget-image\" data-id=\"d86f85b\" data-element_type=\"widget\" data-widget_type=\"image.default\">\n\t\t\t\t<div class=\"elementor-widget-container\">\n\t\t\t\t\t\t\t\t<div class=\"elementor-image\">\n\t\t\t\t\t\t\t\t\t\t\t\t<img loading=\"lazy\" decoding=\"async\" width=\"640\" height=\"427\" src=\"https:\/\/pmecdvlangues.ca\/wp-content\/uploads\/2026\/02\/cours-de-langues-Saskatchewan.webp\" class=\"attachment-large size-large\" alt=\"cours de langues Saskatchewan\" srcset=\"https:\/\/pmecdvlangues.ca\/wp-content\/uploads\/2026\/02\/cours-de-langues-Saskatchewan.webp 700w, https:\/\/pmecdvlangues.ca\/wp-content\/uploads\/2026\/02\/cours-de-langues-Saskatchewan-300x200.webp 300w, https:\/\/pmecdvlangues.ca\/wp-content\/uploads\/2026\/02\/cours-de-langues-Saskatchewan-600x400.webp 600w\" sizes=\"auto, (max-width: 640px) 100vw, 640px\" \/>\t\t\t\t\t\t\t\t\t\t\t\t\t\t<\/div>\n\t\t\t\t\t\t<\/div>\n\t\t\t\t<\/div>\n\t\t\t\t\t\t<\/div>\n\t\t\t\t\t<\/div>\n\t\t<\/div>\n\t\t\t\t\t\t\t\t<\/div>\n\t\t\t\t\t<\/div>\n\t\t<\/section>\n\t\t\t\t\t\t<\/div>\n\t\t\t\t\t\t<\/div>\n\t\t\t\t\t<\/div>\n\t\t","protected":false},"excerpt":{"rendered":"<p>LANGUAGE COURSES IN WESTERN CANADA Since the adoption of Quebec\u2019s Bill 96 in 2022 and Canada\u2019s Bill C-13 in 2025, the French language has taken on a more prominent role in the workplace. Section 46 of Bill 96 now requires Canadian businesses to ensure that their employees are able to communicate in French with Francophone&#8230;<\/p>\n","protected":false},"author":1,"featured_media":0,"parent":0,"menu_order":0,"comment_status":"closed","ping_status":"closed","template":"","meta":{"_exactmetrics_skip_tracking":false,"_exactmetrics_sitenote_active":false,"_exactmetrics_sitenote_note":"","_exactmetrics_sitenote_category":0,"footnotes":""},"class_list":["post-12610","page","type-page","status-publish","hentry"],"yoast_head":"<!-- This site is optimized with the Yoast SEO plugin v25.6 - https:\/\/yoast.com\/wordpress\/plugins\/seo\/ -->\n<title>Western Canada - PME CDV Langues | \u00c9cole de langues<\/title>\n<meta name=\"description\" content=\"Depuis l\u2019adoption de la Loi 96 du Qu\u00e9bec en 2022 et la loi C-13 au Canada en 2025, la langue fran\u00e7aise occupe une place renforc\u00e9e dans les milieux de travail\" \/>\n<meta name=\"robots\" content=\"index, follow, max-snippet:-1, max-image-preview:large, max-video-preview:-1\" \/>\n<link rel=\"canonical\" href=\"https:\/\/pmecdvlangues.ca\/en\/western-canada\/\" \/>\n<meta property=\"og:locale\" content=\"en_US\" \/>\n<meta property=\"og:type\" content=\"article\" \/>\n<meta property=\"og:title\" content=\"Ontario - PMECDV Langues | \u00c9cole de langues\" \/>\n<meta property=\"og:description\" content=\"Depuis l\u2019adoption de la Loi 96 du Qu\u00e9bec en 2022 et la loi C-13 au Canada en 2025, la langue fran\u00e7aise occupe une place renforc\u00e9e dans les milieux de travail\" \/>\n<meta property=\"og:url\" content=\"https:\/\/pmecdvlangues.ca\/en\/western-canada\/\" \/>\n<meta property=\"og:site_name\" content=\"PME CDV Langues\" \/>\n<meta property=\"article:publisher\" content=\"https:\/\/www.facebook.com\/PMECLIC\" \/>\n<meta property=\"article:modified_time\" content=\"2026-02-03T15:45:00+00:00\" \/>\n<meta property=\"og:image\" content=\"https:\/\/pmecdvlangues.ca\/wp-content\/uploads\/2026\/02\/cours-de-langues-Alberta.webp\" \/>\n<meta name=\"twitter:card\" content=\"summary_large_image\" \/>\n<meta name=\"twitter:title\" content=\"Ontaio - PMECDV Langues | \u00c9cole de langues\" \/>\n<meta name=\"twitter:description\" content=\"Depuis l\u2019adoption de la Loi 96 du Qu\u00e9bec en 2022 et la loi C-13 au Canada en 2025, la langue fran\u00e7aise occupe une place renforc\u00e9e dans les milieux de travail\" \/>\n<meta name=\"twitter:label1\" content=\"Est. reading time\" \/>\n\t<meta name=\"twitter:data1\" content=\"3 minutes\" \/>\n<script type=\"application\/ld+json\" class=\"yoast-schema-graph\">{\"@context\":\"https:\/\/schema.org\",\"@graph\":[{\"@type\":\"WebPage\",\"@id\":\"https:\/\/pmecdvlangues.ca\/en\/western-canada\/\",\"url\":\"https:\/\/pmecdvlangues.ca\/en\/western-canada\/\",\"name\":\"Western Canada - PME CDV Langues | \u00c9cole de langues\",\"isPartOf\":{\"@id\":\"https:\/\/pmecdvlangues.ca\/en\/#website\"},\"primaryImageOfPage\":{\"@id\":\"https:\/\/pmecdvlangues.ca\/en\/western-canada\/#primaryimage\"},\"image\":{\"@id\":\"https:\/\/pmecdvlangues.ca\/en\/western-canada\/#primaryimage\"},\"thumbnailUrl\":\"https:\/\/pmecdvlangues.ca\/wp-content\/uploads\/2026\/02\/cours-de-langues-Alberta.webp\",\"datePublished\":\"2026-02-03T14:33:57+00:00\",\"dateModified\":\"2026-02-03T15:45:00+00:00\",\"description\":\"Depuis l\u2019adoption de la Loi 96 du Qu\u00e9bec en 2022 et la loi C-13 au Canada en 2025, la langue fran\u00e7aise occupe une place renforc\u00e9e dans les milieux de travail\",\"breadcrumb\":{\"@id\":\"https:\/\/pmecdvlangues.ca\/en\/western-canada\/#breadcrumb\"},\"inLanguage\":\"en-US\",\"potentialAction\":[{\"@type\":\"ReadAction\",\"target\":[\"https:\/\/pmecdvlangues.ca\/en\/western-canada\/\"]}]},{\"@type\":\"ImageObject\",\"inLanguage\":\"en-US\",\"@id\":\"https:\/\/pmecdvlangues.ca\/en\/western-canada\/#primaryimage\",\"url\":\"https:\/\/pmecdvlangues.ca\/wp-content\/uploads\/2026\/02\/cours-de-langues-Alberta.webp\",\"contentUrl\":\"https:\/\/pmecdvlangues.ca\/wp-content\/uploads\/2026\/02\/cours-de-langues-Alberta.webp\"},{\"@type\":\"BreadcrumbList\",\"@id\":\"https:\/\/pmecdvlangues.ca\/en\/western-canada\/#breadcrumb\",\"itemListElement\":[{\"@type\":\"ListItem\",\"position\":1,\"name\":\"Home\",\"item\":\"https:\/\/pmecdvlangues.ca\/en\/\"},{\"@type\":\"ListItem\",\"position\":2,\"name\":\"Western Canada\"}]},{\"@type\":\"WebSite\",\"@id\":\"https:\/\/pmecdvlangues.ca\/en\/#website\",\"url\":\"https:\/\/pmecdvlangues.ca\/en\/\",\"name\":\"PME CDV Langues\",\"description\":\"\",\"publisher\":{\"@id\":\"https:\/\/pmecdvlangues.ca\/en\/#organization\"},\"potentialAction\":[{\"@type\":\"SearchAction\",\"target\":{\"@type\":\"EntryPoint\",\"urlTemplate\":\"https:\/\/pmecdvlangues.ca\/en\/?s={search_term_string}\"},\"query-input\":{\"@type\":\"PropertyValueSpecification\",\"valueRequired\":true,\"valueName\":\"search_term_string\"}}],\"inLanguage\":\"en-US\"},{\"@type\":\"Organization\",\"@id\":\"https:\/\/pmecdvlangues.ca\/en\/#organization\",\"name\":\"CLIC Mont\u00e9r\u00e9gie\",\"url\":\"https:\/\/pmecdvlangues.ca\/en\/\",\"logo\":{\"@type\":\"ImageObject\",\"inLanguage\":\"en-US\",\"@id\":\"https:\/\/pmecdvlangues.ca\/en\/#\/schema\/logo\/image\/\",\"url\":\"https:\/\/pmecdvlangues.ca\/wp-content\/uploads\/2021\/01\/logo-clic.jpg\",\"contentUrl\":\"https:\/\/pmecdvlangues.ca\/wp-content\/uploads\/2021\/01\/logo-clic.jpg\",\"width\":1000,\"height\":1000,\"caption\":\"CLIC Mont\u00e9r\u00e9gie\"},\"image\":{\"@id\":\"https:\/\/pmecdvlangues.ca\/en\/#\/schema\/logo\/image\/\"},\"sameAs\":[\"https:\/\/www.facebook.com\/PMECLIC\"]}]}<\/script>\n<!-- \/ Yoast SEO plugin. -->","yoast_head_json":{"title":"Western Canada - PME CDV Langues | \u00c9cole de langues","description":"Depuis l\u2019adoption de la Loi 96 du Qu\u00e9bec en 2022 et la loi C-13 au Canada en 2025, la langue fran\u00e7aise occupe une place renforc\u00e9e dans les milieux de travail","robots":{"index":"index","follow":"follow","max-snippet":"max-snippet:-1","max-image-preview":"max-image-preview:large","max-video-preview":"max-video-preview:-1"},"canonical":"https:\/\/pmecdvlangues.ca\/en\/western-canada\/","og_locale":"en_US","og_type":"article","og_title":"Ontario - PMECDV Langues | \u00c9cole de langues","og_description":"Depuis l\u2019adoption de la Loi 96 du Qu\u00e9bec en 2022 et la loi C-13 au Canada en 2025, la langue fran\u00e7aise occupe une place renforc\u00e9e dans les milieux de travail","og_url":"https:\/\/pmecdvlangues.ca\/en\/western-canada\/","og_site_name":"PME CDV Langues","article_publisher":"https:\/\/www.facebook.com\/PMECLIC","article_modified_time":"2026-02-03T15:45:00+00:00","og_image":[{"url":"https:\/\/pmecdvlangues.ca\/wp-content\/uploads\/2026\/02\/cours-de-langues-Alberta.webp","type":"","width":"","height":""}],"twitter_card":"summary_large_image","twitter_title":"Ontaio - PMECDV Langues | \u00c9cole de langues","twitter_description":"Depuis l\u2019adoption de la Loi 96 du Qu\u00e9bec en 2022 et la loi C-13 au Canada en 2025, la langue fran\u00e7aise occupe une place renforc\u00e9e dans les milieux de travail","twitter_misc":{"Est. reading time":"3 minutes"},"schema":{"@context":"https:\/\/schema.org","@graph":[{"@type":"WebPage","@id":"https:\/\/pmecdvlangues.ca\/en\/western-canada\/","url":"https:\/\/pmecdvlangues.ca\/en\/western-canada\/","name":"Western Canada - PME CDV Langues | \u00c9cole de langues","isPartOf":{"@id":"https:\/\/pmecdvlangues.ca\/en\/#website"},"primaryImageOfPage":{"@id":"https:\/\/pmecdvlangues.ca\/en\/western-canada\/#primaryimage"},"image":{"@id":"https:\/\/pmecdvlangues.ca\/en\/western-canada\/#primaryimage"},"thumbnailUrl":"https:\/\/pmecdvlangues.ca\/wp-content\/uploads\/2026\/02\/cours-de-langues-Alberta.webp","datePublished":"2026-02-03T14:33:57+00:00","dateModified":"2026-02-03T15:45:00+00:00","description":"Depuis l\u2019adoption de la Loi 96 du Qu\u00e9bec en 2022 et la loi C-13 au Canada en 2025, la langue fran\u00e7aise occupe une place renforc\u00e9e dans les milieux de travail","breadcrumb":{"@id":"https:\/\/pmecdvlangues.ca\/en\/western-canada\/#breadcrumb"},"inLanguage":"en-US","potentialAction":[{"@type":"ReadAction","target":["https:\/\/pmecdvlangues.ca\/en\/western-canada\/"]}]},{"@type":"ImageObject","inLanguage":"en-US","@id":"https:\/\/pmecdvlangues.ca\/en\/western-canada\/#primaryimage","url":"https:\/\/pmecdvlangues.ca\/wp-content\/uploads\/2026\/02\/cours-de-langues-Alberta.webp","contentUrl":"https:\/\/pmecdvlangues.ca\/wp-content\/uploads\/2026\/02\/cours-de-langues-Alberta.webp"},{"@type":"BreadcrumbList","@id":"https:\/\/pmecdvlangues.ca\/en\/western-canada\/#breadcrumb","itemListElement":[{"@type":"ListItem","position":1,"name":"Home","item":"https:\/\/pmecdvlangues.ca\/en\/"},{"@type":"ListItem","position":2,"name":"Western Canada"}]},{"@type":"WebSite","@id":"https:\/\/pmecdvlangues.ca\/en\/#website","url":"https:\/\/pmecdvlangues.ca\/en\/","name":"PME CDV Langues","description":"","publisher":{"@id":"https:\/\/pmecdvlangues.ca\/en\/#organization"},"potentialAction":[{"@type":"SearchAction","target":{"@type":"EntryPoint","urlTemplate":"https:\/\/pmecdvlangues.ca\/en\/?s={search_term_string}"},"query-input":{"@type":"PropertyValueSpecification","valueRequired":true,"valueName":"search_term_string"}}],"inLanguage":"en-US"},{"@type":"Organization","@id":"https:\/\/pmecdvlangues.ca\/en\/#organization","name":"CLIC Mont\u00e9r\u00e9gie","url":"https:\/\/pmecdvlangues.ca\/en\/","logo":{"@type":"ImageObject","inLanguage":"en-US","@id":"https:\/\/pmecdvlangues.ca\/en\/#\/schema\/logo\/image\/","url":"https:\/\/pmecdvlangues.ca\/wp-content\/uploads\/2021\/01\/logo-clic.jpg","contentUrl":"https:\/\/pmecdvlangues.ca\/wp-content\/uploads\/2021\/01\/logo-clic.jpg","width":1000,"height":1000,"caption":"CLIC Mont\u00e9r\u00e9gie"},"image":{"@id":"https:\/\/pmecdvlangues.ca\/en\/#\/schema\/logo\/image\/"},"sameAs":["https:\/\/www.facebook.com\/PMECLIC"]}]}},"_links":{"self":[{"href":"https:\/\/pmecdvlangues.ca\/en\/wp-json\/wp\/v2\/pages\/12610","targetHints":{"allow":["GET"]}}],"collection":[{"href":"https:\/\/pmecdvlangues.ca\/en\/wp-json\/wp\/v2\/pages"}],"about":[{"href":"https:\/\/pmecdvlangues.ca\/en\/wp-json\/wp\/v2\/types\/page"}],"author":[{"embeddable":true,"href":"https:\/\/pmecdvlangues.ca\/en\/wp-json\/wp\/v2\/users\/1"}],"replies":[{"embeddable":true,"href":"https:\/\/pmecdvlangues.ca\/en\/wp-json\/wp\/v2\/comments?post=12610"}],"version-history":[{"count":5,"href":"https:\/\/pmecdvlangues.ca\/en\/wp-json\/wp\/v2\/pages\/12610\/revisions"}],"predecessor-version":[{"id":12619,"href":"https:\/\/pmecdvlangues.ca\/en\/wp-json\/wp\/v2\/pages\/12610\/revisions\/12619"}],"wp:attachment":[{"href":"https:\/\/pmecdvlangues.ca\/en\/wp-json\/wp\/v2\/media?parent=12610"}],"curies":[{"name":"wp","href":"https:\/\/api.w.org\/{rel}","templated":true}]}}