{"id":10149,"date":"2020-12-23T08:13:48","date_gmt":"2020-12-23T13:13:48","guid":{"rendered":"https:\/\/clicmonteregie.com\/?page_id=10149"},"modified":"2025-12-03T11:26:50","modified_gmt":"2025-12-03T16:26:50","slug":"francisation","status":"publish","type":"page","link":"https:\/\/pmecdvlangues.ca\/en\/francisation\/","title":{"rendered":"French as a foreign language"},"content":{"rendered":"\t\t<div data-elementor-type=\"wp-page\" data-elementor-id=\"10149\" class=\"elementor elementor-10149 elementor-9423\" data-elementor-settings=\"[]\">\n\t\t\t\t\t\t<div class=\"elementor-inner\">\n\t\t\t\t\t\t\t<div class=\"elementor-section-wrap\">\n\t\t\t\t\t\t\t<section class=\"elementor-section elementor-top-section elementor-element elementor-element-2903f9f elementor-section-stretched elementor-section-content-top elementor-section-boxed elementor-section-height-default elementor-section-height-default\" data-id=\"2903f9f\" data-element_type=\"section\" data-settings=\"{&quot;stretch_section&quot;:&quot;section-stretched&quot;,&quot;background_background&quot;:&quot;classic&quot;}\">\n\t\t\t\t\t\t<div class=\"elementor-container elementor-column-gap-default\">\n\t\t\t\t\t\t\t<div class=\"elementor-row\">\n\t\t\t\t\t<div class=\"elementor-column elementor-col-50 elementor-top-column elementor-element elementor-element-7495030\" data-id=\"7495030\" data-element_type=\"column\" data-settings=\"{&quot;background_background&quot;:&quot;classic&quot;}\">\n\t\t\t<div class=\"elementor-column-wrap elementor-element-populated\">\n\t\t\t\t\t\t\t<div class=\"elementor-widget-wrap\">\n\t\t\t\t\t\t<div class=\"elementor-element elementor-element-ee519a0 elementor-widget elementor-widget-rs-heading\" data-id=\"ee519a0\" data-element_type=\"widget\" data-widget_type=\"rs-heading.default\">\n\t\t\t\t<div class=\"elementor-widget-container\">\n\t\t\t        <div class=\"rs-heading default \">\r\n        \t<div class=\"title-inner\">\r\n        \t\t      \t\t\r\n\t            \t        <\/div>\r\n\t                <\/div>\r\n        \t\t<\/div>\n\t\t\t\t<\/div>\n\t\t\t\t<div class=\"elementor-element elementor-element-026424f elementor-widget elementor-widget-rs-heading\" data-id=\"026424f\" data-element_type=\"widget\" data-widget_type=\"rs-heading.default\">\n\t\t\t\t<div class=\"elementor-widget-container\">\n\t\t\t        <div class=\"rs-heading default \">\r\n        \t<div class=\"title-inner\">\r\n        \t\t      \t\t\r\n\t            \t        <\/div>\r\n\t                    \t<div class=\"description\">\r\n            \t\t<p><strong>Why has the French-language training of foreign workers become essential for employers in Quebec today?<\/strong><\/p><p>\u00a0<br \/>Since the adoption of Bill 96 in 2022, the French language has taken on an even more prominent role in the workplace. Article 46 now requires businesses to ensure that their employees are able to communicate in French, both internally and with clients. This obligation adds to immigration-related requirements, particularly the language levels needed to renew a work permit or apply for permanent residency.<\/p><p>Recent reforms by the Ministry of Immigration impose specific language requirements for renewing work permits and for permanent residency. For example, an oral level of 4 or 7 is now required depending on the program. For employers, this means that without linguistic support, a worker may no longer qualify to stay. French-language training has therefore become not only a retention issue, but also a strategic investment in team stability.<\/p>            \t\t\r\n            \t<\/div>\r\n        \t        <\/div>\r\n        \t\t<\/div>\n\t\t\t\t<\/div>\n\t\t\t\t\t\t<\/div>\n\t\t\t\t\t<\/div>\n\t\t<\/div>\n\t\t\t\t<div class=\"elementor-column elementor-col-50 elementor-top-column elementor-element elementor-element-76d8e8c\" data-id=\"76d8e8c\" data-element_type=\"column\" data-settings=\"{&quot;background_background&quot;:&quot;classic&quot;}\">\n\t\t\t<div class=\"elementor-column-wrap elementor-element-populated\">\n\t\t\t\t\t\t\t<div class=\"elementor-widget-wrap\">\n\t\t\t\t\t\t<div class=\"elementor-element elementor-element-598d4da elementor-widget elementor-widget-image\" data-id=\"598d4da\" data-element_type=\"widget\" data-widget_type=\"image.default\">\n\t\t\t\t<div class=\"elementor-widget-container\">\n\t\t\t\t\t\t\t\t<div class=\"elementor-image\">\n\t\t\t\t\t\t\t\t\t\t\t\t<img loading=\"lazy\" decoding=\"async\" width=\"640\" height=\"427\" src=\"https:\/\/pmecdvlangues.ca\/wp-content\/uploads\/2020\/12\/clic-monteregie-ecole-de-langue-cours-de-francais-anglais-espagnole-6.jpg\" class=\"attachment-large size-large\" alt=\"clic Mont\u00e9r\u00e9gie \u00e9cole de langue cours de fran\u00e7ais anglais espagnole francisation\" srcset=\"https:\/\/pmecdvlangues.ca\/wp-content\/uploads\/2020\/12\/clic-monteregie-ecole-de-langue-cours-de-francais-anglais-espagnole-6.jpg 700w, https:\/\/pmecdvlangues.ca\/wp-content\/uploads\/2020\/12\/clic-monteregie-ecole-de-langue-cours-de-francais-anglais-espagnole-6-300x200.jpg 300w, https:\/\/pmecdvlangues.ca\/wp-content\/uploads\/2020\/12\/clic-monteregie-ecole-de-langue-cours-de-francais-anglais-espagnole-6-600x400.jpg 600w\" sizes=\"auto, (max-width: 640px) 100vw, 640px\" \/>\t\t\t\t\t\t\t\t\t\t\t\t\t\t<\/div>\n\t\t\t\t\t\t<\/div>\n\t\t\t\t<\/div>\n\t\t\t\t<div class=\"elementor-element elementor-element-f126436 elementor-widget elementor-widget-menu-anchor\" data-id=\"f126436\" data-element_type=\"widget\" data-widget_type=\"menu-anchor.default\">\n\t\t\t\t<div class=\"elementor-widget-container\">\n\t\t\t\t\t<div id=\"SIMULATIONS-ET-SCENARIOS-PROFESSIONNELS\" class=\"elementor-menu-anchor\"><\/div>\n\t\t\t\t<\/div>\n\t\t\t\t<\/div>\n\t\t\t\t\t\t<\/div>\n\t\t\t\t\t<\/div>\n\t\t<\/div>\n\t\t\t\t\t\t\t\t<\/div>\n\t\t\t\t\t<\/div>\n\t\t<\/section>\n\t\t\t\t<section class=\"elementor-section elementor-top-section elementor-element elementor-element-db4bb2d elementor-section-stretched elementor-section-content-top elementor-section-boxed elementor-section-height-default elementor-section-height-default\" data-id=\"db4bb2d\" data-element_type=\"section\" data-settings=\"{&quot;stretch_section&quot;:&quot;section-stretched&quot;,&quot;background_background&quot;:&quot;classic&quot;}\">\n\t\t\t\t\t\t<div class=\"elementor-container elementor-column-gap-default\">\n\t\t\t\t\t\t\t<div class=\"elementor-row\">\n\t\t\t\t\t<div class=\"elementor-column elementor-col-50 elementor-top-column elementor-element elementor-element-b050ea7\" data-id=\"b050ea7\" data-element_type=\"column\" data-settings=\"{&quot;background_background&quot;:&quot;classic&quot;}\">\n\t\t\t<div class=\"elementor-column-wrap elementor-element-populated\">\n\t\t\t\t\t\t\t<div class=\"elementor-widget-wrap\">\n\t\t\t\t\t\t<div class=\"elementor-element elementor-element-dc58aaa elementor-widget elementor-widget-rs-heading\" data-id=\"dc58aaa\" data-element_type=\"widget\" data-widget_type=\"rs-heading.default\">\n\t\t\t\t<div class=\"elementor-widget-container\">\n\t\t\t        <div class=\"rs-heading default \">\r\n        \t<div class=\"title-inner\">\r\n        \t\t      \t\t\r\n\t            \t        <\/div>\r\n\t                    \t<div class=\"description\">\r\n            \t\t<p><strong>What challenges does this create for employers, especially in a context of labor shortages?<\/strong><br \/><br \/>Many companies today employ foreign workers who do not speak French. Without appropriate language training, these employees may find themselves in vulnerable situations, both professionally and legally. Non-compliance with the requirements of Bill 96 can lead to sanctions, but it also creates discomfort within teams where communication becomes fragmented. Providing targeted, contextualized, and accessible French-language training helps anticipate these risks while strengthening human capital.<\/p>            \t\t\r\n            \t<\/div>\r\n        \t        <\/div>\r\n        \t\t<\/div>\n\t\t\t\t<\/div>\n\t\t\t\t\t\t<\/div>\n\t\t\t\t\t<\/div>\n\t\t<\/div>\n\t\t\t\t<div class=\"elementor-column elementor-col-50 elementor-top-column elementor-element elementor-element-cc09c45\" data-id=\"cc09c45\" data-element_type=\"column\" data-settings=\"{&quot;background_background&quot;:&quot;classic&quot;}\">\n\t\t\t<div class=\"elementor-column-wrap elementor-element-populated\">\n\t\t\t\t\t\t\t<div class=\"elementor-widget-wrap\">\n\t\t\t\t\t\t<div class=\"elementor-element elementor-element-4f2f679 elementor-widget elementor-widget-rs-heading\" data-id=\"4f2f679\" data-element_type=\"widget\" data-widget_type=\"rs-heading.default\">\n\t\t\t\t<div class=\"elementor-widget-container\">\n\t\t\t        <div class=\"rs-heading default \">\r\n        \t<div class=\"title-inner\">\r\n        \t\t      \t\t\r\n\t            \t        <\/div>\r\n\t                    \t<div class=\"description\">\r\n            \t\t<p><strong>And from a legal standpoint, how does this help employers comply?<\/strong><\/p><p>It\u2019s essential. Article 5 of Bill 96 specifies that consumers\u2019 right to receive services in French applies to all businesses. Our courses prepare employees to interact effectively in French in their roles, whether at the counter, on the phone, or on the production floor.<\/p><p><strong>A word for employers who are still hesitant?<\/strong><\/p><p>French-language training is not a burden. It is an act of proactive management that improves communication, promotes engagement, and ensures legal compliance. It is also a powerful message of inclusion. By choosing to equip their employees with French-language skills, businesses invest in their shared future in Quebec.<\/p>            \t\t\r\n            \t<\/div>\r\n        \t        <\/div>\r\n        \t\t<\/div>\n\t\t\t\t<\/div>\n\t\t\t\t<div class=\"elementor-element elementor-element-7aff0cf elementor-widget elementor-widget-menu-anchor\" data-id=\"7aff0cf\" data-element_type=\"widget\" data-widget_type=\"menu-anchor.default\">\n\t\t\t\t<div class=\"elementor-widget-container\">\n\t\t\t\t\t<div id=\"DEROULEMENT-DE-CHAQUE-COURS\" class=\"elementor-menu-anchor\"><\/div>\n\t\t\t\t<\/div>\n\t\t\t\t<\/div>\n\t\t\t\t\t\t<\/div>\n\t\t\t\t\t<\/div>\n\t\t<\/div>\n\t\t\t\t\t\t\t\t<\/div>\n\t\t\t\t\t<\/div>\n\t\t<\/section>\n\t\t\t\t<section class=\"elementor-section elementor-top-section elementor-element elementor-element-07db7a4 elementor-section-stretched elementor-section-content-middle elementor-section-boxed elementor-section-height-default elementor-section-height-default\" data-id=\"07db7a4\" data-element_type=\"section\" data-settings=\"{&quot;stretch_section&quot;:&quot;section-stretched&quot;,&quot;background_background&quot;:&quot;classic&quot;}\">\n\t\t\t\t\t\t<div class=\"elementor-container elementor-column-gap-default\">\n\t\t\t\t\t\t\t<div class=\"elementor-row\">\n\t\t\t\t\t<div class=\"elementor-column elementor-col-100 elementor-top-column elementor-element elementor-element-74dfe3f\" data-id=\"74dfe3f\" data-element_type=\"column\" data-settings=\"{&quot;background_background&quot;:&quot;classic&quot;}\">\n\t\t\t<div class=\"elementor-column-wrap elementor-element-populated\">\n\t\t\t\t\t\t\t<div class=\"elementor-widget-wrap\">\n\t\t\t\t\t\t<div class=\"elementor-element elementor-element-8f7f8a0 elementor-widget elementor-widget-rs-heading\" data-id=\"8f7f8a0\" data-element_type=\"widget\" data-widget_type=\"rs-heading.default\">\n\t\t\t\t<div class=\"elementor-widget-container\">\n\t\t\t        <div class=\"rs-heading default \">\r\n        \t<div class=\"title-inner\">\r\n        \t\t      \t\t\r\n\t            <h2 class=\"title\"><span class=\"watermark\"><\/span><p style=\"text-align: center\">Evaluation grid<\/p><\/h2>\t        <\/div>\r\n\t                <\/div>\r\n        \t\t<\/div>\n\t\t\t\t<\/div>\n\t\t\t\t<div class=\"elementor-element elementor-element-ec5588e elementor-align-center elementor-widget elementor-widget-button\" data-id=\"ec5588e\" data-element_type=\"widget\" data-widget_type=\"button.default\">\n\t\t\t\t<div class=\"elementor-widget-container\">\n\t\t\t\t\t<div class=\"elementor-button-wrapper\">\n\t\t\t<a href=\"https:\/\/pmecdvlangues.ca\/wp-content\/uploads\/2021\/02\/CECR_grid_english.pdf\" target=\"_blank\" class=\"elementor-button-link elementor-button elementor-size-lg\" role=\"button\">\n\t\t\t\t\t\t<span class=\"elementor-button-content-wrapper\">\n\t\t\t\t\t\t<span class=\"elementor-button-text\">Download the grid here<\/span>\n\t\t<\/span>\n\t\t\t\t\t<\/a>\n\t\t<\/div>\n\t\t\t\t<\/div>\n\t\t\t\t<\/div>\n\t\t\t\t<div class=\"elementor-element elementor-element-c1ed132 elementor-widget elementor-widget-menu-anchor\" data-id=\"c1ed132\" data-element_type=\"widget\" data-widget_type=\"menu-anchor.default\">\n\t\t\t\t<div class=\"elementor-widget-container\">\n\t\t\t\t\t<div id=\"INVESTISSEMENTPERSONNELLEXTRIEURDESCOURS\" class=\"elementor-menu-anchor\"><\/div>\n\t\t\t\t<\/div>\n\t\t\t\t<\/div>\n\t\t\t\t\t\t<\/div>\n\t\t\t\t\t<\/div>\n\t\t<\/div>\n\t\t\t\t\t\t\t\t<\/div>\n\t\t\t\t\t<\/div>\n\t\t<\/section>\n\t\t\t\t\t\t<\/div>\n\t\t\t\t\t\t<\/div>\n\t\t\t\t\t<\/div>\n\t\t","protected":false},"excerpt":{"rendered":"<p>Why has the French-language training of foreign workers become essential for employers in Quebec today? \u00a0Since the adoption of Bill 96 in 2022, the French language has taken on an even more prominent role in the workplace. Article 46 now requires businesses to ensure that their employees are able to communicate in French, both internally&#8230;<\/p>\n","protected":false},"author":1,"featured_media":0,"parent":0,"menu_order":0,"comment_status":"closed","ping_status":"closed","template":"","meta":{"_exactmetrics_skip_tracking":false,"_exactmetrics_sitenote_active":false,"_exactmetrics_sitenote_note":"","_exactmetrics_sitenote_category":0,"footnotes":""},"class_list":["post-10149","page","type-page","status-publish","hentry"],"yoast_head":"<!-- This site is optimized with the Yoast SEO plugin v25.6 - https:\/\/yoast.com\/wordpress\/plugins\/seo\/ -->\n<title>French as a foreign language - PME CDV Langues | For immigrant employees<\/title>\n<meta name=\"description\" content=\"The integration of non-French-speaking or migrant workers in Quebec rests on their ability to communicate in their workplace in the language of the country.\" \/>\n<meta name=\"robots\" content=\"index, follow, max-snippet:-1, max-image-preview:large, max-video-preview:-1\" \/>\n<link rel=\"canonical\" href=\"https:\/\/pmecdvlangues.ca\/en\/francisation\/\" \/>\n<meta property=\"og:locale\" content=\"en_US\" \/>\n<meta property=\"og:type\" content=\"article\" \/>\n<meta property=\"og:title\" content=\"Francisation | PMECDV LANGUES | For immigrant employees\" \/>\n<meta property=\"og:description\" content=\"The integration of non-French-speaking or migrant workers in Quebec rests on their ability to communicate in their workplace in the language of the country.\" \/>\n<meta property=\"og:url\" content=\"https:\/\/pmecdvlangues.ca\/en\/francisation\/\" \/>\n<meta property=\"og:site_name\" content=\"PME CDV Langues\" \/>\n<meta property=\"article:publisher\" content=\"https:\/\/www.facebook.com\/PMECLIC\" \/>\n<meta property=\"article:modified_time\" content=\"2025-12-03T16:26:50+00:00\" \/>\n<meta property=\"og:image\" content=\"https:\/\/pmecdvlangues.ca\/wp-content\/uploads\/2022\/03\/pmecdvlangues.png\" \/>\n\t<meta property=\"og:image:width\" content=\"243\" \/>\n\t<meta property=\"og:image:height\" content=\"54\" \/>\n\t<meta property=\"og:image:type\" content=\"image\/png\" \/>\n<meta name=\"twitter:card\" content=\"summary_large_image\" \/>\n<meta name=\"twitter:title\" content=\"Francisation | PMECDV LANGUES | For immigrant employees\" \/>\n<meta name=\"twitter:description\" content=\"The integration of non-French-speaking or migrant workers in Quebec rests on their ability to communicate in their workplace in the language of the country.\" \/>\n<meta name=\"twitter:image\" content=\"https:\/\/pmecdvlangues.ca\/wp-content\/uploads\/2022\/03\/pmecdvlangues.png\" \/>\n<meta name=\"twitter:label1\" content=\"Est. reading time\" \/>\n\t<meta name=\"twitter:data1\" content=\"2 minutes\" \/>\n<script type=\"application\/ld+json\" class=\"yoast-schema-graph\">{\"@context\":\"https:\/\/schema.org\",\"@graph\":[{\"@type\":\"WebPage\",\"@id\":\"https:\/\/pmecdvlangues.ca\/en\/francisation\/\",\"url\":\"https:\/\/pmecdvlangues.ca\/en\/francisation\/\",\"name\":\"French as a foreign language - PME CDV Langues | For immigrant employees\",\"isPartOf\":{\"@id\":\"https:\/\/pmecdvlangues.ca\/en\/#website\"},\"primaryImageOfPage\":{\"@id\":\"https:\/\/pmecdvlangues.ca\/en\/francisation\/#primaryimage\"},\"image\":{\"@id\":\"https:\/\/pmecdvlangues.ca\/en\/francisation\/#primaryimage\"},\"thumbnailUrl\":\"https:\/\/pmecdvlangues.ca\/wp-content\/uploads\/2020\/12\/clic-monteregie-ecole-de-langue-cours-de-francais-anglais-espagnole-6.jpg\",\"datePublished\":\"2020-12-23T13:13:48+00:00\",\"dateModified\":\"2025-12-03T16:26:50+00:00\",\"description\":\"The integration of non-French-speaking or migrant workers in Quebec rests on their ability to communicate in their workplace in the language of the country.\",\"breadcrumb\":{\"@id\":\"https:\/\/pmecdvlangues.ca\/en\/francisation\/#breadcrumb\"},\"inLanguage\":\"en-US\",\"potentialAction\":[{\"@type\":\"ReadAction\",\"target\":[\"https:\/\/pmecdvlangues.ca\/en\/francisation\/\"]}]},{\"@type\":\"ImageObject\",\"inLanguage\":\"en-US\",\"@id\":\"https:\/\/pmecdvlangues.ca\/en\/francisation\/#primaryimage\",\"url\":\"https:\/\/pmecdvlangues.ca\/wp-content\/uploads\/2020\/12\/clic-monteregie-ecole-de-langue-cours-de-francais-anglais-espagnole-6.jpg\",\"contentUrl\":\"https:\/\/pmecdvlangues.ca\/wp-content\/uploads\/2020\/12\/clic-monteregie-ecole-de-langue-cours-de-francais-anglais-espagnole-6.jpg\"},{\"@type\":\"BreadcrumbList\",\"@id\":\"https:\/\/pmecdvlangues.ca\/en\/francisation\/#breadcrumb\",\"itemListElement\":[{\"@type\":\"ListItem\",\"position\":1,\"name\":\"Home\",\"item\":\"https:\/\/pmecdvlangues.ca\/en\/\"},{\"@type\":\"ListItem\",\"position\":2,\"name\":\"French as a foreign language\"}]},{\"@type\":\"WebSite\",\"@id\":\"https:\/\/pmecdvlangues.ca\/en\/#website\",\"url\":\"https:\/\/pmecdvlangues.ca\/en\/\",\"name\":\"PME CDV Langues\",\"description\":\"\",\"publisher\":{\"@id\":\"https:\/\/pmecdvlangues.ca\/en\/#organization\"},\"potentialAction\":[{\"@type\":\"SearchAction\",\"target\":{\"@type\":\"EntryPoint\",\"urlTemplate\":\"https:\/\/pmecdvlangues.ca\/en\/?s={search_term_string}\"},\"query-input\":{\"@type\":\"PropertyValueSpecification\",\"valueRequired\":true,\"valueName\":\"search_term_string\"}}],\"inLanguage\":\"en-US\"},{\"@type\":\"Organization\",\"@id\":\"https:\/\/pmecdvlangues.ca\/en\/#organization\",\"name\":\"CLIC Mont\u00e9r\u00e9gie\",\"url\":\"https:\/\/pmecdvlangues.ca\/en\/\",\"logo\":{\"@type\":\"ImageObject\",\"inLanguage\":\"en-US\",\"@id\":\"https:\/\/pmecdvlangues.ca\/en\/#\/schema\/logo\/image\/\",\"url\":\"https:\/\/pmecdvlangues.ca\/wp-content\/uploads\/2021\/01\/logo-clic.jpg\",\"contentUrl\":\"https:\/\/pmecdvlangues.ca\/wp-content\/uploads\/2021\/01\/logo-clic.jpg\",\"width\":1000,\"height\":1000,\"caption\":\"CLIC Mont\u00e9r\u00e9gie\"},\"image\":{\"@id\":\"https:\/\/pmecdvlangues.ca\/en\/#\/schema\/logo\/image\/\"},\"sameAs\":[\"https:\/\/www.facebook.com\/PMECLIC\"]}]}<\/script>\n<!-- \/ Yoast SEO plugin. -->","yoast_head_json":{"title":"French as a foreign language - PME CDV Langues | For immigrant employees","description":"The integration of non-French-speaking or migrant workers in Quebec rests on their ability to communicate in their workplace in the language of the country.","robots":{"index":"index","follow":"follow","max-snippet":"max-snippet:-1","max-image-preview":"max-image-preview:large","max-video-preview":"max-video-preview:-1"},"canonical":"https:\/\/pmecdvlangues.ca\/en\/francisation\/","og_locale":"en_US","og_type":"article","og_title":"Francisation | PMECDV LANGUES | For immigrant employees","og_description":"The integration of non-French-speaking or migrant workers in Quebec rests on their ability to communicate in their workplace in the language of the country.","og_url":"https:\/\/pmecdvlangues.ca\/en\/francisation\/","og_site_name":"PME CDV Langues","article_publisher":"https:\/\/www.facebook.com\/PMECLIC","article_modified_time":"2025-12-03T16:26:50+00:00","og_image":[{"width":243,"height":54,"url":"https:\/\/pmecdvlangues.ca\/wp-content\/uploads\/2022\/03\/pmecdvlangues.png","type":"image\/png"}],"twitter_card":"summary_large_image","twitter_title":"Francisation | PMECDV LANGUES | For immigrant employees","twitter_description":"The integration of non-French-speaking or migrant workers in Quebec rests on their ability to communicate in their workplace in the language of the country.","twitter_image":"https:\/\/pmecdvlangues.ca\/wp-content\/uploads\/2022\/03\/pmecdvlangues.png","twitter_misc":{"Est. reading time":"2 minutes"},"schema":{"@context":"https:\/\/schema.org","@graph":[{"@type":"WebPage","@id":"https:\/\/pmecdvlangues.ca\/en\/francisation\/","url":"https:\/\/pmecdvlangues.ca\/en\/francisation\/","name":"French as a foreign language - PME CDV Langues | For immigrant employees","isPartOf":{"@id":"https:\/\/pmecdvlangues.ca\/en\/#website"},"primaryImageOfPage":{"@id":"https:\/\/pmecdvlangues.ca\/en\/francisation\/#primaryimage"},"image":{"@id":"https:\/\/pmecdvlangues.ca\/en\/francisation\/#primaryimage"},"thumbnailUrl":"https:\/\/pmecdvlangues.ca\/wp-content\/uploads\/2020\/12\/clic-monteregie-ecole-de-langue-cours-de-francais-anglais-espagnole-6.jpg","datePublished":"2020-12-23T13:13:48+00:00","dateModified":"2025-12-03T16:26:50+00:00","description":"The integration of non-French-speaking or migrant workers in Quebec rests on their ability to communicate in their workplace in the language of the country.","breadcrumb":{"@id":"https:\/\/pmecdvlangues.ca\/en\/francisation\/#breadcrumb"},"inLanguage":"en-US","potentialAction":[{"@type":"ReadAction","target":["https:\/\/pmecdvlangues.ca\/en\/francisation\/"]}]},{"@type":"ImageObject","inLanguage":"en-US","@id":"https:\/\/pmecdvlangues.ca\/en\/francisation\/#primaryimage","url":"https:\/\/pmecdvlangues.ca\/wp-content\/uploads\/2020\/12\/clic-monteregie-ecole-de-langue-cours-de-francais-anglais-espagnole-6.jpg","contentUrl":"https:\/\/pmecdvlangues.ca\/wp-content\/uploads\/2020\/12\/clic-monteregie-ecole-de-langue-cours-de-francais-anglais-espagnole-6.jpg"},{"@type":"BreadcrumbList","@id":"https:\/\/pmecdvlangues.ca\/en\/francisation\/#breadcrumb","itemListElement":[{"@type":"ListItem","position":1,"name":"Home","item":"https:\/\/pmecdvlangues.ca\/en\/"},{"@type":"ListItem","position":2,"name":"French as a foreign language"}]},{"@type":"WebSite","@id":"https:\/\/pmecdvlangues.ca\/en\/#website","url":"https:\/\/pmecdvlangues.ca\/en\/","name":"PME CDV Langues","description":"","publisher":{"@id":"https:\/\/pmecdvlangues.ca\/en\/#organization"},"potentialAction":[{"@type":"SearchAction","target":{"@type":"EntryPoint","urlTemplate":"https:\/\/pmecdvlangues.ca\/en\/?s={search_term_string}"},"query-input":{"@type":"PropertyValueSpecification","valueRequired":true,"valueName":"search_term_string"}}],"inLanguage":"en-US"},{"@type":"Organization","@id":"https:\/\/pmecdvlangues.ca\/en\/#organization","name":"CLIC Mont\u00e9r\u00e9gie","url":"https:\/\/pmecdvlangues.ca\/en\/","logo":{"@type":"ImageObject","inLanguage":"en-US","@id":"https:\/\/pmecdvlangues.ca\/en\/#\/schema\/logo\/image\/","url":"https:\/\/pmecdvlangues.ca\/wp-content\/uploads\/2021\/01\/logo-clic.jpg","contentUrl":"https:\/\/pmecdvlangues.ca\/wp-content\/uploads\/2021\/01\/logo-clic.jpg","width":1000,"height":1000,"caption":"CLIC Mont\u00e9r\u00e9gie"},"image":{"@id":"https:\/\/pmecdvlangues.ca\/en\/#\/schema\/logo\/image\/"},"sameAs":["https:\/\/www.facebook.com\/PMECLIC"]}]}},"_links":{"self":[{"href":"https:\/\/pmecdvlangues.ca\/en\/wp-json\/wp\/v2\/pages\/10149","targetHints":{"allow":["GET"]}}],"collection":[{"href":"https:\/\/pmecdvlangues.ca\/en\/wp-json\/wp\/v2\/pages"}],"about":[{"href":"https:\/\/pmecdvlangues.ca\/en\/wp-json\/wp\/v2\/types\/page"}],"author":[{"embeddable":true,"href":"https:\/\/pmecdvlangues.ca\/en\/wp-json\/wp\/v2\/users\/1"}],"replies":[{"embeddable":true,"href":"https:\/\/pmecdvlangues.ca\/en\/wp-json\/wp\/v2\/comments?post=10149"}],"version-history":[{"count":7,"href":"https:\/\/pmecdvlangues.ca\/en\/wp-json\/wp\/v2\/pages\/10149\/revisions"}],"predecessor-version":[{"id":12539,"href":"https:\/\/pmecdvlangues.ca\/en\/wp-json\/wp\/v2\/pages\/10149\/revisions\/12539"}],"wp:attachment":[{"href":"https:\/\/pmecdvlangues.ca\/en\/wp-json\/wp\/v2\/media?parent=10149"}],"curies":[{"name":"wp","href":"https:\/\/api.w.org\/{rel}","templated":true}]}}